{"id":672,"date":"2017-08-22T10:42:38","date_gmt":"2017-08-22T08:42:38","guid":{"rendered":"https:\/\/klubb.ungoteket.se\/orientering\/?page_id=672"},"modified":"2018-10-23T14:46:06","modified_gmt":"2018-10-23T12:46:06","slug":"ungoteket-2015-2016","status":"publish","type":"page","link":"https:\/\/klubb.ungoteket.se\/orientering\/ungoteket-2015-2016\/","title":{"rendered":"Ungoteket 2015-2016"},"content":{"rendered":"\n<style type=\"text\/css\" data-created_by=\"avia_inline_auto\" id=\"style-css-av-av_one_full-6126cab7d8fab8d08143dd2dacdf673c\">\n.flex_column.av-av_one_full-6126cab7d8fab8d08143dd2dacdf673c{\nborder-radius:0px 0px 0px 0px;\npadding:0px 0px 0px 0px;\n}\n<\/style>\n<div  class='flex_column av-av_one_full-6126cab7d8fab8d08143dd2dacdf673c av_one_full  avia-builder-el-0  el_before_av_one_half  avia-builder-el-first  first flex_column_div av-zero-column-padding  '     ><div  class='avia-slideshow av-av_slideshow-decf2e40aa5bdea2cac0a68be5ce4117 avia-slideshow-featured av_slideshow avia-slide-slider  avia-builder-el-1  avia-builder-el-no-sibling  av-slideshow-ui av-control-default av-slideshow-manual av-loop-once av-loop-manual-endless av-default-height-applied avia-slideshow-1' data-slideshow-options=\"{&quot;animation&quot;:&quot;slide&quot;,&quot;autoplay&quot;:false,&quot;loop_autoplay&quot;:&quot;once&quot;,&quot;interval&quot;:5,&quot;loop_manual&quot;:&quot;manual-endless&quot;,&quot;autoplay_stopper&quot;:false,&quot;noNavigation&quot;:false,&quot;bg_slider&quot;:false,&quot;keep_padding&quot;:false,&quot;hoverpause&quot;:false,&quot;show_slide_delay&quot;:0}\"  itemprop=\"image\" itemscope=\"itemscope\" itemtype=\"https:\/\/schema.org\/ImageObject\" ><ul class='avia-slideshow-inner ' style='padding-bottom: 28.6666666667%;'><\/ul><\/div><\/div>\n\n<style type=\"text\/css\" data-created_by=\"avia_inline_auto\" id=\"style-css-av-av_one_half-6126cab7d8fab8d08143dd2dacdf673c\">\n.flex_column.av-av_one_half-6126cab7d8fab8d08143dd2dacdf673c{\nborder-radius:0px 0px 0px 0px;\npadding:0px 0px 0px 0px;\n}\n<\/style>\n<div  class='flex_column av-av_one_half-6126cab7d8fab8d08143dd2dacdf673c av_one_half  avia-builder-el-2  el_after_av_one_full  el_before_av_one_third  first flex_column_div av-zero-column-padding  column-top-margin'     ><style type=\"text\/css\" data-created_by=\"avia_inline_auto\" id=\"style-css-av-av_heading-bc5fbe10e16812e3d02616464f5d5525\">\n#top .av-special-heading.av-av_heading-bc5fbe10e16812e3d02616464f5d5525{\npadding-bottom:10px;\n}\nbody .av-special-heading.av-av_heading-bc5fbe10e16812e3d02616464f5d5525 .av-special-heading-tag .heading-char{\nfont-size:25px;\n}\n.av-special-heading.av-av_heading-bc5fbe10e16812e3d02616464f5d5525 .av-subheading{\nfont-size:15px;\n}\n<\/style>\n<div  class='av-special-heading av-av_heading-bc5fbe10e16812e3d02616464f5d5525 av-special-heading-h3  avia-builder-el-3  avia-builder-el-no-sibling '><h3 class='av-special-heading-tag '  itemprop=\"headline\"  >H\u00e4r kan du l\u00e4sa om vilka f\u00f6reningar som var med 2015-2016 och vilka f\u00f6reningsprojekt de genomf\u00f6rde<\/h3><div class=\"special-heading-border\"><div class=\"special-heading-inner-border\"><\/div><\/div><\/div><\/div>\n\n<style type=\"text\/css\" data-created_by=\"avia_inline_auto\" id=\"style-css-av-av_one_third-0aa7055fe62c3622faec82866afbaeb2\">\n.flex_column.av-av_one_third-0aa7055fe62c3622faec82866afbaeb2{\nborder-radius:0px 0px 0px 0px;\npadding:0px 0px 0px 0px;\n}\n<\/style>\n<div  class='flex_column av-av_one_third-0aa7055fe62c3622faec82866afbaeb2 av_one_third  avia-builder-el-4  el_after_av_one_half  avia-builder-el-last  flex_column_div av-zero-column-padding  column-top-margin'     ><p>\n<style type=\"text\/css\" data-created_by=\"avia_inline_auto\" id=\"style-css-av-av_heading-a8ab47216ff37e4276c67ebde4568d76\">\n#top .av-special-heading.av-av_heading-a8ab47216ff37e4276c67ebde4568d76{\npadding-bottom:10px;\n}\nbody .av-special-heading.av-av_heading-a8ab47216ff37e4276c67ebde4568d76 .av-special-heading-tag .heading-char{\nfont-size:25px;\n}\n.av-special-heading.av-av_heading-a8ab47216ff37e4276c67ebde4568d76 .av-subheading{\nfont-size:15px;\n}\n<\/style>\n<div  class='av-special-heading av-av_heading-a8ab47216ff37e4276c67ebde4568d76 av-special-heading-h3  avia-builder-el-5  el_before_av_button  avia-builder-el-first '><h3 class='av-special-heading-tag '  itemprop=\"headline\"  >Anm\u00e4lda f\u00f6reningar<\/h3><div class=\"special-heading-border\"><div class=\"special-heading-inner-border\"><\/div><\/div><\/div><br \/>\n<div  class='avia-button-wrap av-av_button-1121dc4fbd9715fbce81cd0e587ee429-wrap avia-button-center  avia-builder-el-6  el_after_av_heading  el_before_av_textblock '><a href='http:\/\/idrottonline.se\/HjobygdensOK-Orientering\/' class='avia-button av-av_button-1121dc4fbd9715fbce81cd0e587ee429 av-link-btn avia-icon_select-yes-left-icon avia-size-large avia-position-center avia-color-theme-color' target=\"_blank\" rel=\"noopener noreferrer\" aria-label=\"Hjobygdens OK\"><span class='avia_button_icon avia_button_icon_left' aria-hidden='true' data-av_icon='\ue800' data-av_iconfont='fontello'><\/span><span class='avia_iconbox_title' >Hjobygdens OK<\/span><\/a><\/div><br \/>\n<section  class='av_textblock_section av-av_textblock-2de302bf1aa3cf4c9157dbe6f50ac7eb '   itemscope=\"itemscope\" itemtype=\"https:\/\/schema.org\/CreativeWork\" ><div class='avia_textblock'  itemprop=\"text\" ><p><a href=\"http:\/\/idrottonline.se\/HjobygdensOK-Orientering\/Nyheter\/nyheterfranhbok\/Nyhetsarkiv\/Lyckadsprintistadsparken\" target=\"_blank\" rel=\"noopener\"><strong>F\u00f6reningsprojekt:<\/strong>\u00a0Prova p\u00e5-sprint i Stadsparken<\/a><\/p>\n<\/div><\/section><br \/>\n<div  class='avia-button-wrap av-av_button-48117653103f2f2606538e75a39d022b-wrap avia-button-center  avia-builder-el-8  el_after_av_textblock  el_before_av_textblock '><a href='http:\/\/www.ikgandvik.se\/' class='avia-button av-av_button-48117653103f2f2606538e75a39d022b av-link-btn avia-icon_select-yes-left-icon avia-size-large avia-position-center avia-color-theme-color' target=\"_blank\" rel=\"noopener noreferrer\" aria-label=\"IK Gandvik\"><span class='avia_button_icon avia_button_icon_left' aria-hidden='true' data-av_icon='\ue800' data-av_iconfont='fontello'><\/span><span class='avia_iconbox_title' >IK Gandvik<\/span><\/a><\/div><br \/>\n<section  class='av_textblock_section av-av_textblock-396ddf1f42196ca838231e61a4602801 '   itemscope=\"itemscope\" itemtype=\"https:\/\/schema.org\/CreativeWork\" ><div class='avia_textblock'  itemprop=\"text\" ><p><strong>F\u00f6reningsprojekt:\u00a0<\/strong>Knatteknat under Sommarlandssprinten<\/p>\n<\/div><\/section><br \/>\n<div  class='avia-button-wrap av-av_button-29e4b28862ec9ebf6ce0ac2db9d0c754-wrap avia-button-center  avia-builder-el-10  el_after_av_textblock  el_before_av_textblock '><a href='http:\/\/www.hestraif.se\/' class='avia-button av-av_button-29e4b28862ec9ebf6ce0ac2db9d0c754 av-link-btn avia-icon_select-yes-left-icon avia-size-large avia-position-center avia-color-theme-color' target=\"_blank\" rel=\"noopener noreferrer\" aria-label=\"Hestra IF\"><span class='avia_button_icon avia_button_icon_left' aria-hidden='true' data-av_icon='\ue800' data-av_iconfont='fontello'><\/span><span class='avia_iconbox_title' >Hestra IF<\/span><\/a><\/div><br \/>\n<section  class='av_textblock_section av-av_textblock-2de302bf1aa3cf4c9157dbe6f50ac7eb '   itemscope=\"itemscope\" itemtype=\"https:\/\/schema.org\/CreativeWork\" ><div class='avia_textblock'  itemprop=\"text\" ><p><a href=\"http:\/\/www.hestraif.se\/klubblager\/\" target=\"_blank\" rel=\"noopener\"><strong>F\u00f6reningsprojekt:\u00a0<\/strong>Klubbl\u00e4ger i Sk\u00f6vde<\/a><\/p>\n<\/div><\/section><br \/>\n<div  class='avia-button-wrap av-av_button-6fd47099bc9af7d18cb37fe9b7419dba-wrap avia-button-center  avia-builder-el-12  el_after_av_textblock  el_before_av_textblock '><a href='http:\/\/vsk.gotanet.se\/' class='avia-button av-av_button-6fd47099bc9af7d18cb37fe9b7419dba av-link-btn avia-icon_select-yes-left-icon avia-size-large avia-position-center avia-color-theme-color' target=\"_blank\" rel=\"noopener noreferrer\" aria-label=\"V\u00e4nersborgs SK\"><span class='avia_button_icon avia_button_icon_left' aria-hidden='true' data-av_icon='\ue800' data-av_iconfont='fontello'><\/span><span class='avia_iconbox_title' >V\u00e4nersborgs SK<\/span><\/a><\/div><br \/>\n<section  class='av_textblock_section av-av_textblock-2de302bf1aa3cf4c9157dbe6f50ac7eb '   itemscope=\"itemscope\" itemtype=\"https:\/\/schema.org\/CreativeWork\" ><div class='avia_textblock'  itemprop=\"text\" ><p><a href=\"http:\/\/vsk.gotanet.se\/2016\/06\/19\/taltlager-i-skidstugan-ungdomar-6-12-ar\/\" target=\"_blank\" rel=\"noopener\"><strong>F\u00f6reningsprojekt:\u00a0<\/strong>Klubbl\u00e4ger p\u00e5 hemmaplan<\/a><\/p>\n<\/div><\/section><\/p><\/div>\n","protected":false},"excerpt":{"rendered":"","protected":false},"author":1,"featured_media":0,"parent":0,"menu_order":0,"comment_status":"closed","ping_status":"closed","template":"","meta":{"footnotes":""},"_links":{"self":[{"href":"https:\/\/klubb.ungoteket.se\/orientering\/wp-json\/wp\/v2\/pages\/672"}],"collection":[{"href":"https:\/\/klubb.ungoteket.se\/orientering\/wp-json\/wp\/v2\/pages"}],"about":[{"href":"https:\/\/klubb.ungoteket.se\/orientering\/wp-json\/wp\/v2\/types\/page"}],"author":[{"embeddable":true,"href":"https:\/\/klubb.ungoteket.se\/orientering\/wp-json\/wp\/v2\/users\/1"}],"replies":[{"embeddable":true,"href":"https:\/\/klubb.ungoteket.se\/orientering\/wp-json\/wp\/v2\/comments?post=672"}],"version-history":[{"count":1,"href":"https:\/\/klubb.ungoteket.se\/orientering\/wp-json\/wp\/v2\/pages\/672\/revisions"}],"predecessor-version":[{"id":5491,"href":"https:\/\/klubb.ungoteket.se\/orientering\/wp-json\/wp\/v2\/pages\/672\/revisions\/5491"}],"wp:attachment":[{"href":"https:\/\/klubb.ungoteket.se\/orientering\/wp-json\/wp\/v2\/media?parent=672"}],"curies":[{"name":"wp","href":"https:\/\/api.w.org\/{rel}","templated":true}]}}