{"id":5709,"date":"2023-12-05T16:46:28","date_gmt":"2023-12-05T15:46:28","guid":{"rendered":"https:\/\/klubb.ungoteket.se\/orientering\/?page_id=5709"},"modified":"2023-12-05T16:59:19","modified_gmt":"2023-12-05T15:59:19","slug":"ungoteket-skane-2023","status":"publish","type":"page","link":"https:\/\/klubb.ungoteket.se\/orientering\/ungoteket-skane-2023\/","title":{"rendered":"Ungoteket Sk\u00e5ne 2023"},"content":{"rendered":"\n<style type=\"text\/css\" data-created_by=\"avia_inline_auto\" id=\"style-css-av-wq33e0-fad2c5f76ad7ef22fbfa9bc164f87b44\">\n.flex_column.av-wq33e0-fad2c5f76ad7ef22fbfa9bc164f87b44{\nborder-radius:0px 0px 0px 0px;\npadding:0px 0px 0px 0px;\n}\n<\/style>\n<div  class='flex_column av-wq33e0-fad2c5f76ad7ef22fbfa9bc164f87b44 av_one_full  avia-builder-el-0  el_before_av_one_half  avia-builder-el-first  first flex_column_div av-zero-column-padding  '     ><div  class='avia-slideshow av-umbons-c89c50cb809d628597ba6bbed45ef070 avia-slideshow-featured_large av_slideshow avia-slide-slider  avia-builder-el-1  avia-builder-el-no-sibling  av-slideshow-ui av-control-default av-slideshow-autoplay av-loop-endless av-loop-manual-endless av-default-height-applied avia-slideshow-1' data-slideshow-options=\"{&quot;animation&quot;:&quot;slide&quot;,&quot;autoplay&quot;:true,&quot;loop_autoplay&quot;:&quot;endless&quot;,&quot;interval&quot;:5,&quot;loop_manual&quot;:&quot;manual-endless&quot;,&quot;autoplay_stopper&quot;:false,&quot;noNavigation&quot;:false,&quot;bg_slider&quot;:false,&quot;keep_padding&quot;:false,&quot;hoverpause&quot;:false,&quot;show_slide_delay&quot;:0}\"  itemprop=\"image\" itemscope=\"itemscope\" itemtype=\"https:\/\/schema.org\/ImageObject\" ><ul class='avia-slideshow-inner ' style='padding-bottom: 42%;'><li  class='avia-slideshow-slide av-umbons-c89c50cb809d628597ba6bbed45ef070__0  av-single-slide slide-1 slide-odd'><div data-rel='slideshow-1' class='avia-slide-wrap '   ><img decoding=\"async\" fetchpriority=\"high\" class=\"wp-image-3993 avia-img-lazy-loading-not-3993\"  src=\"https:\/\/klubb.ungoteket.se\/orientering\/wp-content\/uploads\/sites\/4\/2020\/02\/Ungoteket-tr\u00e4ff-2-1-1500x630.jpg\" width=\"1500\" height=\"630\" title='Ungoteket tr\u00e4ff 2' alt=''  itemprop=\"thumbnailUrl\"   \/><\/div><\/li><\/ul><div class='av-slideshow-caption av-umbons-c89c50cb809d628597ba6bbed45ef070__0 avia-caption'><div class=\"avia-inner-caption\"><h2 class='avia-caption-title '  itemprop=\"name\" >Ungoteket Sk\u00e5ne 2023<\/h2><\/div><\/div><\/div><\/div>\n<style type=\"text\/css\" data-created_by=\"avia_inline_auto\" id=\"style-css-av-rmvdeg-c3dd4848ab00085c6da1a7c84da52357\">\n.flex_column.av-rmvdeg-c3dd4848ab00085c6da1a7c84da52357{\nborder-radius:0px 0px 0px 0px;\npadding:0px 0px 0px 0px;\n}\n<\/style>\n<div  class='flex_column av-rmvdeg-c3dd4848ab00085c6da1a7c84da52357 av_one_half  avia-builder-el-2  el_after_av_one_full  el_before_av_one_half  first flex_column_div av-zero-column-padding  column-top-margin'     ><p>\n<style type=\"text\/css\" data-created_by=\"avia_inline_auto\" id=\"style-css-av-4xip13-b25dfc382179756e2226be76fbbc5868\">\n#top .av-special-heading.av-4xip13-b25dfc382179756e2226be76fbbc5868{\npadding-bottom:10px;\n}\nbody .av-special-heading.av-4xip13-b25dfc382179756e2226be76fbbc5868 .av-special-heading-tag .heading-char{\nfont-size:25px;\n}\n.av-special-heading.av-4xip13-b25dfc382179756e2226be76fbbc5868 .av-subheading{\nfont-size:15px;\n}\n<\/style>\n<div  class='av-special-heading av-4xip13-b25dfc382179756e2226be76fbbc5868 av-special-heading-h3  avia-builder-el-3  el_before_av_textblock  avia-builder-el-first '><h3 class='av-special-heading-tag '  itemprop=\"headline\"  >V\u00e4lkommen till Ungoteket Sk\u00e5ne!<\/h3><div class=\"special-heading-border\"><div class=\"special-heading-inner-border\"><\/div><\/div><\/div><br \/>\n<section  class='av_textblock_section av-nxuhpk-cc117ff7d3980f2df7f9416d95c87eda '   itemscope=\"itemscope\" itemtype=\"https:\/\/schema.org\/CreativeWork\" ><div class='avia_textblock'  itemprop=\"text\" ><p>Ungoteket Sk\u00e5ne \u00e4r f\u00f6r ungdomar f\u00f6dda 2009 eller tidigare.<\/p>\n<p>H\u00e4r hittar du information om n\u00e4r och var tr\u00e4ffarna \u00e4r samt vad som h\u00e4nder p\u00e5 varje tr\u00e4ff. Ut\u00f6ver tr\u00e4ffarna planerar och genomf\u00f6r ni ert f\u00f6reningsprojekt. Efter sommaren tr\u00e4ffas vi alla igen f\u00f6r att umg\u00e5s, utv\u00e4rdera och blicka fram\u00e5t.<\/p>\n<p>Har du fr\u00e5gor? H\u00f6r av dig till projektledare <a href=\"mailto:ungoteket@skanesof.se\">Axel Matsson<\/a>.<\/p>\n<h3><a href=\"https:\/\/docs.google.com\/forms\/d\/1zVtLzl3dP13NjhW0iyOQ1C1B8IZ0I4XO7k8QDNiPAjI\/edit\">Klicka h\u00e4r f\u00f6r att anm\u00e4la dig<\/a><\/h3>\n<\/div><\/section><br \/>\n\n<style type=\"text\/css\" data-created_by=\"avia_inline_auto\" id=\"style-css-av-2rvzgn-c7e3a41d5cc76e315edba700f4aceeb5\">\n#top .av-special-heading.av-2rvzgn-c7e3a41d5cc76e315edba700f4aceeb5{\npadding-bottom:10px;\n}\nbody .av-special-heading.av-2rvzgn-c7e3a41d5cc76e315edba700f4aceeb5 .av-special-heading-tag .heading-char{\nfont-size:25px;\n}\n.av-special-heading.av-2rvzgn-c7e3a41d5cc76e315edba700f4aceeb5 .av-subheading{\nfont-size:15px;\n}\n<\/style>\n<div  class='av-special-heading av-2rvzgn-c7e3a41d5cc76e315edba700f4aceeb5 av-special-heading-h3 blockquote modern-quote modern-centered  avia-builder-el-5  el_after_av_textblock  el_before_av_button '><h3 class='av-special-heading-tag '  itemprop=\"headline\"  >Anm\u00e4lda f\u00f6reningar<\/h3><div class=\"special-heading-border\"><div class=\"special-heading-inner-border\"><\/div><\/div><\/div><br \/>\n<div  class='avia-button-wrap av-k4wkuw-7fca6141903d1b15d0848ad8c8fc207d-wrap avia-button-center  avia-builder-el-6  el_after_av_heading  el_before_av_button '><a href='https:\/\/tormestorpsif.kanslietonline.se\/' class='avia-button av-k4wkuw-7fca6141903d1b15d0848ad8c8fc207d av-link-btn avia-icon_select-no avia-size-large avia-position-center avia-color-theme-color' target=\"_blank\" rel=\"noopener noreferrer\" aria-label=\"Tormestorps IF\"><span class='avia_iconbox_title' >Tormestorps IF<\/span><\/a><\/div><br \/>\n<div  class='avia-button-wrap av-k4wkuw-f0081464ad8fbbc225150c00f8bff3ed-wrap avia-button-center  avia-builder-el-7  el_after_av_button  el_before_av_textblock '><a href='https:\/\/hassleholmsok.se\/' class='avia-button av-k4wkuw-f0081464ad8fbbc225150c00f8bff3ed av-link-btn avia-icon_select-no avia-size-large avia-position-center avia-color-theme-color' target=\"_blank\" rel=\"noopener noreferrer\" aria-label=\"H\u00e4ssleholms OK\"><span class='avia_iconbox_title' >H\u00e4ssleholms OK<\/span><\/a><\/div><br \/>\n<section  class='av_textblock_section av-jtipiyct-9424e0e63f449aac317099d9b78a687e '   itemscope=\"itemscope\" itemtype=\"https:\/\/schema.org\/CreativeWork\" ><div class='avia_textblock'  itemprop=\"text\" ><p>F\u00f6reningsprojekt:<\/p>\n<\/div><\/section><br \/>\n<div  class='avia-button-wrap av-k4wkuw-c2736e25fe75d47826440323c5b47c2f-wrap avia-button-center  avia-builder-el-9  el_after_av_textblock  el_before_av_button '><a href='https:\/\/eventor.orientering.se\/Events\/Show\/46169' class='avia-button av-k4wkuw-c2736e25fe75d47826440323c5b47c2f av-link-btn avia-icon_select-no avia-size-large avia-position-center avia-color-theme-color' target=\"_blank\" rel=\"noopener noreferrer\" aria-label=\"Ljungdalasprinten\"><span class='avia_iconbox_title' >Ljungdalasprinten<\/span><\/a><\/div><br \/>\n<div  class='avia-button-wrap av-k4wkuw-3b4c80cf271293d22b9283d0a538be7c-wrap avia-button-center  avia-builder-el-10  el_after_av_button  avia-builder-el-last '><a href='https:\/\/eventor.orientering.se\/Events\/Show\/46386' class='avia-button av-k4wkuw-3b4c80cf271293d22b9283d0a538be7c av-link-btn avia-icon_select-no avia-size-large avia-position-center avia-color-theme-color' target=\"_blank\" rel=\"noopener noreferrer\" aria-label=\"Tormestorpsl\u00e5ngen\"><span class='avia_iconbox_title' >Tormestorpsl\u00e5ngen<\/span><\/a><\/div><\/p><\/div><\/p>\n\n<style type=\"text\/css\" data-created_by=\"avia_inline_auto\" id=\"style-css-av-dj9u6g-dee6e3923dc27d5b752864d8152a4d8f\">\n.flex_column.av-dj9u6g-dee6e3923dc27d5b752864d8152a4d8f{\nborder-radius:0px 0px 0px 0px;\npadding:0px 0px 0px 0px;\n}\n<\/style>\n<div  class='flex_column av-dj9u6g-dee6e3923dc27d5b752864d8152a4d8f av_one_half  avia-builder-el-11  el_after_av_one_half  avia-builder-el-last  flex_column_div av-zero-column-padding  column-top-margin'     ><p>\n<style type=\"text\/css\" data-created_by=\"avia_inline_auto\" id=\"style-css-av-2v6q5j-c825f36f94ebf00a2d44d930948f8f8c\">\n#top .av-special-heading.av-2v6q5j-c825f36f94ebf00a2d44d930948f8f8c{\npadding-bottom:10px;\n}\nbody .av-special-heading.av-2v6q5j-c825f36f94ebf00a2d44d930948f8f8c .av-special-heading-tag .heading-char{\nfont-size:25px;\n}\n.av-special-heading.av-2v6q5j-c825f36f94ebf00a2d44d930948f8f8c .av-subheading{\nfont-size:15px;\n}\n<\/style>\n<div  class='av-special-heading av-2v6q5j-c825f36f94ebf00a2d44d930948f8f8c av-special-heading-h3  avia-builder-el-12  el_before_av_textblock  avia-builder-el-first  av-linked-heading'><h3 class='av-special-heading-tag '  itemprop=\"headline\"  >Program 2023<\/h3><div class=\"special-heading-border\"><div class=\"special-heading-inner-border\"><\/div><\/div><\/div><br \/>\n<section  class='av_textblock_section av-jtipiyct-3a54ad2658288551c21620662996ac2d '   itemscope=\"itemscope\" itemtype=\"https:\/\/schema.org\/CreativeWork\" ><div class='avia_textblock'  itemprop=\"text\" ><header class=\"entry-content-header\">\n<h4 class=\"iconbox_content_title \">Tr\u00e4ff 1: 17-19\/3<\/h4>\n<\/header>\n<div class=\"iconbox_content_container \">\n<p>Tid: Fredag kv\u00e4ll till s\u00f6ndag eftermiddag<br \/>\nPlats: Planeras<br \/>\nUtbildningar (Arrangera, Ledarskap, Orienterings-IT)<\/p>\n<\/div>\n<\/div><\/section><br \/>\n<section  class='av_textblock_section av-jtipiyct-3a54ad2658288551c21620662996ac2d '   itemscope=\"itemscope\" itemtype=\"https:\/\/schema.org\/CreativeWork\" ><div class='avia_textblock'  itemprop=\"text\" ><h4>Tr\u00e4ff 2: 15\/4-16\/4<\/h4>\n<p>Tid: L\u00f6rdag eftermiddag till s\u00f6ndag morgon<br \/>\nPlats: Planeras, men i anslutning till helgens t\u00e4vlingar<br \/>\nUtbildning: Banl\u00e4ggning<\/p>\n<\/div><\/section><br \/>\n<section  class='av_textblock_section av-jtipiyct-3a54ad2658288551c21620662996ac2d '   itemscope=\"itemscope\" itemtype=\"https:\/\/schema.org\/CreativeWork\" ><div class='avia_textblock'  itemprop=\"text\" ><h4>Tr\u00e4ff 3: 29\/4-30\/4<\/h4>\n<p>Tid: L\u00f6rdag eftermiddag till s\u00f6ndag morgon<br \/>\nPlats: Planeras, men i anslutning till helgens t\u00e4vlingar<br \/>\nUtbildning: Kartritning<\/p>\n<\/div><\/section><br \/>\n<section  class='av_textblock_section av-jtipiyct-3a54ad2658288551c21620662996ac2d '   itemscope=\"itemscope\" itemtype=\"https:\/\/schema.org\/CreativeWork\" ><div class='avia_textblock'  itemprop=\"text\" ><h4>Digitala tr\u00e4ffar<\/h4>\n<p>Ut\u00f6ver dessa tre tr\u00e4ffar kommer vi anordna tv\u00e5 digitala tr\u00e4ffar. D\u00e4r kommer vi att g\u00e5 igenom utbildningsdelarna Idrottsf\u00f6reningen och Information och kommunikation. Tidpunkt f\u00f6r dess tv\u00e5 tr\u00e4ffar best\u00e4ms p\u00e5 tr\u00e4ff 1.<\/p>\n<\/div><\/section><br \/>\n<section  class='av_textblock_section av-jtipiyct-3a54ad2658288551c21620662996ac2d '   itemscope=\"itemscope\" itemtype=\"https:\/\/schema.org\/CreativeWork\" ><div class='avia_textblock'  itemprop=\"text\" ><h4>\u00c5tertr\u00e4ff: Efter sommaren<\/h4>\n<p>Tid: Planeras<br \/>\nPlats: Planeras<\/p>\n<\/div><\/section><br \/>\n<div  class='hr av-uskyg-c362abfa8d55beded1eec564ea470ad8 hr-default  avia-builder-el-18  el_after_av_textblock  avia-builder-el-last '><span class='hr-inner '><span class=\"hr-inner-style\"><\/span><\/span><\/div><\/p><\/div>\n","protected":false},"excerpt":{"rendered":"","protected":false},"author":1,"featured_media":0,"parent":0,"menu_order":0,"comment_status":"closed","ping_status":"closed","template":"","meta":{"footnotes":""},"_links":{"self":[{"href":"https:\/\/klubb.ungoteket.se\/orientering\/wp-json\/wp\/v2\/pages\/5709"}],"collection":[{"href":"https:\/\/klubb.ungoteket.se\/orientering\/wp-json\/wp\/v2\/pages"}],"about":[{"href":"https:\/\/klubb.ungoteket.se\/orientering\/wp-json\/wp\/v2\/types\/page"}],"author":[{"embeddable":true,"href":"https:\/\/klubb.ungoteket.se\/orientering\/wp-json\/wp\/v2\/users\/1"}],"replies":[{"embeddable":true,"href":"https:\/\/klubb.ungoteket.se\/orientering\/wp-json\/wp\/v2\/comments?post=5709"}],"version-history":[{"count":5,"href":"https:\/\/klubb.ungoteket.se\/orientering\/wp-json\/wp\/v2\/pages\/5709\/revisions"}],"predecessor-version":[{"id":5721,"href":"https:\/\/klubb.ungoteket.se\/orientering\/wp-json\/wp\/v2\/pages\/5709\/revisions\/5721"}],"wp:attachment":[{"href":"https:\/\/klubb.ungoteket.se\/orientering\/wp-json\/wp\/v2\/media?parent=5709"}],"curies":[{"name":"wp","href":"https:\/\/api.w.org\/{rel}","templated":true}]}}