{"id":535,"date":"2017-06-13T14:32:03","date_gmt":"2017-06-13T12:32:03","guid":{"rendered":"https:\/\/klubb.ungoteket.se\/orientering\/?page_id=535"},"modified":"2023-01-04T15:48:34","modified_gmt":"2023-01-04T14:48:34","slug":"forslag-pa-foreningsprojekt","status":"publish","type":"page","link":"https:\/\/klubb.ungoteket.se\/orientering\/forslag-pa-foreningsprojekt\/","title":{"rendered":"F\u00f6rslag p\u00e5 f\u00f6reningsprojekt"},"content":{"rendered":"\n<style type=\"text\/css\" data-created_by=\"avia_inline_auto\" id=\"style-css-av-7lgze7-bcfd732a2fb85f0229580e3fe0bcca94\">\n.flex_column.av-7lgze7-bcfd732a2fb85f0229580e3fe0bcca94{\nborder-radius:0px 0px 0px 0px;\npadding:0px 0px 0px 0px;\n}\n<\/style>\n<div  class='flex_column av-7lgze7-bcfd732a2fb85f0229580e3fe0bcca94 av_one_full  avia-builder-el-0  el_before_av_one_full  avia-builder-el-first  first flex_column_div av-zero-column-padding  '     ><div  class='avia-slideshow av-7e8hb3-623eece64644c7c9b43b1643493a51ce avia-slideshow-featured_large av_slideshow avia-slide-slider  avia-builder-el-1  avia-builder-el-no-sibling  av-slideshow-ui av-control-default av-slideshow-autoplay av-loop-endless av-loop-manual-endless av-default-height-applied avia-slideshow-1' data-slideshow-options=\"{&quot;animation&quot;:&quot;slide&quot;,&quot;autoplay&quot;:true,&quot;loop_autoplay&quot;:&quot;endless&quot;,&quot;interval&quot;:5,&quot;loop_manual&quot;:&quot;manual-endless&quot;,&quot;autoplay_stopper&quot;:false,&quot;noNavigation&quot;:false,&quot;bg_slider&quot;:false,&quot;keep_padding&quot;:false,&quot;hoverpause&quot;:false,&quot;show_slide_delay&quot;:0}\"  itemprop=\"image\" itemscope=\"itemscope\" itemtype=\"https:\/\/schema.org\/ImageObject\" ><ul class='avia-slideshow-inner ' style='padding-bottom: 42%;'><li  class='avia-slideshow-slide av-7e8hb3-623eece64644c7c9b43b1643493a51ce__0  slide-1 slide-odd'><div data-rel='slideshow-1' class='avia-slide-wrap '   ><img decoding=\"async\" fetchpriority=\"high\" class=\"wp-image-620 avia-img-lazy-loading-not-620\"  src=\"https:\/\/klubb.ungoteket.se\/orientering\/wp-content\/uploads\/sites\/4\/2017\/08\/Magrasprinten1-1500x630.jpg\" width=\"1500\" height=\"630\" title='' alt=''  itemprop=\"thumbnailUrl\"   \/><\/div><\/li><li  class='avia-slideshow-slide av-7e8hb3-623eece64644c7c9b43b1643493a51ce__1  slide-2 slide-even'><div data-rel='slideshow-1' class='avia-slide-wrap '   ><img decoding=\"async\" fetchpriority=\"high\" class=\"wp-image-348 avia-img-lazy-loading-not-348\"  src=\"https:\/\/klubb.ungoteket.se\/orientering\/wp-content\/uploads\/sites\/4\/2017\/06\/L\u00e4ger-Tidaholm-6-1500x630.jpg\" width=\"1500\" height=\"630\" title='' alt=''  itemprop=\"thumbnailUrl\"   \/><\/div><\/li><li  class='avia-slideshow-slide av-7e8hb3-623eece64644c7c9b43b1643493a51ce__2  slide-3 slide-odd'><div data-rel='slideshow-1' class='avia-slide-wrap '   ><img decoding=\"async\" fetchpriority=\"high\" class=\"wp-image-1909 avia-img-lazy-loading-not-1909\"  src=\"https:\/\/klubb.ungoteket.se\/orientering\/wp-content\/uploads\/sites\/4\/2018\/06\/Kung\u00e4lv6-1500x630.jpg\" width=\"1500\" height=\"630\" title='Kung\u00e4lv6' alt=''  itemprop=\"thumbnailUrl\"   \/><\/div><\/li><li  class='avia-slideshow-slide av-7e8hb3-623eece64644c7c9b43b1643493a51ce__3  slide-4 slide-even'><div data-rel='slideshow-1' class='avia-slide-wrap '   ><img decoding=\"async\" fetchpriority=\"high\" class=\"wp-image-1848 avia-img-lazy-loading-not-1848\"  src=\"https:\/\/klubb.ungoteket.se\/orientering\/wp-content\/uploads\/sites\/4\/2018\/05\/Kung\u00e4lv1-1500x630.jpg\" width=\"1500\" height=\"630\" title='' alt=''  itemprop=\"thumbnailUrl\"   \/><\/div><\/li><li  class='avia-slideshow-slide av-7e8hb3-623eece64644c7c9b43b1643493a51ce__4  slide-5 slide-odd'><div data-rel='slideshow-1' class='avia-slide-wrap '   ><img decoding=\"async\" fetchpriority=\"high\" class=\"wp-image-1942 avia-img-lazy-loading-not-1942\"  src=\"https:\/\/klubb.ungoteket.se\/orientering\/wp-content\/uploads\/sites\/4\/2018\/06\/Choklad12-1500x630.jpg\" width=\"1500\" height=\"630\" title='Choklad12' alt=''  itemprop=\"thumbnailUrl\"   \/><\/div><\/li><li  class='avia-slideshow-slide av-7e8hb3-623eece64644c7c9b43b1643493a51ce__5  slide-6 slide-even'><div data-rel='slideshow-1' class='avia-slide-wrap '   ><img decoding=\"async\" fetchpriority=\"high\" class=\"wp-image-1908 avia-img-lazy-loading-not-1908\"  src=\"https:\/\/klubb.ungoteket.se\/orientering\/wp-content\/uploads\/sites\/4\/2018\/06\/Choklad11-1500x630.jpg\" width=\"1500\" height=\"630\" title='Choklad11' alt=''  itemprop=\"thumbnailUrl\"   \/><\/div><\/li><li  class='avia-slideshow-slide av-7e8hb3-623eece64644c7c9b43b1643493a51ce__6  slide-7 slide-odd'><div data-rel='slideshow-1' class='avia-slide-wrap '   ><img decoding=\"async\" fetchpriority=\"high\" class=\"wp-image-1926 avia-img-lazy-loading-not-1926\"  src=\"https:\/\/klubb.ungoteket.se\/orientering\/wp-content\/uploads\/sites\/4\/2018\/06\/Ryda5-1500x630.jpeg\" width=\"1500\" height=\"630\" title='' alt=''  itemprop=\"thumbnailUrl\"   \/><\/div><\/li><li  class='avia-slideshow-slide av-7e8hb3-623eece64644c7c9b43b1643493a51ce__7  slide-8 slide-even'><div data-rel='slideshow-1' class='avia-slide-wrap '   ><img decoding=\"async\" fetchpriority=\"high\" class=\"wp-image-1924 avia-img-lazy-loading-not-1924\"  src=\"https:\/\/klubb.ungoteket.se\/orientering\/wp-content\/uploads\/sites\/4\/2018\/06\/Ryda1-1500x630.jpeg\" width=\"1500\" height=\"630\" title='' alt=''  itemprop=\"thumbnailUrl\"   \/><\/div><\/li><li  class='avia-slideshow-slide av-7e8hb3-623eece64644c7c9b43b1643493a51ce__8  slide-9 slide-odd'><div data-rel='slideshow-1' class='avia-slide-wrap '   ><img decoding=\"async\" fetchpriority=\"high\" class=\"wp-image-1953 avia-img-lazy-loading-not-1953\"  src=\"https:\/\/klubb.ungoteket.se\/orientering\/wp-content\/uploads\/sites\/4\/2018\/06\/IMG_0278-1500x630.jpg\" width=\"1500\" height=\"630\" title='' alt=''  itemprop=\"thumbnailUrl\"   \/><\/div><\/li><li  class='avia-slideshow-slide av-7e8hb3-623eece64644c7c9b43b1643493a51ce__9  slide-10 slide-even'><div data-rel='slideshow-1' class='avia-slide-wrap '   ><img decoding=\"async\" fetchpriority=\"high\" class=\"wp-image-1949 avia-img-lazy-loading-not-1949\"  src=\"https:\/\/klubb.ungoteket.se\/orientering\/wp-content\/uploads\/sites\/4\/2018\/06\/IMG_0225-1500x630.jpg\" width=\"1500\" height=\"630\" title='' alt=''  itemprop=\"thumbnailUrl\"   \/><\/div><\/li><li  class='avia-slideshow-slide av-7e8hb3-623eece64644c7c9b43b1643493a51ce__10  slide-11 slide-odd'><div data-rel='slideshow-1' class='avia-slide-wrap '   ><img decoding=\"async\" fetchpriority=\"high\" class=\"wp-image-1982 avia-img-lazy-loading-not-1982\"  src=\"https:\/\/klubb.ungoteket.se\/orientering\/wp-content\/uploads\/sites\/4\/2018\/08\/KM-Mark-2-1500x630.jpg\" width=\"1500\" height=\"630\" title='' alt=''  itemprop=\"thumbnailUrl\"   \/><\/div><\/li><li  class='avia-slideshow-slide av-7e8hb3-623eece64644c7c9b43b1643493a51ce__11  slide-12 slide-even'><div data-rel='slideshow-1' class='avia-slide-wrap '   ><img decoding=\"async\" fetchpriority=\"high\" class=\"wp-image-1981 avia-img-lazy-loading-not-1981\"  src=\"https:\/\/klubb.ungoteket.se\/orientering\/wp-content\/uploads\/sites\/4\/2018\/08\/KM-Mark-1-1500x630.jpg\" width=\"1500\" height=\"630\" title='' alt=''  itemprop=\"thumbnailUrl\"   \/><\/div><\/li><li  class='avia-slideshow-slide av-7e8hb3-623eece64644c7c9b43b1643493a51ce__12  slide-13 slide-odd'><div data-rel='slideshow-1' class='avia-slide-wrap '   ><img decoding=\"async\" fetchpriority=\"high\" class=\"wp-image-1994 avia-img-lazy-loading-not-1994\"  src=\"https:\/\/klubb.ungoteket.se\/orientering\/wp-content\/uploads\/sites\/4\/2018\/08\/Masstart-1-1500x630.jpg\" width=\"1500\" height=\"630\" title='' alt=''  itemprop=\"thumbnailUrl\"   \/><\/div><\/li><li  class='avia-slideshow-slide av-7e8hb3-623eece64644c7c9b43b1643493a51ce__13  slide-14 slide-even'><div data-rel='slideshow-1' class='avia-slide-wrap '   ><img decoding=\"async\" fetchpriority=\"high\" class=\"wp-image-1998 avia-img-lazy-loading-not-1998\"  src=\"https:\/\/klubb.ungoteket.se\/orientering\/wp-content\/uploads\/sites\/4\/2018\/08\/Masstart-5-1500x630.jpg\" width=\"1500\" height=\"630\" title='' alt=''  itemprop=\"thumbnailUrl\"   \/><\/div><\/li><li  class='avia-slideshow-slide av-7e8hb3-623eece64644c7c9b43b1643493a51ce__14  slide-15 slide-odd'><div data-rel='slideshow-1' class='avia-slide-wrap '   ><img decoding=\"async\" fetchpriority=\"high\" class=\"wp-image-2183 avia-img-lazy-loading-not-2183\"  src=\"https:\/\/klubb.ungoteket.se\/orientering\/wp-content\/uploads\/sites\/4\/2018\/10\/IMG_3384-1500x630.jpg\" width=\"1500\" height=\"630\" title='' alt=''  itemprop=\"thumbnailUrl\"   \/><\/div><\/li><li  class='avia-slideshow-slide av-7e8hb3-623eece64644c7c9b43b1643493a51ce__15  slide-16 slide-even'><div data-rel='slideshow-1' class='avia-slide-wrap '   ><img decoding=\"async\" fetchpriority=\"high\" class=\"wp-image-2224 avia-img-lazy-loading-not-2224\"  src=\"https:\/\/klubb.ungoteket.se\/orientering\/wp-content\/uploads\/sites\/4\/2018\/10\/Istrum1-1500x630.jpg\" width=\"1500\" height=\"630\" title='' alt=''  itemprop=\"thumbnailUrl\"   \/><\/div><\/li><li  class='avia-slideshow-slide av-7e8hb3-623eece64644c7c9b43b1643493a51ce__16  slide-17 slide-odd'><div data-rel='slideshow-1' class='avia-slide-wrap '   ><img decoding=\"async\" fetchpriority=\"high\" class=\"wp-image-2228 avia-img-lazy-loading-not-2228\"  src=\"https:\/\/klubb.ungoteket.se\/orientering\/wp-content\/uploads\/sites\/4\/2018\/10\/Istrum5-1500x630.jpg\" width=\"1500\" height=\"630\" title='' alt=''  itemprop=\"thumbnailUrl\"   \/><\/div><\/li><li  class='avia-slideshow-slide av-7e8hb3-623eece64644c7c9b43b1643493a51ce__17  slide-18 slide-even'><div data-rel='slideshow-1' class='avia-slide-wrap '   ><img decoding=\"async\" fetchpriority=\"high\" class=\"wp-image-3585 avia-img-lazy-loading-not-3585\"  src=\"https:\/\/klubb.ungoteket.se\/orientering\/wp-content\/uploads\/sites\/4\/2019\/05\/Ale-7-1500x630.jpg\" width=\"1500\" height=\"630\" title='Ale 7' alt=''  itemprop=\"thumbnailUrl\"   \/><\/div><\/li><li  class='avia-slideshow-slide av-7e8hb3-623eece64644c7c9b43b1643493a51ce__18  slide-19 slide-odd'><div data-rel='slideshow-1' class='avia-slide-wrap '   ><img decoding=\"async\" fetchpriority=\"high\" class=\"wp-image-3590 avia-img-lazy-loading-not-3590\"  src=\"https:\/\/klubb.ungoteket.se\/orientering\/wp-content\/uploads\/sites\/4\/2019\/05\/Orinto-1-1500x630.jpg\" width=\"1500\" height=\"630\" title='' alt=''  itemprop=\"thumbnailUrl\"   \/><\/div><\/li><li  class='avia-slideshow-slide av-7e8hb3-623eece64644c7c9b43b1643493a51ce__19  slide-20 slide-even'><div data-rel='slideshow-1' class='avia-slide-wrap '   ><img decoding=\"async\" fetchpriority=\"high\" class=\"wp-image-4351 avia-img-lazy-loading-not-4351\"  src=\"https:\/\/klubb.ungoteket.se\/orientering\/wp-content\/uploads\/sites\/4\/2020\/09\/DSC_0013-1500x630.jpg\" width=\"1500\" height=\"630\" title='' alt=''  itemprop=\"thumbnailUrl\"   \/><\/div><\/li><li  class='avia-slideshow-slide av-7e8hb3-623eece64644c7c9b43b1643493a51ce__20  slide-21 slide-odd'><div data-rel='slideshow-1' class='avia-slide-wrap '   ><img decoding=\"async\" fetchpriority=\"high\" class=\"wp-image-3409 avia-img-lazy-loading-not-3409\"  src=\"https:\/\/klubb.ungoteket.se\/orientering\/wp-content\/uploads\/sites\/4\/2019\/04\/MIKM_1-1500x630.jpg\" width=\"1500\" height=\"630\" title='MIKM_1' alt=''  itemprop=\"thumbnailUrl\"   \/><\/div><\/li><li  class='avia-slideshow-slide av-7e8hb3-623eece64644c7c9b43b1643493a51ce__21  slide-22 slide-even'><div data-rel='slideshow-1' class='avia-slide-wrap '   ><img decoding=\"async\" fetchpriority=\"high\" class=\"wp-image-3786 avia-img-lazy-loading-not-3786\"  src=\"https:\/\/klubb.ungoteket.se\/orientering\/wp-content\/uploads\/sites\/4\/2019\/08\/UOK-Mossfotboll_skuren-1500x630.jpeg\" width=\"1500\" height=\"630\" title='UOK Mossfotboll_skuren' alt=''  itemprop=\"thumbnailUrl\"   \/><\/div><\/li><li  class='avia-slideshow-slide av-7e8hb3-623eece64644c7c9b43b1643493a51ce__22  slide-23 slide-odd'><div data-rel='slideshow-1' class='avia-slide-wrap '   ><img decoding=\"async\" fetchpriority=\"high\" class=\"wp-image-4204 avia-img-lazy-loading-not-4204\"  src=\"https:\/\/klubb.ungoteket.se\/orientering\/wp-content\/uploads\/sites\/4\/2020\/07\/Stress2-1-1500x630.jpg\" width=\"1500\" height=\"630\" title='Stress2' alt=''  itemprop=\"thumbnailUrl\"   \/><\/div><\/li><li  class='avia-slideshow-slide av-7e8hb3-623eece64644c7c9b43b1643493a51ce__23  slide-24 slide-even'><div data-rel='slideshow-1' class='avia-slide-wrap '   ><img decoding=\"async\" fetchpriority=\"high\" class=\"wp-image-3721 avia-img-lazy-loading-not-3721\"  src=\"https:\/\/klubb.ungoteket.se\/orientering\/wp-content\/uploads\/sites\/4\/2019\/08\/ungoteket-ungdomarna-liten-1500x630.jpg\" width=\"1500\" height=\"630\" title='ungoteket-ungdomarna liten' alt=''  itemprop=\"thumbnailUrl\"   \/><\/div><\/li><\/ul><div class='avia-slideshow-arrows avia-slideshow-controls' ><a href='#prev' class='prev-slide ' aria-hidden='true' data-av_icon='\ue87c' data-av_iconfont='entypo-fontello'  tabindex='-1'>F\u00f6reg\u00e5ende<\/a><a href='#next' class='next-slide ' aria-hidden='true' data-av_icon='\ue87d' data-av_iconfont='entypo-fontello'  tabindex='-1'>N\u00e4sta<\/a><\/div><div class='avia-slideshow-dots avia-slideshow-controls'><a href='#1' class='goto-slide active' >1<\/a><a href='#2' class='goto-slide ' >2<\/a><a href='#3' class='goto-slide ' >3<\/a><a href='#4' class='goto-slide ' >4<\/a><a href='#5' class='goto-slide ' >5<\/a><a href='#6' class='goto-slide ' >6<\/a><a href='#7' class='goto-slide ' >7<\/a><a href='#8' class='goto-slide ' >8<\/a><a href='#9' class='goto-slide ' >9<\/a><a href='#10' class='goto-slide ' >10<\/a><a href='#11' class='goto-slide ' >11<\/a><a href='#12' class='goto-slide ' >12<\/a><a href='#13' class='goto-slide ' >13<\/a><a href='#14' class='goto-slide ' >14<\/a><a href='#15' class='goto-slide ' >15<\/a><a href='#16' class='goto-slide ' >16<\/a><a href='#17' class='goto-slide ' >17<\/a><a href='#18' class='goto-slide ' >18<\/a><a href='#19' class='goto-slide ' >19<\/a><a href='#20' class='goto-slide ' >20<\/a><a href='#21' class='goto-slide ' >21<\/a><a href='#22' class='goto-slide ' >22<\/a><a href='#23' class='goto-slide ' >23<\/a><a href='#24' class='goto-slide ' >24<\/a><\/div><div class='av-slideshow-caption av-7e8hb3-623eece64644c7c9b43b1643493a51ce__0 avia-caption'><div class=\"avia-inner-caption\"><h2 class='avia-caption-title '  itemprop=\"name\" >F\u00f6rslag p\u00e5 f\u00f6reningsprojekt<\/h2><\/div><\/div><\/div><\/div>\n\n<style type=\"text\/css\" data-created_by=\"avia_inline_auto\" id=\"style-css-av-4aoq6f-7c83ea31a5001ccd6ea70fd928e8c7f7\">\n.flex_column.av-4aoq6f-7c83ea31a5001ccd6ea70fd928e8c7f7{\nborder-radius:0px 0px 0px 0px;\npadding:0px 0px 0px 0px;\n}\n<\/style>\n<div  class='flex_column av-4aoq6f-7c83ea31a5001ccd6ea70fd928e8c7f7 av_one_full  avia-builder-el-2  el_after_av_one_full  el_before_av_one_half  first flex_column_div av-zero-column-padding  column-top-margin'     ><section  class='av_textblock_section av-42flf3-9f9205c4f781dd3977400f60814c4bf4 '   itemscope=\"itemscope\" itemtype=\"https:\/\/schema.org\/CreativeWork\" ><div class='avia_textblock'  itemprop=\"text\" ><p>H\u00e4r kan du och resten av teamet f\u00e5 tips p\u00e5 vilket f\u00f6reningsprojekt ni kan genomf\u00f6ra. Kom ih\u00e5g att det \u00e4r ni som best\u00e4mmer! Och ni kanske kommer p\u00e5 n\u00e5got annat \u00e4n vad som st\u00e5r h\u00e4r? Ni kan ocks\u00e5 utg\u00e5 fr\u00e5n vad som passar er f\u00f6rening just nu.<\/p>\n<\/div><\/section><\/div>\n\n<style type=\"text\/css\" data-created_by=\"avia_inline_auto\" id=\"style-css-av-3v7r93-24c864e24ed00633a27f9f2814883d08\">\n.flex_column.av-3v7r93-24c864e24ed00633a27f9f2814883d08{\nborder-radius:0px 0px 0px 0px;\npadding:0px 0px 0px 0px;\n}\n<\/style>\n<div  class='flex_column av-3v7r93-24c864e24ed00633a27f9f2814883d08 av_one_half  avia-builder-el-4  el_after_av_one_full  el_before_av_one_half  first flex_column_div av-zero-column-padding  column-top-margin'     ><section  class='av_textblock_section av-lbi2o73a-9a767029ff41b186c74841a201ae1f4f '   itemscope=\"itemscope\" itemtype=\"https:\/\/schema.org\/CreativeWork\" ><div class='avia_textblock'  itemprop=\"text\" ><p><strong>Ungdomstr\u00e4ning<\/strong><br \/>\nPlanera och genomf\u00f6r en tr\u00e4ning f\u00f6r ungdomarna i klubben.<\/p>\n<p><strong>Klubbtr\u00e4ning<\/strong><br \/>\nPlanera och genomf\u00f6r en tr\u00e4ning f\u00f6r hela klubben.<\/p>\n<p><strong>Klubb- eller kretst\u00e4vling<br \/>\n<\/strong>Bjud in hela klubben eller kretsen till t\u00e4vling.<\/p>\n<p><strong>Ungdomst\u00e4vling<br \/>\n<\/strong>Arrangera en t\u00e4vling f\u00f6r ungdomar.<\/p>\n<p><strong>Motionsorientering<br \/>\n<\/strong>Ett alternativ f\u00f6r f\u00f6reningar som \u00e4r aktiva med motionsorientering. <a href=\"https:\/\/www.orientering.se\/utova-och-folj\/trana\/orientera-pa-egen-hand\/motionsorientering\/\" target=\"_blank\" rel=\"noopener noreferrer\">L\u00e4s mer om motionsorientering h\u00e4r!<\/a><\/p>\n<p><strong>Tr\u00e4ningsl\u00e4ger<br \/>\n<\/strong>Arrangera ett tr\u00e4ningsl\u00e4ger p\u00e5 hemmaplan eller kanske h\u00e4lsa p\u00e5 en annan klubb?<\/p>\n<p><strong>MtbO- eller PreO-tr\u00e4ning eller t\u00e4vling<\/strong><br \/>\nArrangera en tr\u00e4ning eller t\u00e4vling inom n\u00e5gon annan av orienteringens discipliner.<\/p>\n<p><strong>Social aktivitet f\u00f6r f\u00f6reningen<br \/>\n<\/strong>Samla f\u00f6reningens medlemmar och hitta p\u00e5 roliga saker tillsammans en kv\u00e4ll eller helg. En lite annorlunda tr\u00e4ning med mat efter\u00e5t, till exempel.<\/p>\n<p><strong>Skolaktivitet<br \/>\n<\/strong>Se till att er skola f\u00e5r testa hur kul orientering \u00e4r!<\/p>\n<p><strong>En annorlunda t\u00e4vling<br \/>\n<\/strong>Ni har varit p\u00e5 m\u00e5nga orienteringst\u00e4vlingar som g\u00e5r till p\u00e5 ungef\u00e4r samma s\u00e4tt. \u00d6verraska klubben eller kanske kretsen med en helt ny typ av t\u00e4vling!<\/p>\n<p><strong>\u00a0<\/strong><\/p>\n<\/div><\/section><\/div>\n\n<style type=\"text\/css\" data-created_by=\"avia_inline_auto\" id=\"style-css-av-1ybth3-3178d7d6b8501f99cbd6e6b71b23df8e\">\n.flex_column.av-1ybth3-3178d7d6b8501f99cbd6e6b71b23df8e{\nborder-radius:0px 0px 0px 0px;\npadding:0px 0px 0px 0px;\n}\n<\/style>\n<div  class='flex_column av-1ybth3-3178d7d6b8501f99cbd6e6b71b23df8e av_one_half  avia-builder-el-6  el_after_av_one_half  avia-builder-el-last  flex_column_div av-zero-column-padding  column-top-margin'     ><section  class='av_textblock_section av-lbi2trv1-15dd3feecf4b183f88334f4dfd3b2d1b '   itemscope=\"itemscope\" itemtype=\"https:\/\/schema.org\/CreativeWork\" ><div class='avia_textblock'  itemprop=\"text\" ><p><strong>SOL-skola<br \/>\n<\/strong>Bjud in barn och ungdomar i klubben eller kanske fr\u00e5n er hemstad, till en sommarorienteringsskola. En, tv\u00e5 eller kanske tre dagar? Med eller utan \u00f6vernattning? Ni v\u00e4ljer!<\/p>\n<p><strong>Prova p\u00e5-aktivitet f\u00f6r nyb\u00f6rjare<br \/>\n<\/strong>Bjud in till orientering f\u00f6r nyb\u00f6rjare i er hemstad.<\/p>\n<p><strong>Resa med klubben<br \/>\n<\/strong>Arrangera resan till en t\u00e4vling, till exempel 25-manna. Eller \u00e5k och heja p\u00e5 eliten p\u00e5 n\u00e5gon stor t\u00e4vling.<\/p>\n<p><strong>Marknadsf\u00f6r er f\u00f6rening<br \/>\n<\/strong>Med till exempel en film om er f\u00f6rening eller f\u00f6rb\u00e4ttring av hemsidan.<\/p>\n<p><strong>Utmaningen<br \/>\n<\/strong>Planera och genomf\u00f6r orienterings\u00e4ventyret Utmaningen. Utmaningen \u00e4r ett SOFT-material som ni kan\u00a0<a title=\"Utmaningen\" href=\"http:\/\/chrome-extension:\/\/efaidnbmnnnibpcajpcglclefindmkaj\/https:\/\/www.svenskorientering.se\/media\/g2shnaw3\/utmaningen-2021.pdf\" target=\"_blank\" rel=\"noopener noreferrer\" data-wplink-url-error=\"true\">l\u00e4sa mer om h\u00e4r<\/a>.<\/p>\n<p><strong>Id\u00e9banken<br \/>\n<\/strong>Ta inspiration av och genomf\u00f6r n\u00e5gon eller n\u00e5gra av aktiviteterna i id\u00e9banken, <a title=\"\u00e4ventyr i bumbmurkland\" href=\"https:\/\/www.svenskorientering.se\/forening\/barn-och-ungdom\/aktiviteter\/utvecklingsmarken\/idebanken\/\" target=\"_blank\" rel=\"noopener noreferrer\">l\u00e4sa mer om h\u00e4r<\/a>.<\/p>\n<p><strong>WOD &#8211; World Orienteering Day<\/strong><br \/>\nMedverka i WOD.\u00a0<a href=\"http:\/\/worldorienteeringday.com\/\" target=\"_blank\" rel=\"noopener noreferrer\">L\u00e4s mer om WOD h\u00e4r<\/a>.<\/p>\n<p><strong>Sk\u00e4rmfullt<br \/>\n<\/strong>Fr\u00e4mja f\u00f6reningens ungdomsverksamhet med hj\u00e4lp av materialet Sk\u00e4rmfullt fr\u00e5n V\u00e4sterg\u00f6tlands OF (tidigare Checkpoint).\u00a0<a href=\"https:\/\/www.svenskorientering.se\/vastergotland\/ledare\/skarmfullt\/\" target=\"_blank\" rel=\"noopener noreferrer\">L\u00e4s mer om materialet h\u00e4r.<\/a><\/p>\n<\/div><\/section><\/div>\n","protected":false},"excerpt":{"rendered":"","protected":false},"author":1,"featured_media":0,"parent":0,"menu_order":0,"comment_status":"closed","ping_status":"closed","template":"","meta":{"footnotes":""},"_links":{"self":[{"href":"https:\/\/klubb.ungoteket.se\/orientering\/wp-json\/wp\/v2\/pages\/535"}],"collection":[{"href":"https:\/\/klubb.ungoteket.se\/orientering\/wp-json\/wp\/v2\/pages"}],"about":[{"href":"https:\/\/klubb.ungoteket.se\/orientering\/wp-json\/wp\/v2\/types\/page"}],"author":[{"embeddable":true,"href":"https:\/\/klubb.ungoteket.se\/orientering\/wp-json\/wp\/v2\/users\/1"}],"replies":[{"embeddable":true,"href":"https:\/\/klubb.ungoteket.se\/orientering\/wp-json\/wp\/v2\/comments?post=535"}],"version-history":[{"count":9,"href":"https:\/\/klubb.ungoteket.se\/orientering\/wp-json\/wp\/v2\/pages\/535\/revisions"}],"predecessor-version":[{"id":5568,"href":"https:\/\/klubb.ungoteket.se\/orientering\/wp-json\/wp\/v2\/pages\/535\/revisions\/5568"}],"wp:attachment":[{"href":"https:\/\/klubb.ungoteket.se\/orientering\/wp-json\/wp\/v2\/media?parent=535"}],"curies":[{"name":"wp","href":"https:\/\/api.w.org\/{rel}","templated":true}]}}