{"id":4712,"date":"2021-11-14T20:01:47","date_gmt":"2021-11-14T19:01:47","guid":{"rendered":"https:\/\/klubb.ungoteket.se\/orientering\/?page_id=4712"},"modified":"2022-10-15T21:03:13","modified_gmt":"2022-10-15T19:03:13","slug":"anordna-orienterings-it","status":"publish","type":"page","link":"https:\/\/klubb.ungoteket.se\/orientering\/anordna-orienterings-it\/","title":{"rendered":"Anordna &#8211; Orienterings-IT"},"content":{"rendered":"\n<style type=\"text\/css\" data-created_by=\"avia_inline_auto\" id=\"style-css-av-kvryb1cf-92f5726743ba006ec36722cd42ed3a05\">\n.avia-section.av-kvryb1cf-92f5726743ba006ec36722cd42ed3a05{\nbackground-color:#ffdd00;\nbackground-image:unset;\n}\n<\/style>\n<div id='av_section_1'  class='avia-section av-kvryb1cf-92f5726743ba006ec36722cd42ed3a05 main_color avia-section-no-padding avia-no-border-styling  avia-builder-el-0  el_before_av_one_full  avia-builder-el-first  avia-bg-style-scroll av-minimum-height av-minimum-height-custom av-height-custom  container_wrap fullsize'   data-av_minimum_height_px='30'><div class='container av-section-cont-open' style='height:30px'><main  role=\"main\" itemprop=\"mainContentOfPage\"  class='template-page content  av-content-full alpha units'><div class='post-entry post-entry-type-page post-entry-4712'><div class='entry-content-wrapper clearfix'>\n\n<style type=\"text\/css\" data-created_by=\"avia_inline_auto\" id=\"style-css-av-kvs455rb-2e4c8c664a1c8682006413378db64118\">\n#top .av_textblock_section.av-kvs455rb-2e4c8c664a1c8682006413378db64118 .avia_textblock{\nfont-size:10px;\ncolor:#316738;\n}\n<\/style>\n<section  class='av_textblock_section av-kvs455rb-2e4c8c664a1c8682006413378db64118 '   itemscope=\"itemscope\" itemtype=\"https:\/\/schema.org\/CreativeWork\" ><div class='avia_textblock av_inherit_color'  itemprop=\"text\" ><p><strong>Just nu \u00e4r du i anordna-delen av hemsidan. Om du vill tillbaka till startsidan kan du <a href=\"https:\/\/klubb.ungoteket.se\/orientering\/start\/\">klicka h\u00e4r.<\/a><\/strong><\/p>\n<\/div><\/section>\n<\/div><\/div><\/main><!-- close content main element --><\/div><\/div><div id='after_section_1'  class='main_color av_default_container_wrap container_wrap fullsize'  ><div class='container av-section-cont-open' ><div class='template-page content  av-content-full alpha units'><div class='post-entry post-entry-type-page post-entry-4712'><div class='entry-content-wrapper clearfix'>\n\n<style type=\"text\/css\" data-created_by=\"avia_inline_auto\" id=\"style-css-av-3a5xb0-e3e57ae775d06cd3878a0e0b7649462d\">\n.flex_column.av-3a5xb0-e3e57ae775d06cd3878a0e0b7649462d{\nborder-radius:0px 0px 0px 0px;\npadding:0px 0px 0px 0px;\n}\n<\/style>\n<div  class='flex_column av-3a5xb0-e3e57ae775d06cd3878a0e0b7649462d av_one_full  avia-builder-el-2  el_after_av_section  el_before_av_one_full  avia-builder-el-first  first flex_column_div av-zero-column-padding  '     ><div  class='avia-slideshow av-32uj1w-cf756e520ad31ecce621b4865941692d avia-slideshow-featured av_slideshow avia-slide-slider  avia-builder-el-3  avia-builder-el-no-sibling  av-slideshow-ui av-control-default av-slideshow-manual av-loop-once av-loop-manual-endless av-default-height-applied avia-slideshow-1' data-slideshow-options=\"{&quot;animation&quot;:&quot;slide&quot;,&quot;autoplay&quot;:false,&quot;loop_autoplay&quot;:&quot;once&quot;,&quot;interval&quot;:5,&quot;loop_manual&quot;:&quot;manual-endless&quot;,&quot;autoplay_stopper&quot;:false,&quot;noNavigation&quot;:false,&quot;bg_slider&quot;:false,&quot;keep_padding&quot;:false,&quot;hoverpause&quot;:false,&quot;show_slide_delay&quot;:0}\"  itemprop=\"image\" itemscope=\"itemscope\" itemtype=\"https:\/\/schema.org\/ImageObject\" ><ul class='avia-slideshow-inner ' style='padding-bottom: 28.6666666667%;'><li  class='avia-slideshow-slide av-32uj1w-cf756e520ad31ecce621b4865941692d__0  av-single-slide slide-1 slide-odd'><div data-rel='slideshow-1' class='avia-slide-wrap '   ><img decoding=\"async\" fetchpriority=\"high\" class=\"wp-image-679 avia-img-lazy-loading-not-679\"  src=\"https:\/\/klubb.ungoteket.se\/orientering\/wp-content\/uploads\/sites\/4\/2017\/08\/FOTO_Ungoteket_Magrasprinten-7-1500x430.jpg\" width=\"1500\" height=\"430\" title='' alt=''  itemprop=\"thumbnailUrl\"   \/><\/div><\/li><\/ul><div class='av-slideshow-caption av-32uj1w-cf756e520ad31ecce621b4865941692d__0 avia-caption'><div class=\"avia-inner-caption\"><h2 class='avia-caption-title '  itemprop=\"name\" >Handledning - Orienterings-IT<\/h2><\/div><\/div><\/div><\/div>\n\n<style type=\"text\/css\" data-created_by=\"avia_inline_auto\" id=\"style-css-av-2q38bw-64dc48dc8cc2dfc5985fe3ce114ea74d\">\n.flex_column.av-2q38bw-64dc48dc8cc2dfc5985fe3ce114ea74d{\nborder-radius:0px 0px 0px 0px;\npadding:0px 0px 0px 0px;\n}\n<\/style>\n<div  class='flex_column av-2q38bw-64dc48dc8cc2dfc5985fe3ce114ea74d av_one_full  avia-builder-el-4  el_after_av_one_full  el_before_av_one_full  first flex_column_div av-zero-column-padding  column-top-margin'     ><p>\n<style type=\"text\/css\" data-created_by=\"avia_inline_auto\" id=\"style-css-av-60byag-09eab4fd73e5667e1bd166a290853a23\">\n#top .av-special-heading.av-60byag-09eab4fd73e5667e1bd166a290853a23{\npadding-bottom:10px;\n}\nbody .av-special-heading.av-60byag-09eab4fd73e5667e1bd166a290853a23 .av-special-heading-tag .heading-char{\nfont-size:25px;\n}\n.av-special-heading.av-60byag-09eab4fd73e5667e1bd166a290853a23 .av-subheading{\nfont-size:15px;\n}\n<\/style>\n<div  class='av-special-heading av-60byag-09eab4fd73e5667e1bd166a290853a23 av-special-heading-h3  avia-builder-el-5  el_before_av_textblock  avia-builder-el-first '><h3 class='av-special-heading-tag '  itemprop=\"headline\"  >P\u00e5 denna sida<\/h3><div class=\"special-heading-border\"><div class=\"special-heading-inner-border\"><\/div><\/div><\/div><br \/>\n<section  class='av_textblock_section av-2lmues-3d541e2b84e04076506611a18925584e '   itemscope=\"itemscope\" itemtype=\"https:\/\/schema.org\/CreativeWork\" ><div class='avia_textblock'  itemprop=\"text\" ><p>P\u00e5 denna sida finns all information och allt material som beh\u00f6vs f\u00f6r utbildningsdelen Orienterings-IT. I handledningsdokumentet samlas allt som \u00e4r v\u00e4rt att veta f\u00f6r dig som ska h\u00e5lla i utbildningsdelen: specifika f\u00f6rberedelser, steg-f\u00f6r-steg guide f\u00f6r genomf\u00f6rande och genomg\u00e5ngar av alla utbildningsdelens \u00f6vningar. Via handledningsdokumentet eller h\u00e4r p\u00e5 sidan finns tillg\u00e5ng till bildspelet och \u00f6vningarna som ing\u00e5r i utbildningsdelen.<\/p>\n<\/div><\/section><\/p><\/div>\n\n<style type=\"text\/css\" data-created_by=\"avia_inline_auto\" id=\"style-css-av-2q38bw-64dc48dc8cc2dfc5985fe3ce114ea74d\">\n.flex_column.av-2q38bw-64dc48dc8cc2dfc5985fe3ce114ea74d{\nborder-radius:0px 0px 0px 0px;\npadding:0px 0px 0px 0px;\n}\n<\/style>\n<div  class='flex_column av-2q38bw-64dc48dc8cc2dfc5985fe3ce114ea74d av_one_full  avia-builder-el-7  el_after_av_one_full  el_before_av_one_half  first flex_column_div av-zero-column-padding  column-top-margin'     ><p>\n<style type=\"text\/css\" data-created_by=\"avia_inline_auto\" id=\"style-css-av-kx2ykfj8-297f12591695ab699cb348e76c252cb8\">\n#top .av-special-heading.av-kx2ykfj8-297f12591695ab699cb348e76c252cb8{\npadding-bottom:10px;\n}\nbody .av-special-heading.av-kx2ykfj8-297f12591695ab699cb348e76c252cb8 .av-special-heading-tag .heading-char{\nfont-size:25px;\n}\n.av-special-heading.av-kx2ykfj8-297f12591695ab699cb348e76c252cb8 .av-subheading{\nfont-size:15px;\n}\n<\/style>\n<div  class='av-special-heading av-kx2ykfj8-297f12591695ab699cb348e76c252cb8 av-special-heading-h3  avia-builder-el-8  el_before_av_textblock  avia-builder-el-first '><h3 class='av-special-heading-tag '  itemprop=\"headline\"  >Inneh\u00e5ll &#8211; Orienterings-IT<\/h3><div class=\"special-heading-border\"><div class=\"special-heading-inner-border\"><\/div><\/div><\/div><br \/>\n<section  class='av_textblock_section av-2lmues-3d541e2b84e04076506611a18925584e '   itemscope=\"itemscope\" itemtype=\"https:\/\/schema.org\/CreativeWork\" ><div class='avia_textblock'  itemprop=\"text\" ><p>Det finns mycket teknik inom orienteringssporten nu f\u00f6r tiden. N\u00e5gra exempel \u00e4r MeOS, SportIdent och Eventor. I det h\u00e4r avsnittet f\u00e5r man \u00e4ven veta mer om Livelox och olika orienteringsappar. I korthet handlar utbildningen Orientering-IT om att:<\/p>\n<ul>\n<li>L\u00e4gga upp och administrera ett arrangemang p\u00e5 Eventor<\/li>\n<li>L\u00e4ra sig hantera MeOS, ett administrativt program f\u00f6r tr\u00e4ning och t\u00e4vling<\/li>\n<li>Programmera SportIdent-enheter<\/li>\n<li>Ladda upp kartor och l\u00e4gga upp ett arrangemang p\u00e5 Livelox<\/li>\n<li>Tips p\u00e5 orienteringsappar mm.<\/li>\n<\/ul>\n<\/div><\/section><\/p><\/div>\n\n<style type=\"text\/css\" data-created_by=\"avia_inline_auto\" id=\"style-css-av-2d0bec-8b2e316db47436d78b0b33bf1246dd90\">\n.flex_column.av-2d0bec-8b2e316db47436d78b0b33bf1246dd90{\nborder-radius:0px 0px 0px 0px;\npadding:0px 0px 0px 0px;\n}\n<\/style>\n<div  class='flex_column av-2d0bec-8b2e316db47436d78b0b33bf1246dd90 av_one_half  avia-builder-el-10  el_after_av_one_full  el_before_av_one_half  first flex_column_div av-zero-column-padding  column-top-margin'     ><p>\n<style type=\"text\/css\" data-created_by=\"avia_inline_auto\" id=\"style-css-av-av_heading-0cfd65026f05809b1b2777ab988585f2\">\n#top .av-special-heading.av-av_heading-0cfd65026f05809b1b2777ab988585f2{\npadding-bottom:10px;\n}\nbody .av-special-heading.av-av_heading-0cfd65026f05809b1b2777ab988585f2 .av-special-heading-tag .heading-char{\nfont-size:25px;\n}\n.av-special-heading.av-av_heading-0cfd65026f05809b1b2777ab988585f2 .av-subheading{\nfont-size:15px;\n}\n<\/style>\n<div  class='av-special-heading av-av_heading-0cfd65026f05809b1b2777ab988585f2 av-special-heading-h3  avia-builder-el-11  el_before_av_textblock  avia-builder-el-first '><h3 class='av-special-heading-tag '  itemprop=\"headline\"  >Handledning<\/h3><div class=\"special-heading-border\"><div class=\"special-heading-inner-border\"><\/div><\/div><\/div><br \/>\n<section  class='av_textblock_section av-22zlac-dea5ef691fa0f5fb92172efadcda92cc '   itemscope=\"itemscope\" itemtype=\"https:\/\/schema.org\/CreativeWork\" ><div class='avia_textblock'  itemprop=\"text\" ><p><a href=\"https:\/\/drive.google.com\/file\/d\/10HqVrBIP0EOz5wW--IePyd-0pGzBsX7B\/view?usp=sharing\" target=\"_blank\" rel=\"noopener noreferrer\">Klicka h\u00e4r f\u00f6r att ladda hem handledningen.<\/a><\/p>\n<\/div><\/section><br \/>\n\n<style type=\"text\/css\" data-created_by=\"avia_inline_auto\" id=\"style-css-av-av_heading-6f49cb91caa95893a44a6de540d7b97d\">\n#top .av-special-heading.av-av_heading-6f49cb91caa95893a44a6de540d7b97d{\npadding-bottom:10px;\n}\nbody .av-special-heading.av-av_heading-6f49cb91caa95893a44a6de540d7b97d .av-special-heading-tag .heading-char{\nfont-size:25px;\n}\n.av-special-heading.av-av_heading-6f49cb91caa95893a44a6de540d7b97d .av-subheading{\nfont-size:15px;\n}\n<\/style>\n<div  class='av-special-heading av-av_heading-6f49cb91caa95893a44a6de540d7b97d av-special-heading-h3  avia-builder-el-13  el_after_av_textblock  el_before_av_textblock '><h3 class='av-special-heading-tag '  itemprop=\"headline\"  >Bildspel<\/h3><div class=\"special-heading-border\"><div class=\"special-heading-inner-border\"><\/div><\/div><\/div><br \/>\n<section  class='av_textblock_section av-22zlac-dea5ef691fa0f5fb92172efadcda92cc '   itemscope=\"itemscope\" itemtype=\"https:\/\/schema.org\/CreativeWork\" ><div class='avia_textblock'  itemprop=\"text\" ><p><a href=\"https:\/\/docs.google.com\/presentation\/d\/1Iq_U1e1h1HU7y529q-wkK746N_krlFpE\/edit?usp=sharing&amp;ouid=103559110516890225801&amp;rtpof=true&amp;sd=true\" target=\"_blank\" rel=\"noopener noreferrer\">Klicka h\u00e4r f\u00f6r bildspel &#8221;Orienterings-IT&#8221; i powerpointformat.<\/a><\/p>\n<\/div><\/section><\/p><\/div>\n<style type=\"text\/css\" data-created_by=\"avia_inline_auto\" id=\"style-css-av-1wxwv8-fb9dfc3caee59c5b93e9cb618d1251de\">\n.flex_column.av-1wxwv8-fb9dfc3caee59c5b93e9cb618d1251de{\nborder-radius:0px 0px 0px 0px;\npadding:0px 0px 0px 0px;\n}\n<\/style>\n<div  class='flex_column av-1wxwv8-fb9dfc3caee59c5b93e9cb618d1251de av_one_half  avia-builder-el-15  el_after_av_one_half  avia-builder-el-last  flex_column_div av-zero-column-padding  column-top-margin'     ><p>\n<style type=\"text\/css\" data-created_by=\"avia_inline_auto\" id=\"style-css-av-2jpxdk-aa23849de1b0be13092ad943c705f942\">\n#top .av-special-heading.av-2jpxdk-aa23849de1b0be13092ad943c705f942{\npadding-bottom:10px;\n}\nbody .av-special-heading.av-2jpxdk-aa23849de1b0be13092ad943c705f942 .av-special-heading-tag .heading-char{\nfont-size:25px;\n}\n.av-special-heading.av-2jpxdk-aa23849de1b0be13092ad943c705f942 .av-subheading{\nfont-size:15px;\n}\n<\/style>\n<div  class='av-special-heading av-2jpxdk-aa23849de1b0be13092ad943c705f942 av-special-heading-h3  avia-builder-el-16  el_before_av_textblock  avia-builder-el-first '><h3 class='av-special-heading-tag '  itemprop=\"headline\"  >\u00d6vningar och material<\/h3><div class=\"special-heading-border\"><div class=\"special-heading-inner-border\"><\/div><\/div><\/div><br \/>\n<section  class='av_textblock_section av-22zlac-dea5ef691fa0f5fb92172efadcda92cc '   itemscope=\"itemscope\" itemtype=\"https:\/\/schema.org\/CreativeWork\" ><div class='avia_textblock'  itemprop=\"text\" ><div>\n<header>\n<article class=\"article-icon-entry \">\n<div class=\"iconlist_content_wrap\">\n<header class=\"entry-content-header\"><\/header>\n<div class=\"iconlist_content \"><\/div>\n<\/div>\n<\/article>\n<article class=\"article-icon-entry \">\n<div class=\"iconlist_content_wrap\">\n<article>\n<div>\n<article class=\"article-icon-entry \">\n<div class=\"iconlist_content_wrap\">\n<header class=\"entry-content-header\"><span style=\"font-weight: 400;\">I handledningen beskrivs respektive \u00f6vning och hur den kan genomf\u00f6ras. D\u00e4r l\u00e4nkas ocks\u00e5 direkt till det material som beh\u00f6vs. F\u00f6r deltagarna finns allt material och l\u00e4nkar till eventuell programvara publikt p\u00e5<\/span> <a href=\"https:\/\/klubb.ungoteket.se\/orientering\/orienterings-it\/\"><span style=\"font-weight: 400;\">inneh\u00e5llssidan f\u00f6r orienterings-IT.<\/span><\/a><\/header>\n<\/div>\n<\/article>\n<\/div>\n<\/article>\n<\/div>\n<\/article>\n<\/header>\n<\/div>\n<\/div><\/section><\/p><\/div><\/p>\n","protected":false},"excerpt":{"rendered":"","protected":false},"author":1,"featured_media":0,"parent":0,"menu_order":0,"comment_status":"closed","ping_status":"closed","template":"","meta":{"footnotes":""},"_links":{"self":[{"href":"https:\/\/klubb.ungoteket.se\/orientering\/wp-json\/wp\/v2\/pages\/4712"}],"collection":[{"href":"https:\/\/klubb.ungoteket.se\/orientering\/wp-json\/wp\/v2\/pages"}],"about":[{"href":"https:\/\/klubb.ungoteket.se\/orientering\/wp-json\/wp\/v2\/types\/page"}],"author":[{"embeddable":true,"href":"https:\/\/klubb.ungoteket.se\/orientering\/wp-json\/wp\/v2\/users\/1"}],"replies":[{"embeddable":true,"href":"https:\/\/klubb.ungoteket.se\/orientering\/wp-json\/wp\/v2\/comments?post=4712"}],"version-history":[{"count":16,"href":"https:\/\/klubb.ungoteket.se\/orientering\/wp-json\/wp\/v2\/pages\/4712\/revisions"}],"predecessor-version":[{"id":5439,"href":"https:\/\/klubb.ungoteket.se\/orientering\/wp-json\/wp\/v2\/pages\/4712\/revisions\/5439"}],"wp:attachment":[{"href":"https:\/\/klubb.ungoteket.se\/orientering\/wp-json\/wp\/v2\/media?parent=4712"}],"curies":[{"name":"wp","href":"https:\/\/api.w.org\/{rel}","templated":true}]}}