{"id":4287,"date":"2020-08-25T06:48:03","date_gmt":"2020-08-25T04:48:03","guid":{"rendered":"https:\/\/klubb.ungoteket.se\/orientering\/?page_id=4287"},"modified":"2020-11-16T10:57:10","modified_gmt":"2020-11-16T09:57:10","slug":"ungoteket-blekinge","status":"publish","type":"page","link":"https:\/\/klubb.ungoteket.se\/orientering\/ungoteket-blekinge\/","title":{"rendered":"Ungoteket Blekinge"},"content":{"rendered":"\n<style type=\"text\/css\" data-created_by=\"avia_inline_auto\" id=\"style-css-av-vohdco-e6ca7a3313305aa00c159d5690374d36\">\n.flex_column.av-vohdco-e6ca7a3313305aa00c159d5690374d36{\nborder-radius:0px 0px 0px 0px;\npadding:0px 0px 0px 0px;\n}\n<\/style>\n<div  class='flex_column av-vohdco-e6ca7a3313305aa00c159d5690374d36 av_one_full  avia-builder-el-0  el_before_av_one_half  avia-builder-el-first  first flex_column_div av-zero-column-padding  '     ><div  class='avia-slideshow av-vdaum0-62115bbc69f0a33338b4ddc5dba80327 avia-slideshow-featured_large av_slideshow avia-slide-slider  avia-builder-el-1  avia-builder-el-no-sibling  av-slideshow-ui av-control-default av-slideshow-autoplay av-loop-endless av-loop-manual-endless av-default-height-applied avia-slideshow-1' data-slideshow-options=\"{&quot;animation&quot;:&quot;slide&quot;,&quot;autoplay&quot;:true,&quot;loop_autoplay&quot;:&quot;endless&quot;,&quot;interval&quot;:5,&quot;loop_manual&quot;:&quot;manual-endless&quot;,&quot;autoplay_stopper&quot;:false,&quot;noNavigation&quot;:false,&quot;bg_slider&quot;:false,&quot;keep_padding&quot;:false,&quot;hoverpause&quot;:false,&quot;show_slide_delay&quot;:0}\"  itemprop=\"image\" itemscope=\"itemscope\" itemtype=\"https:\/\/schema.org\/ImageObject\" ><ul class='avia-slideshow-inner ' style='padding-bottom: 42%;'><li  class='avia-slideshow-slide av-vdaum0-62115bbc69f0a33338b4ddc5dba80327__0  av-single-slide slide-1 slide-odd'><div data-rel='slideshow-1' class='avia-slide-wrap '   ><img decoding=\"async\" fetchpriority=\"high\" class=\"wp-image-4288 avia-img-lazy-loading-not-4288\"  src=\"https:\/\/klubb.ungoteket.se\/orientering\/wp-content\/uploads\/sites\/4\/2020\/08\/DSC_1171-1500x630.jpg\" width=\"1500\" height=\"630\" title='DSC_1171' alt=''  itemprop=\"thumbnailUrl\"   \/><\/div><\/li><\/ul><div class='av-slideshow-caption av-vdaum0-62115bbc69f0a33338b4ddc5dba80327__0 avia-caption'><div class=\"avia-inner-caption\"><h2 class='avia-caption-title '  itemprop=\"name\" >Ungoteket Blekinge<\/h2><\/div><\/div><\/div><\/div>\n\n<style type=\"text\/css\" data-created_by=\"avia_inline_auto\" id=\"style-css-av-qy3bqg-4dc1b50a4bd0f5eb129197a170dd7ff7\">\n.flex_column.av-qy3bqg-4dc1b50a4bd0f5eb129197a170dd7ff7{\nborder-radius:0px 0px 0px 0px;\npadding:0px 0px 0px 0px;\n}\n<\/style>\n<div  class='flex_column av-qy3bqg-4dc1b50a4bd0f5eb129197a170dd7ff7 av_one_half  avia-builder-el-2  el_after_av_one_full  el_before_av_one_half  first flex_column_div av-zero-column-padding  column-top-margin'     ><p>\n<style type=\"text\/css\" data-created_by=\"avia_inline_auto\" id=\"style-css-av-ke9gaopy-c2c64b2cfc5aecc5dbe2b595ce89305f\">\n#top .av-special-heading.av-ke9gaopy-c2c64b2cfc5aecc5dbe2b595ce89305f{\npadding-bottom:10px;\n}\nbody .av-special-heading.av-ke9gaopy-c2c64b2cfc5aecc5dbe2b595ce89305f .av-special-heading-tag .heading-char{\nfont-size:25px;\n}\n.av-special-heading.av-ke9gaopy-c2c64b2cfc5aecc5dbe2b595ce89305f .av-subheading{\nfont-size:15px;\n}\n<\/style>\n<div  class='av-special-heading av-ke9gaopy-c2c64b2cfc5aecc5dbe2b595ce89305f av-special-heading-h3  avia-builder-el-3  el_before_av_textblock  avia-builder-el-first '><h3 class='av-special-heading-tag '  itemprop=\"headline\"  >V\u00e4lkommen till Ungoteket Blekinge!<\/h3><div class=\"special-heading-border\"><div class=\"special-heading-inner-border\"><\/div><\/div><\/div><br \/>\n<section  class='av_textblock_section av-ntiwe0-34a90e485806ed9197e7d79ba2d0ddb7 '   itemscope=\"itemscope\" itemtype=\"https:\/\/schema.org\/CreativeWork\" ><div class='avia_textblock'  itemprop=\"text\" ><p>I Blekinge genomf\u00f6r OK Orion Ungoteket f\u00f6r en grupp ungdomar f\u00f6dda 2003-2005.<\/p>\n<p>Kontaktperson f\u00f6r Ungotekets genomf\u00f6rande i OK Orion \u00e4r Jenny H\u00e5kansson <a href=\"mailto:jenny.hakansson@orientering.se\">jenny.hakansson@orientering.se<\/a><\/p>\n<\/div><\/section><br \/>\n\n<style type=\"text\/css\" data-created_by=\"avia_inline_auto\" id=\"style-css-av-280yq7-556e837c968ef1b802b2de7e9d9c61d0\">\n#top .av-special-heading.av-280yq7-556e837c968ef1b802b2de7e9d9c61d0{\npadding-bottom:10px;\n}\nbody .av-special-heading.av-280yq7-556e837c968ef1b802b2de7e9d9c61d0 .av-special-heading-tag .heading-char{\nfont-size:25px;\n}\n.av-special-heading.av-280yq7-556e837c968ef1b802b2de7e9d9c61d0 .av-subheading{\nfont-size:15px;\n}\n<\/style>\n<div  class='av-special-heading av-280yq7-556e837c968ef1b802b2de7e9d9c61d0 av-special-heading-h3 blockquote modern-quote modern-centered  avia-builder-el-5  el_after_av_textblock  el_before_av_button '><h3 class='av-special-heading-tag '  itemprop=\"headline\"  >Anm\u00e4lda f\u00f6reningar<\/h3><div class=\"special-heading-border\"><div class=\"special-heading-inner-border\"><\/div><\/div><\/div><br \/>\n<div  class='avia-button-wrap av-kylp1k-0d4b6dd4d7817434388abe9ac0c48600-wrap avia-button-center  avia-builder-el-6  el_after_av_heading  el_before_av_textblock '><a href='http:\/\/www.okorion.com\/' class='avia-button av-kylp1k-0d4b6dd4d7817434388abe9ac0c48600 av-link-btn avia-icon_select-no avia-size-large avia-position-center avia-color-theme-color' target=\"_blank\" rel=\"noopener noreferrer\" aria-label=\"OK Orion\"><span class='avia_iconbox_title' >OK Orion<\/span><\/a><\/div><br \/>\n<section  class='av_textblock_section av-jte6sd5z-190617ab004cd191b1d9a5581d498a7f '   itemscope=\"itemscope\" itemtype=\"https:\/\/schema.org\/CreativeWork\" ><div class='avia_textblock'  itemprop=\"text\" ><p>F\u00f6reningsprojekt:<\/p>\n<\/div><\/section><\/p><\/div>\n\n<style type=\"text\/css\" data-created_by=\"avia_inline_auto\" id=\"style-css-av-fmp1mg-b03b963198bbead3c8a1eefccff7cb32\">\n.flex_column.av-fmp1mg-b03b963198bbead3c8a1eefccff7cb32{\nborder-radius:0px 0px 0px 0px;\npadding:0px 0px 0px 0px;\n}\n<\/style>\n<div  class='flex_column av-fmp1mg-b03b963198bbead3c8a1eefccff7cb32 av_one_half  avia-builder-el-8  el_after_av_one_half  avia-builder-el-last  flex_column_div av-zero-column-padding  column-top-margin'     ><p>\n<style type=\"text\/css\" data-created_by=\"avia_inline_auto\" id=\"style-css-av-av_heading-f7212bb9904178b524664c1e8f3dcd48\">\n#top .av-special-heading.av-av_heading-f7212bb9904178b524664c1e8f3dcd48{\npadding-bottom:10px;\n}\nbody .av-special-heading.av-av_heading-f7212bb9904178b524664c1e8f3dcd48 .av-special-heading-tag .heading-char{\nfont-size:25px;\n}\n.av-special-heading.av-av_heading-f7212bb9904178b524664c1e8f3dcd48 .av-subheading{\nfont-size:15px;\n}\n<\/style>\n<div  class='av-special-heading av-av_heading-f7212bb9904178b524664c1e8f3dcd48 av-special-heading-h3  avia-builder-el-9  el_before_av_icon_box  avia-builder-el-first  av-linked-heading'><h3 class='av-special-heading-tag '  itemprop=\"headline\"  >Program OK Orion<\/h3><div class=\"special-heading-border\"><div class=\"special-heading-inner-border\"><\/div><\/div><\/div><br \/>\n\n<style type=\"text\/css\" data-created_by=\"avia_inline_auto\" id=\"style-css-av-c08jjs-f088d22ad7888a9835db281ae474c3a5\">\n.iconbox.av-c08jjs-f088d22ad7888a9835db281ae474c3a5 .iconbox_icon{\nborder:1px solid #316738;\ncolor:#316738;\n}\n<\/style>\n<article  class='iconbox iconbox_left_content av-c08jjs-f088d22ad7888a9835db281ae474c3a5  avia-builder-el-10  el_after_av_heading  el_before_av_hr '  itemscope=\"itemscope\" itemtype=\"https:\/\/schema.org\/CreativeWork\" ><div class=\"iconbox_icon heading-color\" aria-hidden='true' data-av_icon='\ue800' data-av_iconfont='fontello'><\/div><div class=\"iconbox_content\"><header class=\"entry-content-header\"><h3 class='iconbox_content_title '  itemprop=\"headline\" >Del 1: 24 juni<\/h3><\/header><div class='iconbox_content_container '  itemprop=\"text\" ><p><a href=\"https:\/\/klubb.ungoteket.se\/orientering\/idrottsforeningen\/\">Idrottsf\u00f6reningen<\/a> och <a href=\"https:\/\/klubb.ungoteket.se\/orientering\/foreningsprojekt\/\">F\u00f6reningsprojektet<\/a><\/p>\n<\/div><\/div><footer class=\"entry-footer\"><\/footer><\/article><br \/>\n<div  class='hr av-6tqxqg-30068f1b9311fbcf6b8bd6c66593327c hr-default  avia-builder-el-11  el_after_av_icon_box  el_before_av_icon_box '><span class='hr-inner '><span class=\"hr-inner-style\"><\/span><\/span><\/div><br \/>\n\n<style type=\"text\/css\" data-created_by=\"avia_inline_auto\" id=\"style-css-av-6g2lyw-5489cf302a1707f3ead14c8746664301\">\n.iconbox.av-6g2lyw-5489cf302a1707f3ead14c8746664301 .iconbox_icon{\nborder:1px solid #316738;\ncolor:#316738;\n}\n<\/style>\n<article  class='iconbox iconbox_left_content av-6g2lyw-5489cf302a1707f3ead14c8746664301  avia-builder-el-12  el_after_av_hr  el_before_av_hr '  itemscope=\"itemscope\" itemtype=\"https:\/\/schema.org\/CreativeWork\" ><div class=\"iconbox_icon heading-color\" aria-hidden='true' data-av_icon='\ue800' data-av_iconfont='fontello'><\/div><div class=\"iconbox_content\"><header class=\"entry-content-header\"><h3 class='iconbox_content_title '  itemprop=\"headline\" >Del 2: 7 juli<\/h3><\/header><div class='iconbox_content_container '  itemprop=\"text\" ><p><a href=\"https:\/\/klubb.ungoteket.se\/orientering\/arrangera\/\">Arrangera<\/a><\/p>\n<\/div><\/div><footer class=\"entry-footer\"><\/footer><\/article><br \/>\n<div  class='hr av-6tqxqg-30068f1b9311fbcf6b8bd6c66593327c hr-default  avia-builder-el-13  el_after_av_icon_box  el_before_av_icon_box '><span class='hr-inner '><span class=\"hr-inner-style\"><\/span><\/span><\/div><br \/>\n\n<style type=\"text\/css\" data-created_by=\"avia_inline_auto\" id=\"style-css-av-6g2lyw-74b16fb51540b23e8d2df962721b5c88\">\n.iconbox.av-6g2lyw-74b16fb51540b23e8d2df962721b5c88 .iconbox_icon{\nborder:1px solid #316738;\ncolor:#316738;\n}\n<\/style>\n<article  class='iconbox iconbox_left_content av-6g2lyw-74b16fb51540b23e8d2df962721b5c88  avia-builder-el-14  el_after_av_hr  el_before_av_hr '  itemscope=\"itemscope\" itemtype=\"https:\/\/schema.org\/CreativeWork\" ><div class=\"iconbox_icon heading-color\" aria-hidden='true' data-av_icon='\ue800' data-av_iconfont='fontello'><\/div><div class=\"iconbox_content\"><header class=\"entry-content-header\"><h3 class='iconbox_content_title '  itemprop=\"headline\" >Del 3: 29 oktober<\/h3><\/header><div class='iconbox_content_container '  itemprop=\"text\" ><p><a href=\"https:\/\/klubb.ungoteket.se\/orientering\/kartritning\/\">Kartritning<\/a><\/p>\n<\/div><\/div><footer class=\"entry-footer\"><\/footer><\/article><br \/>\n<div  class='hr av-6tqxqg-30068f1b9311fbcf6b8bd6c66593327c hr-default  avia-builder-el-15  el_after_av_icon_box  el_before_av_icon_box '><span class='hr-inner '><span class=\"hr-inner-style\"><\/span><\/span><\/div><br \/>\n\n<style type=\"text\/css\" data-created_by=\"avia_inline_auto\" id=\"style-css-av-6g2lyw-d289f255be1da1177cb651295814a17e\">\n.iconbox.av-6g2lyw-d289f255be1da1177cb651295814a17e .iconbox_icon{\nborder:1px solid #316738;\ncolor:#316738;\n}\n<\/style>\n<article  class='iconbox iconbox_left_content av-6g2lyw-d289f255be1da1177cb651295814a17e  avia-builder-el-16  el_after_av_hr  el_before_av_hr '  itemscope=\"itemscope\" itemtype=\"https:\/\/schema.org\/CreativeWork\" ><div class=\"iconbox_icon heading-color\" aria-hidden='true' data-av_icon='\ue800' data-av_iconfont='fontello'><\/div><div class=\"iconbox_content\"><header class=\"entry-content-header\"><h3 class='iconbox_content_title '  itemprop=\"headline\" >Del 4: 22 november<\/h3><\/header><div class='iconbox_content_container '  itemprop=\"text\" ><p><a href=\"https:\/\/klubb.ungoteket.se\/orientering\/information-kommunikation\/\">Information &amp; kommunikation<\/a><\/p>\n<\/div><\/div><footer class=\"entry-footer\"><\/footer><\/article><br \/>\n<div  class='hr av-6tqxqg-30068f1b9311fbcf6b8bd6c66593327c hr-default  avia-builder-el-17  el_after_av_icon_box  el_before_av_icon_box '><span class='hr-inner '><span class=\"hr-inner-style\"><\/span><\/span><\/div><br \/>\n\n<style type=\"text\/css\" data-created_by=\"avia_inline_auto\" id=\"style-css-av-6g2lyw-8d8e900cce371e36ff6c859da5419a88\">\n.iconbox.av-6g2lyw-8d8e900cce371e36ff6c859da5419a88 .iconbox_icon{\nborder:1px solid #316738;\ncolor:#316738;\n}\n<\/style>\n<article  class='iconbox iconbox_left_content av-6g2lyw-8d8e900cce371e36ff6c859da5419a88  avia-builder-el-18  el_after_av_hr  avia-builder-el-last '  itemscope=\"itemscope\" itemtype=\"https:\/\/schema.org\/CreativeWork\" ><div class=\"iconbox_icon heading-color\" aria-hidden='true' data-av_icon='\ue800' data-av_iconfont='fontello'><\/div><div class=\"iconbox_content\"><header class=\"entry-content-header\"><h3 class='iconbox_content_title '  itemprop=\"headline\" >Del 5 & 6: 6 december (prelimin\u00e4rt)<\/h3><\/header><div class='iconbox_content_container '  itemprop=\"text\" ><p><a href=\"https:\/\/klubb.ungoteket.se\/orientering\/ledarskap\/\">Ledarskap<\/a> och <a href=\"https:\/\/klubb.ungoteket.se\/orientering\/orienterings-it\/\">Orienterings-IT<\/a><\/p>\n<\/div><\/div><footer class=\"entry-footer\"><\/footer><\/article><\/p><\/div>\n","protected":false},"excerpt":{"rendered":"","protected":false},"author":16,"featured_media":0,"parent":0,"menu_order":0,"comment_status":"closed","ping_status":"closed","template":"","meta":{"footnotes":""},"_links":{"self":[{"href":"https:\/\/klubb.ungoteket.se\/orientering\/wp-json\/wp\/v2\/pages\/4287"}],"collection":[{"href":"https:\/\/klubb.ungoteket.se\/orientering\/wp-json\/wp\/v2\/pages"}],"about":[{"href":"https:\/\/klubb.ungoteket.se\/orientering\/wp-json\/wp\/v2\/types\/page"}],"author":[{"embeddable":true,"href":"https:\/\/klubb.ungoteket.se\/orientering\/wp-json\/wp\/v2\/users\/16"}],"replies":[{"embeddable":true,"href":"https:\/\/klubb.ungoteket.se\/orientering\/wp-json\/wp\/v2\/comments?post=4287"}],"version-history":[{"count":4,"href":"https:\/\/klubb.ungoteket.se\/orientering\/wp-json\/wp\/v2\/pages\/4287\/revisions"}],"predecessor-version":[{"id":4510,"href":"https:\/\/klubb.ungoteket.se\/orientering\/wp-json\/wp\/v2\/pages\/4287\/revisions\/4510"}],"wp:attachment":[{"href":"https:\/\/klubb.ungoteket.se\/orientering\/wp-json\/wp\/v2\/media?parent=4287"}],"curies":[{"name":"wp","href":"https:\/\/api.w.org\/{rel}","templated":true}]}}