{"id":4253,"date":"2020-08-25T04:41:08","date_gmt":"2020-08-25T02:41:08","guid":{"rendered":"https:\/\/klubb.ungoteket.se\/orientering\/?page_id=4253"},"modified":"2020-09-25T12:04:15","modified_gmt":"2020-09-25T10:04:15","slug":"ungoteket-stockholm","status":"publish","type":"page","link":"https:\/\/klubb.ungoteket.se\/orientering\/ungoteket-stockholm\/","title":{"rendered":"Ungoteket Stockholm 2021"},"content":{"rendered":"\n<style type=\"text\/css\" data-created_by=\"avia_inline_auto\" id=\"style-css-av-15qwrm6-742adc7dc4cce54bca77149cd376f200\">\n.flex_column.av-15qwrm6-742adc7dc4cce54bca77149cd376f200{\nborder-radius:0px 0px 0px 0px;\npadding:0px 0px 0px 0px;\n}\n<\/style>\n<div  class='flex_column av-15qwrm6-742adc7dc4cce54bca77149cd376f200 av_one_full  avia-builder-el-0  el_before_av_one_half  avia-builder-el-first  first flex_column_div av-zero-column-padding  '     ><div  class='avia-slideshow av-14o3iou-982403bfab89494da8c482f743e9ca33 avia-slideshow-featured_large av_slideshow avia-slide-slider  avia-builder-el-1  avia-builder-el-no-sibling  av-slideshow-ui av-control-default av-slideshow-autoplay av-loop-endless av-loop-manual-endless av-default-height-applied avia-slideshow-1' data-slideshow-options=\"{&quot;animation&quot;:&quot;slide&quot;,&quot;autoplay&quot;:true,&quot;loop_autoplay&quot;:&quot;endless&quot;,&quot;interval&quot;:5,&quot;loop_manual&quot;:&quot;manual-endless&quot;,&quot;autoplay_stopper&quot;:false,&quot;noNavigation&quot;:false,&quot;bg_slider&quot;:false,&quot;keep_padding&quot;:false,&quot;hoverpause&quot;:false,&quot;show_slide_delay&quot;:0}\"  itemprop=\"image\" itemscope=\"itemscope\" itemtype=\"https:\/\/schema.org\/ImageObject\" ><ul class='avia-slideshow-inner ' style='padding-bottom: 41.0299003322%;'><li  class='avia-slideshow-slide av-14o3iou-982403bfab89494da8c482f743e9ca33__0  av-single-slide slide-1 slide-odd'><div data-rel='slideshow-1' class='avia-slide-wrap '   ><img decoding=\"async\" fetchpriority=\"high\" class=\"wp-image-4022 avia-img-lazy-loading-not-4022\"  src=\"https:\/\/klubb.ungoteket.se\/orientering\/wp-content\/uploads\/sites\/4\/2020\/03\/H\u00f6\u00f6rs-M\u00f6lla-2-2.jpg\" width=\"602\" height=\"247\" title='H\u00f6\u00f6rs M\u00f6lla' alt=''  itemprop=\"thumbnailUrl\" srcset=\"https:\/\/klubb.ungoteket.se\/orientering\/wp-content\/uploads\/sites\/4\/2020\/03\/H\u00f6\u00f6rs-M\u00f6lla-2-2.jpg 602w, https:\/\/klubb.ungoteket.se\/orientering\/wp-content\/uploads\/sites\/4\/2020\/03\/H\u00f6\u00f6rs-M\u00f6lla-2-2-300x123.jpg 300w, https:\/\/klubb.ungoteket.se\/orientering\/wp-content\/uploads\/sites\/4\/2020\/03\/H\u00f6\u00f6rs-M\u00f6lla-2-2-450x185.jpg 450w\" sizes=\"(max-width: 602px) 100vw, 602px\" \/><\/div><\/li><\/ul><div class='av-slideshow-caption av-14o3iou-982403bfab89494da8c482f743e9ca33__0 avia-caption'><div class=\"avia-inner-caption\"><h2 class='avia-caption-title '  itemprop=\"name\" >Ungoteket Stockholm 2021<\/h2><\/div><\/div><\/div><\/div>\n<style type=\"text\/css\" data-created_by=\"avia_inline_auto\" id=\"style-css-av-11tbo8u-74710006d8dfd2ce0ba270c9241fab56\">\n.flex_column.av-11tbo8u-74710006d8dfd2ce0ba270c9241fab56{\nborder-radius:0px 0px 0px 0px;\npadding:0px 0px 0px 0px;\n}\n<\/style>\n<div  class='flex_column av-11tbo8u-74710006d8dfd2ce0ba270c9241fab56 av_one_half  avia-builder-el-2  el_after_av_one_full  el_before_av_one_half  first flex_column_div av-zero-column-padding  column-top-margin'     ><p>\n<style type=\"text\/css\" data-created_by=\"avia_inline_auto\" id=\"style-css-av-3zerrh-d0212dae86fdd6c2ffe5d21541da299e\">\n#top .av-special-heading.av-3zerrh-d0212dae86fdd6c2ffe5d21541da299e{\npadding-bottom:10px;\n}\nbody .av-special-heading.av-3zerrh-d0212dae86fdd6c2ffe5d21541da299e .av-special-heading-tag .heading-char{\nfont-size:25px;\n}\n.av-special-heading.av-3zerrh-d0212dae86fdd6c2ffe5d21541da299e .av-subheading{\nfont-size:15px;\n}\n<\/style>\n<div  class='av-special-heading av-3zerrh-d0212dae86fdd6c2ffe5d21541da299e av-special-heading-h3  avia-builder-el-3  el_before_av_textblock  avia-builder-el-first '><h3 class='av-special-heading-tag '  itemprop=\"headline\"  >V\u00e4lkommen till Ungoteket Stockholm!<\/h3><div class=\"special-heading-border\"><div class=\"special-heading-inner-border\"><\/div><\/div><\/div><br \/>\n<section  class='av_textblock_section av-3gtzym-ab20163c1abe6a6f80457fec5c1600aa '   itemscope=\"itemscope\" itemtype=\"https:\/\/schema.org\/CreativeWork\" ><div class='avia_textblock'  itemprop=\"text\" ><p>Ungoteket Stockholm \u00e4r f\u00f6r ungdomar f\u00f6dda 2007 eller tidigare.<\/p>\n<p>P\u00e5 den h\u00e4r sidan kommer du att hitta information om n\u00e4r och var tr\u00e4ffarna \u00e4r samt vad som h\u00e4nder p\u00e5 varje tr\u00e4ff.<\/p>\n<p>Ut\u00f6ver tr\u00e4ffarna genomf\u00f6r ni ert f\u00f6reningsprojekt och d\u00e4refter tr\u00e4ffas ni f\u00f6r att utv\u00e4rdera och t\u00e4nka fram\u00e5t.<\/p>\n<p><a href=\"http:\/\/www.svenskorientering.se\/Distrikt\/stockholmsorienteringsforbund\/Utbildning\/Ungoteket\/\" target=\"_blank\" rel=\"noopener noreferrer\">H\u00e4r p\u00e5 Stockholms OFs utbildningssida kan du l\u00e4sa mer om Ungoteket Klubb Stockholm<\/a><\/p>\n<p>Har du fr\u00e5gor? H\u00f6r av dig till <a href=\"mailto:per.forsberg@stockholmsidrotten.se\">Stockholms Orienteringsf\u00f6rbund<\/a>.<\/p>\n<\/div><\/section><br \/>\n\n<style type=\"text\/css\" data-created_by=\"avia_inline_auto\" id=\"style-css-av-2wp60d-bc2822762237f5c2413d4a9b23f70e5b\">\n#top .av-special-heading.av-2wp60d-bc2822762237f5c2413d4a9b23f70e5b{\npadding-bottom:10px;\n}\nbody .av-special-heading.av-2wp60d-bc2822762237f5c2413d4a9b23f70e5b .av-special-heading-tag .heading-char{\nfont-size:25px;\n}\n.av-special-heading.av-2wp60d-bc2822762237f5c2413d4a9b23f70e5b .av-subheading{\nfont-size:15px;\n}\n<\/style>\n<div  class='av-special-heading av-2wp60d-bc2822762237f5c2413d4a9b23f70e5b av-special-heading-h3 blockquote modern-quote modern-centered  avia-builder-el-5  el_after_av_textblock  el_before_av_button '><h3 class='av-special-heading-tag '  itemprop=\"headline\"  >Anm\u00e4lda f\u00f6reningar<\/h3><div class=\"special-heading-border\"><div class=\"special-heading-inner-border\"><\/div><\/div><\/div><br \/>\n<div  class='avia-button-wrap av-tyicgu-63e8a772065ecd0f2724ff3b17047f26-wrap avia-button-center  avia-builder-el-6  el_after_av_heading  el_before_av_textblock '><a href='' class='avia-button av-tyicgu-63e8a772065ecd0f2724ff3b17047f26 av-link-btn avia-icon_select-no avia-size-large avia-position-center avia-color-theme-color' target=\"_blank\" rel=\"noopener noreferrer\" aria-label=\"F\u00f6reningens namn\"><span class='avia_iconbox_title' >F\u00f6reningens namn<\/span><\/a><\/div><br \/>\n<section  class='av_textblock_section av-jutoqq2b-9d1e9d37b66da0401494adac0b754548 '   itemscope=\"itemscope\" itemtype=\"https:\/\/schema.org\/CreativeWork\" ><div class='avia_textblock'  itemprop=\"text\" ><p>F\u00f6reningsprojekt:<\/p>\n<\/div><\/section><\/p><\/div><\/p>\n\n<style type=\"text\/css\" data-created_by=\"avia_inline_auto\" id=\"style-css-av-jd1a1a-b7fe569e3cfe834c853ddad9a45f83d0\">\n.flex_column.av-jd1a1a-b7fe569e3cfe834c853ddad9a45f83d0{\nborder-radius:0px 0px 0px 0px;\npadding:0px 0px 0px 0px;\n}\n<\/style>\n<div  class='flex_column av-jd1a1a-b7fe569e3cfe834c853ddad9a45f83d0 av_one_half  avia-builder-el-8  el_after_av_one_half  avia-builder-el-last  flex_column_div av-zero-column-padding  column-top-margin'     ><p>\n<style type=\"text\/css\" data-created_by=\"avia_inline_auto\" id=\"style-css-av-ke9cbxm1-f913712fb17c95613cdd9c6cc933c31f\">\n#top .av-special-heading.av-ke9cbxm1-f913712fb17c95613cdd9c6cc933c31f{\npadding-bottom:10px;\n}\nbody .av-special-heading.av-ke9cbxm1-f913712fb17c95613cdd9c6cc933c31f .av-special-heading-tag .heading-char{\nfont-size:25px;\n}\n.av-special-heading.av-ke9cbxm1-f913712fb17c95613cdd9c6cc933c31f .av-subheading{\nfont-size:15px;\n}\n<\/style>\n<div  class='av-special-heading av-ke9cbxm1-f913712fb17c95613cdd9c6cc933c31f av-special-heading-h3  avia-builder-el-9  el_before_av_icon_box  avia-builder-el-first '><h3 class='av-special-heading-tag '  itemprop=\"headline\"  >Program 2021<\/h3><div class=\"special-heading-border\"><div class=\"special-heading-inner-border\"><\/div><\/div><\/div><br \/>\n\n<style type=\"text\/css\" data-created_by=\"avia_inline_auto\" id=\"style-css-av-f5yypq-6ae989256ae30153b181e6684dc323d8\">\n.iconbox.av-f5yypq-6ae989256ae30153b181e6684dc323d8 .iconbox_icon{\nborder:1px solid #316738;\ncolor:#316738;\n}\n<\/style>\n<article  class='iconbox iconbox_left_content av-f5yypq-6ae989256ae30153b181e6684dc323d8  avia-builder-el-10  el_after_av_heading  el_before_av_hr '  itemscope=\"itemscope\" itemtype=\"https:\/\/schema.org\/CreativeWork\" ><div class=\"iconbox_icon heading-color\" aria-hidden='true' data-av_icon='\ue800' data-av_iconfont='fontello'><\/div><div class=\"iconbox_content\"><header class=\"entry-content-header\"><h3 class='iconbox_content_title '  itemprop=\"headline\" >Del 1:<\/h3><\/header><div class='iconbox_content_container '  itemprop=\"text\" ><p>Datum planeras<\/p>\n<p>Introduktion till Ungoteket Klubb Stockholm 2020.<\/p>\n<p>Det f\u00f6rsta momentet Ledarskap genomf\u00f6rs<\/p>\n<p>Plats: planeras<\/p>\n<\/div><\/div><footer class=\"entry-footer\"><\/footer><\/article><br \/>\n<div  class='hr av-ekt05q-420183d4aa6c23426ea73c6705f9bd5f hr-default  avia-builder-el-11  el_after_av_icon_box  el_before_av_icon_box '><span class='hr-inner '><span class=\"hr-inner-style\"><\/span><\/span><\/div><br \/>\n\n<style type=\"text\/css\" data-created_by=\"avia_inline_auto\" id=\"style-css-av-coqaum-149d1470822d8e9c80486d282e51c191\">\n.iconbox.av-coqaum-149d1470822d8e9c80486d282e51c191 .iconbox_icon{\nborder:1px solid #316738;\ncolor:#316738;\n}\n<\/style>\n<article  class='iconbox iconbox_left_content av-coqaum-149d1470822d8e9c80486d282e51c191  avia-builder-el-12  el_after_av_hr  el_before_av_hr '  itemscope=\"itemscope\" itemtype=\"https:\/\/schema.org\/CreativeWork\" ><div class=\"iconbox_icon heading-color\" aria-hidden='true' data-av_icon='\ue800' data-av_iconfont='fontello'><\/div><div class=\"iconbox_content\"><header class=\"entry-content-header\"><h3 class='iconbox_content_title '  itemprop=\"headline\" >Del 2: <\/h3><\/header><div class='iconbox_content_container '  itemprop=\"text\" ><p>Datum planeras<\/p>\n<p>Momenten Kartritning och Banl\u00e4ggning genomf\u00f6rs<\/p>\n<p>Plats: planeras<\/p>\n<\/div><\/div><footer class=\"entry-footer\"><\/footer><\/article><br \/>\n<div  class='hr av-a8fpu6-3dc39b088d081e72dafcf55840c583fb hr-default  avia-builder-el-13  el_after_av_icon_box  el_before_av_icon_box '><span class='hr-inner '><span class=\"hr-inner-style\"><\/span><\/span><\/div><br \/>\n\n<style type=\"text\/css\" data-created_by=\"avia_inline_auto\" id=\"style-css-av-9f09em-eb920a177b2ff782c8ad818b6dd503ee\">\n.iconbox.av-9f09em-eb920a177b2ff782c8ad818b6dd503ee .iconbox_icon{\nborder:1px solid #316738;\ncolor:#316738;\n}\n<\/style>\n<article  class='iconbox iconbox_left_content av-9f09em-eb920a177b2ff782c8ad818b6dd503ee  avia-builder-el-14  el_after_av_hr  el_before_av_hr '  itemscope=\"itemscope\" itemtype=\"https:\/\/schema.org\/CreativeWork\" ><div class=\"iconbox_icon heading-color\" aria-hidden='true' data-av_icon='\ue800' data-av_iconfont='fontello'><\/div><div class=\"iconbox_content\"><header class=\"entry-content-header\"><h3 class='iconbox_content_title '  itemprop=\"headline\" >Del 3:<\/h3><\/header><div class='iconbox_content_container '  itemprop=\"text\" ><p>Datum planeras<\/p>\n<p>Momenten Idrottsf\u00f6reningen och Information &#038; Kommunikation genomf\u00f6rs<\/p>\n<p>Plats: planeras<\/p>\n<\/div><\/div><footer class=\"entry-footer\"><\/footer><\/article><br \/>\n<div  class='hr av-71d21a-2ba28c14389d0e70cab0aa367d667229 hr-default  avia-builder-el-15  el_after_av_icon_box  el_before_av_icon_box '><span class='hr-inner '><span class=\"hr-inner-style\"><\/span><\/span><\/div><br \/>\n\n<style type=\"text\/css\" data-created_by=\"avia_inline_auto\" id=\"style-css-av-5retke-113639e3280c9bb75a1ff32917eb0830\">\n.iconbox.av-5retke-113639e3280c9bb75a1ff32917eb0830 .iconbox_icon{\nborder:1px solid #316738;\ncolor:#316738;\n}\n<\/style>\n<article  class='iconbox iconbox_left_content av-5retke-113639e3280c9bb75a1ff32917eb0830  avia-builder-el-16  el_after_av_hr  el_before_av_hr '  itemscope=\"itemscope\" itemtype=\"https:\/\/schema.org\/CreativeWork\" ><div class=\"iconbox_icon heading-color\" aria-hidden='true' data-av_icon='\ue800' data-av_iconfont='fontello'><\/div><div class=\"iconbox_content\"><header class=\"entry-content-header\"><h3 class='iconbox_content_title '  itemprop=\"headline\" >Del 4: <\/h3><\/header><div class='iconbox_content_container '  itemprop=\"text\" ><p>Datum planeras<\/p>\n<p>Momenten Orientering-IT och Arrangemang genomf\u00f6rs<\/p>\n<p>Plats: planeras<\/p>\n<\/div><\/div><footer class=\"entry-footer\"><\/footer><\/article><br \/>\n<div  class='hr av-4gdshq-e376928cc663c6fba904fe543e95ca75 hr-default  avia-builder-el-17  el_after_av_icon_box  avia-builder-el-last '><span class='hr-inner '><span class=\"hr-inner-style\"><\/span><\/span><\/div><\/p><\/div>\n","protected":false},"excerpt":{"rendered":"","protected":false},"author":6,"featured_media":0,"parent":0,"menu_order":0,"comment_status":"closed","ping_status":"closed","template":"","meta":{"footnotes":""},"_links":{"self":[{"href":"https:\/\/klubb.ungoteket.se\/orientering\/wp-json\/wp\/v2\/pages\/4253"}],"collection":[{"href":"https:\/\/klubb.ungoteket.se\/orientering\/wp-json\/wp\/v2\/pages"}],"about":[{"href":"https:\/\/klubb.ungoteket.se\/orientering\/wp-json\/wp\/v2\/types\/page"}],"author":[{"embeddable":true,"href":"https:\/\/klubb.ungoteket.se\/orientering\/wp-json\/wp\/v2\/users\/6"}],"replies":[{"embeddable":true,"href":"https:\/\/klubb.ungoteket.se\/orientering\/wp-json\/wp\/v2\/comments?post=4253"}],"version-history":[{"count":5,"href":"https:\/\/klubb.ungoteket.se\/orientering\/wp-json\/wp\/v2\/pages\/4253\/revisions"}],"predecessor-version":[{"id":5501,"href":"https:\/\/klubb.ungoteket.se\/orientering\/wp-json\/wp\/v2\/pages\/4253\/revisions\/5501"}],"wp:attachment":[{"href":"https:\/\/klubb.ungoteket.se\/orientering\/wp-json\/wp\/v2\/media?parent=4253"}],"curies":[{"name":"wp","href":"https:\/\/api.w.org\/{rel}","templated":true}]}}