{"id":422,"date":"2017-06-09T12:03:21","date_gmt":"2017-06-09T10:03:21","guid":{"rendered":"https:\/\/klubb.ungoteket.se\/orientering\/?page_id=422"},"modified":"2022-09-19T21:02:49","modified_gmt":"2022-09-19T19:02:49","slug":"att-vara-mentor","status":"publish","type":"page","link":"https:\/\/klubb.ungoteket.se\/orientering\/att-vara-mentor\/","title":{"rendered":"Att vara mentor"},"content":{"rendered":"\n<style type=\"text\/css\" data-created_by=\"avia_inline_auto\" id=\"style-css-av-1mfxu6-e38014d5620dc04eeef6003c3d8ad619\">\n.flex_column.av-1mfxu6-e38014d5620dc04eeef6003c3d8ad619{\nborder-radius:0px 0px 0px 0px;\npadding:0px 0px 0px 0px;\n}\n<\/style>\n<div  class='flex_column av-1mfxu6-e38014d5620dc04eeef6003c3d8ad619 av_one_full  avia-builder-el-0  el_before_av_one_half  avia-builder-el-first  first flex_column_div av-zero-column-padding  '     ><div  class='avia-slideshow av-1g5tem-a215332cc7befdd2e83eb2da38bbefc0 avia-slideshow-featured_large av_slideshow avia-slide-slider  avia-builder-el-1  avia-builder-el-no-sibling  av-slideshow-ui av-control-default av-slideshow-manual av-loop-once av-loop-manual-endless av-default-height-applied avia-slideshow-1' data-slideshow-options=\"{&quot;animation&quot;:&quot;slide&quot;,&quot;autoplay&quot;:false,&quot;loop_autoplay&quot;:&quot;once&quot;,&quot;interval&quot;:5,&quot;loop_manual&quot;:&quot;manual-endless&quot;,&quot;autoplay_stopper&quot;:false,&quot;noNavigation&quot;:false,&quot;bg_slider&quot;:false,&quot;keep_padding&quot;:false,&quot;hoverpause&quot;:false,&quot;show_slide_delay&quot;:0}\"  itemprop=\"image\" itemscope=\"itemscope\" itemtype=\"https:\/\/schema.org\/ImageObject\" ><ul class='avia-slideshow-inner ' style='padding-bottom: 42%;'><li  class='avia-slideshow-slide av-1g5tem-a215332cc7befdd2e83eb2da38bbefc0__0  av-single-slide slide-1 slide-odd'><div data-rel='slideshow-1' class='avia-slide-wrap '   ><img decoding=\"async\" fetchpriority=\"high\" class=\"wp-image-755 avia-img-lazy-loading-not-755\"  src=\"https:\/\/klubb.ungoteket.se\/orientering\/wp-content\/uploads\/sites\/4\/2017\/08\/Kartritning13-1500x630.jpg\" width=\"1500\" height=\"630\" title='' alt=''  itemprop=\"thumbnailUrl\"   \/><\/div><\/li><\/ul><div class='av-slideshow-caption av-1g5tem-a215332cc7befdd2e83eb2da38bbefc0__0 avia-caption'><div class=\"avia-inner-caption\"><h2 class='avia-caption-title '  itemprop=\"name\" >Att vara mentor<\/h2><\/div><\/div><\/div><\/div>\n\n<style type=\"text\/css\" data-created_by=\"avia_inline_auto\" id=\"style-css-av-15htby-5b40cde88acceff0edba902be2833a69\">\n.flex_column.av-15htby-5b40cde88acceff0edba902be2833a69{\nborder-radius:0px 0px 0px 0px;\npadding:0px 0px 0px 0px;\n}\n<\/style>\n<div  class='flex_column av-15htby-5b40cde88acceff0edba902be2833a69 av_one_half  avia-builder-el-2  el_after_av_one_full  el_before_av_one_half  first flex_column_div av-zero-column-padding  column-top-margin'     ><p>\n<style type=\"text\/css\" data-created_by=\"avia_inline_auto\" id=\"style-css-av-f9y5y-fb41a3586653b392ec589f8d617644ec\">\n#top .av-special-heading.av-f9y5y-fb41a3586653b392ec589f8d617644ec{\npadding-bottom:10px;\n}\nbody .av-special-heading.av-f9y5y-fb41a3586653b392ec589f8d617644ec .av-special-heading-tag .heading-char{\nfont-size:25px;\n}\n.av-special-heading.av-f9y5y-fb41a3586653b392ec589f8d617644ec .av-subheading{\nfont-size:15px;\n}\n<\/style>\n<div  class='av-special-heading av-f9y5y-fb41a3586653b392ec589f8d617644ec av-special-heading-h3  avia-builder-el-3  el_before_av_textblock  avia-builder-el-first '><h3 class='av-special-heading-tag '  itemprop=\"headline\"  >Vem kan vara mentor?<\/h3><div class=\"special-heading-border\"><div class=\"special-heading-inner-border\"><\/div><\/div><\/div><br \/>\n<section  class='av_textblock_section av-rprb2-ec6672801e7e09c7cd683dadb2f1239c '   itemscope=\"itemscope\" itemtype=\"https:\/\/schema.org\/CreativeWork\" ><div class='avia_textblock'  itemprop=\"text\" ><p>Varje Ungoteketteam beh\u00f6ver minst en mentor. Mentorn kan vara en ledare eller funktion\u00e4r i f\u00f6reningen eller en ungdom som \u00e4r \u00e4ldre \u00e4n Ungoteketteamet. Mentorn beh\u00f6ver inte ha n\u00e5gra speciella f\u00f6rkunskaper utan kan se Ungoteket som en m\u00f6jlighet att l\u00e4ra sig mer om Ungotekets olika delar.<\/p>\n<p>En mentor kan vara anm\u00e4ld till fler \u00e4n ett team. Vill du vara med i Ungoteket men saknar n\u00e5gon som kan vara mentor? H\u00f6r av dig till <a href=\"mailto:info@ungoteket.se\">info@ungoteket.se<\/a> s\u00e5 hj\u00e4lper vi till!<\/p>\n<p>Mentorns fr\u00e4msta uppgift \u00e4r att st\u00f6tta ungdomarna i arbetet med projektet och se till att de tar sig fram\u00e5t. Det \u00e4r bra om mentorn kan vara med p\u00e5 den f\u00f6rsta tr\u00e4ffen. D\u00e4refter \u00e4r det inget m\u00e5ste men naturligtvis \u00e4r det roligt om mentorn passar p\u00e5 att vara med deltagarna och kanske \u00e4ven kan l\u00e4ra sig n\u00e5got f\u00f6r egen del!<\/p>\n<p>Hur stor insats som beh\u00f6vs av mentorn beror p\u00e5 hur sj\u00e4lvg\u00e5ende Ungoteketteamet \u00e4r. Tips till hur du blir en bra mentor hittar du h\u00e4r intill. Kom ih\u00e5g att anpassa r\u00e5den till din mentorsituation, den k\u00e4nner du till b\u00e4st sj\u00e4lv!<\/p>\n<\/div><\/section><\/p><\/div>\n\n<style type=\"text\/css\" data-created_by=\"avia_inline_auto\" id=\"style-css-av-k1zu6-f819372a08872899ac0d2bdf46458dee\">\n.flex_column.av-k1zu6-f819372a08872899ac0d2bdf46458dee{\nborder-radius:0px 0px 0px 0px;\npadding:0px 0px 0px 0px;\n}\n<\/style>\n<div  class='flex_column av-k1zu6-f819372a08872899ac0d2bdf46458dee av_one_half  avia-builder-el-5  el_after_av_one_half  avia-builder-el-last  flex_column_div av-zero-column-padding  column-top-margin'     ><p>\n<style type=\"text\/css\" data-created_by=\"avia_inline_auto\" id=\"style-css-av-av_heading-6813b019c93f21b9d19c78226179b3c3\">\n#top .av-special-heading.av-av_heading-6813b019c93f21b9d19c78226179b3c3{\npadding-bottom:10px;\n}\nbody .av-special-heading.av-av_heading-6813b019c93f21b9d19c78226179b3c3 .av-special-heading-tag .heading-char{\nfont-size:25px;\n}\n.av-special-heading.av-av_heading-6813b019c93f21b9d19c78226179b3c3 .av-subheading{\nfont-size:15px;\n}\n<\/style>\n<div  class='av-special-heading av-av_heading-6813b019c93f21b9d19c78226179b3c3 av-special-heading-h3  avia-builder-el-6  el_before_av_textblock  avia-builder-el-first  av-linked-heading'><h3 class='av-special-heading-tag '  itemprop=\"headline\"  >Tips till mentorn<\/h3><div class=\"special-heading-border\"><div class=\"special-heading-inner-border\"><\/div><\/div><\/div><br \/>\n<section  class='av_textblock_section av-7jjse-8c75d3cdb748f8f7225fba0c1e21ec30 '   itemscope=\"itemscope\" itemtype=\"https:\/\/schema.org\/CreativeWork\" ><div class='avia_textblock'  itemprop=\"text\" ><ul>\n<li>H\u00e4r p\u00e5 ungoteket.se finns massvis med tips och r\u00e5d f\u00f6r arbetet med f\u00f6reningsprojektet och de olika \u00f6vningarna. Hj\u00e4lp teamet att hitta till sidan <a href=\"https:\/\/klubb.ungoteket.se\/orientering\/foreningsprojekt\/\" target=\"_blank\" rel=\"noopener noreferrer\">F\u00f6reningsprojekt<\/a>\u00a0och det material som finns d\u00e4r.<\/li>\n<li>Under \u00d6vningar hittar ni fler anv\u00e4ndbara tips. Kolla s\u00e4rskilt in <a href=\"https:\/\/klubb.ungoteket.se\/orientering\/arrangera\/\" target=\"_blank\" rel=\"noopener\">Arrangera<\/a>.<\/li>\n<li>Hj\u00e4lp teamet s\u00e5 att varje deltagare deltar i diskussioner och f\u00e5r chansen att s\u00e4ga sin mening.<\/li>\n<li>F\u00f6rs\u00f6k att inte svara direkt p\u00e5 ungdomarnas fr\u00e5gor, st\u00e4ll ist\u00e4llet v\u00e4gledande fr\u00e5gor till dem.<\/li>\n<li>G\u00f6r uppgifter med deltagarna och inte \u00e5t dem.<\/li>\n<li>P\u00e5minn om att boka tid f\u00f6r projektm\u00f6ten. Tipsa om att ta hj\u00e4lp av <a href=\"https:\/\/docs.google.com\/presentation\/d\/1sy6IwWFBUICcllmwjo0H9GDjPek4mK1u\/edit?usp=sharing&amp;ouid=103559110516890225801&amp;rtpof=true&amp;sd=true\" target=\"_blank\" rel=\"noopener noreferrer\">M\u00f6tesagendan<\/a>.<\/li>\n<li>F\u00f6rs\u00f6k f\u00e5 deltagarna att s\u00e4tta deadlines f\u00f6r n\u00e4r olika uppgifter ska vara klara.<\/li>\n<li>Hj\u00e4lp teamet att begr\u00e4nsa projektets omfattning s\u00e5 att det blir roligt och rimligt att genomf\u00f6ra.<\/li>\n<li>St\u00f6tta vid f\u00f6rdelning av arbets- och ansvarsuppgifter s\u00e5 att alla i teamet blir delaktiga.<\/li>\n<li>St\u00e4ll fr\u00e5gor som f\u00e5r ungdomarna att uppm\u00e4rksamma s\u00e4rskilt viktiga omr\u00e5den eller eventuella missar i sin planering.<\/li>\n<li>Var behj\u00e4lplig om teamet beh\u00f6ver s\u00f6ka ekonomiskt bidrag till sitt projekt.<\/li>\n<li>Ta bilder och filma n\u00e4r teamet planerar och genomf\u00f6r f\u00f6reningsprojektet.<\/li>\n<li>Slutligen: ett \u00f6ppet sinne, lyh\u00f6rdhet och mycket gl\u00e4dje \u00e4r bra ord f\u00f6r en mentor att ta fasta p\u00e5!<\/li>\n<\/ul>\n<\/div><\/section><\/p><\/div>\n","protected":false},"excerpt":{"rendered":"","protected":false},"author":1,"featured_media":0,"parent":0,"menu_order":0,"comment_status":"closed","ping_status":"closed","template":"","meta":{"footnotes":""},"_links":{"self":[{"href":"https:\/\/klubb.ungoteket.se\/orientering\/wp-json\/wp\/v2\/pages\/422"}],"collection":[{"href":"https:\/\/klubb.ungoteket.se\/orientering\/wp-json\/wp\/v2\/pages"}],"about":[{"href":"https:\/\/klubb.ungoteket.se\/orientering\/wp-json\/wp\/v2\/types\/page"}],"author":[{"embeddable":true,"href":"https:\/\/klubb.ungoteket.se\/orientering\/wp-json\/wp\/v2\/users\/1"}],"replies":[{"embeddable":true,"href":"https:\/\/klubb.ungoteket.se\/orientering\/wp-json\/wp\/v2\/comments?post=422"}],"version-history":[{"count":4,"href":"https:\/\/klubb.ungoteket.se\/orientering\/wp-json\/wp\/v2\/pages\/422\/revisions"}],"predecessor-version":[{"id":5428,"href":"https:\/\/klubb.ungoteket.se\/orientering\/wp-json\/wp\/v2\/pages\/422\/revisions\/5428"}],"wp:attachment":[{"href":"https:\/\/klubb.ungoteket.se\/orientering\/wp-json\/wp\/v2\/media?parent=422"}],"curies":[{"name":"wp","href":"https:\/\/api.w.org\/{rel}","templated":true}]}}