{"id":3694,"date":"2019-08-07T10:48:35","date_gmt":"2019-08-07T08:48:35","guid":{"rendered":"https:\/\/klubb.ungoteket.se\/orientering\/?page_id=3694"},"modified":"2019-08-07T10:48:37","modified_gmt":"2019-08-07T08:48:37","slug":"ungoteket-skane-2018-2019","status":"publish","type":"page","link":"https:\/\/klubb.ungoteket.se\/orientering\/ungoteket-skane-2018-2019\/","title":{"rendered":"Ungoteket Sk\u00e5ne 2018-2019"},"content":{"rendered":"\n<style type=\"text\/css\" data-created_by=\"avia_inline_auto\" id=\"style-css-av-wq33e0-fad2c5f76ad7ef22fbfa9bc164f87b44\">\n.flex_column.av-wq33e0-fad2c5f76ad7ef22fbfa9bc164f87b44{\nborder-radius:0px 0px 0px 0px;\npadding:0px 0px 0px 0px;\n}\n<\/style>\n<div  class='flex_column av-wq33e0-fad2c5f76ad7ef22fbfa9bc164f87b44 av_one_full  avia-builder-el-0  el_before_av_one_half  avia-builder-el-first  first flex_column_div av-zero-column-padding  '     ><div  class='avia-slideshow av-umbons-ddc7fb151edf93c3273a2728899906cd avia-slideshow-featured av_slideshow avia-slide-slider  avia-builder-el-1  avia-builder-el-no-sibling  av-slideshow-ui av-control-default av-slideshow-autoplay av-loop-endless av-loop-manual-endless av-default-height-applied avia-slideshow-1' data-slideshow-options=\"{&quot;animation&quot;:&quot;slide&quot;,&quot;autoplay&quot;:true,&quot;loop_autoplay&quot;:&quot;endless&quot;,&quot;interval&quot;:5,&quot;loop_manual&quot;:&quot;manual-endless&quot;,&quot;autoplay_stopper&quot;:false,&quot;noNavigation&quot;:false,&quot;bg_slider&quot;:false,&quot;keep_padding&quot;:false,&quot;hoverpause&quot;:false,&quot;show_slide_delay&quot;:0}\"  itemprop=\"image\" itemscope=\"itemscope\" itemtype=\"https:\/\/schema.org\/ImageObject\" ><ul class='avia-slideshow-inner ' style='padding-bottom: 28.6666666667%;'><li  class='avia-slideshow-slide av-umbons-ddc7fb151edf93c3273a2728899906cd__0  av-single-slide slide-1 slide-odd'><div data-rel='slideshow-1' class='avia-slide-wrap '   ><img decoding=\"async\" fetchpriority=\"high\" class=\"wp-image-1878 avia-img-lazy-loading-not-1878\"  src=\"https:\/\/klubb.ungoteket.se\/orientering\/wp-content\/uploads\/sites\/4\/2018\/05\/Choklad7-1500x430.jpg\" width=\"1500\" height=\"430\" title='' alt=''  itemprop=\"thumbnailUrl\"   \/><\/div><\/li><\/ul><div class='av-slideshow-caption av-umbons-ddc7fb151edf93c3273a2728899906cd__0 avia-caption'><div class=\"avia-inner-caption\"><h2 class='avia-caption-title '  itemprop=\"name\" >Ungoteket Sk\u00e5ne 2018-2019<\/h2><\/div><\/div><\/div><\/div>\n\n<style type=\"text\/css\" data-created_by=\"avia_inline_auto\" id=\"style-css-av-rmvdeg-c3dd4848ab00085c6da1a7c84da52357\">\n.flex_column.av-rmvdeg-c3dd4848ab00085c6da1a7c84da52357{\nborder-radius:0px 0px 0px 0px;\npadding:0px 0px 0px 0px;\n}\n<\/style>\n<div  class='flex_column av-rmvdeg-c3dd4848ab00085c6da1a7c84da52357 av_one_half  avia-builder-el-2  el_after_av_one_full  el_before_av_one_half  first flex_column_div av-zero-column-padding  column-top-margin'     ><p>\n<style type=\"text\/css\" data-created_by=\"avia_inline_auto\" id=\"style-css-av-4hm5pk-22360ae5015e03df672af499aff37142\">\n#top .av-special-heading.av-4hm5pk-22360ae5015e03df672af499aff37142{\npadding-bottom:10px;\n}\nbody .av-special-heading.av-4hm5pk-22360ae5015e03df672af499aff37142 .av-special-heading-tag .heading-char{\nfont-size:25px;\n}\n.av-special-heading.av-4hm5pk-22360ae5015e03df672af499aff37142 .av-subheading{\nfont-size:15px;\n}\n<\/style>\n<div  class='av-special-heading av-4hm5pk-22360ae5015e03df672af499aff37142 av-special-heading-h3  avia-builder-el-3  el_before_av_textblock  avia-builder-el-first '><h3 class='av-special-heading-tag '  itemprop=\"headline\"  >V\u00e4lkommen till Ungoteket Sk\u00e5ne!<\/h3><div class=\"special-heading-border\"><div class=\"special-heading-inner-border\"><\/div><\/div><\/div><br \/>\n<section  class='av_textblock_section av-nxuhpk-53a7ef77e4f1b7a5d76d8a59ec8c3f1c '   itemscope=\"itemscope\" itemtype=\"https:\/\/schema.org\/CreativeWork\" ><div class='avia_textblock'  itemprop=\"text\" ><p>Till Ungoteket Sk\u00e5ne \u00e4r 15 ungdomar f\u00f6dda 2005 eller tidigare anm\u00e4lda!<\/p>\n<p>P\u00e5 den h\u00e4r sidan hittar du information om n\u00e4r och var tr\u00e4ffarna \u00e4r samt vad som h\u00e4nder p\u00e5 varje tr\u00e4ff.<\/p>\n<p>Ut\u00f6ver tr\u00e4ffarna genomf\u00f6r ni ert f\u00f6reningsprojekt och d\u00e4refter tr\u00e4ffas ni f\u00f6r att utv\u00e4rdera och t\u00e4nka fram\u00e5t.<\/p>\n<p>Har du fr\u00e5gor? H\u00f6r av dig till projektledare <a href=\"mailto:a.matsson@telia.com\">Axel Matsson<\/a>.<\/p>\n<\/div><\/section><br \/>\n\n<style type=\"text\/css\" data-created_by=\"avia_inline_auto\" id=\"style-css-av-2b1l08-ea74cecc04f4ff33cf6560e0958ed28a\">\n#top .av-special-heading.av-2b1l08-ea74cecc04f4ff33cf6560e0958ed28a{\npadding-bottom:10px;\n}\nbody .av-special-heading.av-2b1l08-ea74cecc04f4ff33cf6560e0958ed28a .av-special-heading-tag .heading-char{\nfont-size:25px;\n}\n.av-special-heading.av-2b1l08-ea74cecc04f4ff33cf6560e0958ed28a .av-subheading{\nfont-size:15px;\n}\n<\/style>\n<div  class='av-special-heading av-2b1l08-ea74cecc04f4ff33cf6560e0958ed28a av-special-heading-h3 blockquote modern-quote modern-centered  avia-builder-el-5  el_after_av_textblock  el_before_av_button '><h3 class='av-special-heading-tag '  itemprop=\"headline\"  >Anm\u00e4lda f\u00f6reningar<\/h3><div class=\"special-heading-border\"><div class=\"special-heading-inner-border\"><\/div><\/div><\/div><br \/>\n<div  class='avia-button-wrap av-k4wkuw-af1055c89dfec3a07d9bfe66d906684b-wrap avia-button-center  avia-builder-el-6  el_after_av_heading  el_before_av_textblock '><a href='https:\/\/idrottonline.se\/EslovsFK\/Orientering' class='avia-button av-k4wkuw-af1055c89dfec3a07d9bfe66d906684b av-link-btn avia-icon_select-no avia-size-large avia-position-center avia-color-theme-color' target=\"_blank\" rel=\"noopener noreferrer\" aria-label=\"Esl\u00f6vs FK\"><span class='avia_iconbox_title' >Esl\u00f6vs FK<\/span><\/a><\/div><br \/>\n<section  class='av_textblock_section av-jtipiyct-9424e0e63f449aac317099d9b78a687e '   itemscope=\"itemscope\" itemtype=\"https:\/\/schema.org\/CreativeWork\" ><div class='avia_textblock'  itemprop=\"text\" ><p>F\u00f6reningsprojekt: Sprint med kartbyte, 10 augusti<\/p>\n<\/div><\/section><br \/>\n<div  class='avia-button-wrap av-ie5pew-e7c1b3daa04aef95ddd86c8d685360d4-wrap avia-button-center  avia-builder-el-8  el_after_av_textblock  el_before_av_textblock '><a href='http:\/\/www.hghol.se\/' class='avia-button av-ie5pew-e7c1b3daa04aef95ddd86c8d685360d4 av-link-btn avia-icon_select-no avia-size-large avia-position-center avia-color-theme-color' target=\"_blank\" rel=\"noopener noreferrer\" aria-label=\"Hj\u00e4rnarps OL\"><span class='avia_iconbox_title' >Hj\u00e4rnarps OL<\/span><\/a><\/div><br \/>\n<section  class='av_textblock_section av-jtipnvtg-dc086328946779340345dca1076fd7d3 '   itemscope=\"itemscope\" itemtype=\"https:\/\/schema.org\/CreativeWork\" ><div class='avia_textblock'  itemprop=\"text\" ><p>F\u00f6reningsprojekt: L\u00e4ger f\u00f6r ungdomar 8-14 \u00e5r tillsammans med \u00d6rkelljunga FK, 11-12 maj<br \/>\n<a href=\"https:\/\/eventor.orientering.se\/Activities\/Show\/10165\" target=\"_blank\" rel=\"noopener noreferrer\">L\u00e4s mer h\u00e4r!<\/a><\/p>\n<\/div><\/section><br \/>\n<div  class='avia-button-wrap av-1omed4-53b1e3a03d3941fa91c57a94b750ec3a-wrap avia-button-center  avia-builder-el-10  el_after_av_textblock  el_before_av_textblock '><a href='http:\/\/www.lundsok.se\/' class='avia-button av-1omed4-53b1e3a03d3941fa91c57a94b750ec3a av-link-btn avia-icon_select-no avia-size-large avia-position-center avia-color-theme-color' target=\"_blank\" rel=\"noopener noreferrer\" aria-label=\"Lunds OK\"><span class='avia_iconbox_title' >Lunds OK<\/span><\/a><\/div><br \/>\n<section  class='av_textblock_section av-jtipqwdq-c049a86ca532fe99eab1cf3b1bc65ebc '   itemscope=\"itemscope\" itemtype=\"https:\/\/schema.org\/CreativeWork\" ><div class='avia_textblock'  itemprop=\"text\" ><p>F\u00f6reningsprojekt:<br \/>\nTeam 1 &#8211; Sprintstafett i Lund, 28 maj. <a href=\"https:\/\/eventor.orientering.se\/Events\/Show\/26034\" target=\"_blank\" rel=\"noopener noreferrer\">Sida p\u00e5 Eventor<\/a> och <a href=\"https:\/\/www.facebook.com\/skanesof\/photos\/a.869895136500561\/1290948601061877\/?type=3&#038;theater\">Sk\u00e5ne OF:s sida p\u00e5 Facebook<\/a><br \/>\nTeam 2 &#8211; Lekplatssprint i Lund<br \/>\nTeam 3 &#8211; Sprintt\u00e4vling<\/p>\n<\/div><\/section><br \/>\n<div  class='avia-button-wrap av-fws42w-1439081460494bd087afda596afaef22-wrap avia-button-center  avia-builder-el-12  el_after_av_textblock  el_before_av_textblock '><a href='https:\/\/idrottonline.se\/OrkelljungaFK-Orientering\/' class='avia-button av-fws42w-1439081460494bd087afda596afaef22 av-link-btn avia-icon_select-no avia-size-large avia-position-center avia-color-theme-color' target=\"_blank\" rel=\"noopener noreferrer\" aria-label=\"\u00d6rkelljunga FK\"><span class='avia_iconbox_title' >\u00d6rkelljunga FK<\/span><\/a><\/div><br \/>\n<section  class='av_textblock_section av-jtipo7ub-f69edc5d17ff53419ce6bf131470cc38 '   itemscope=\"itemscope\" itemtype=\"https:\/\/schema.org\/CreativeWork\" ><div class='avia_textblock'  itemprop=\"text\" ><p>F\u00f6reningsprojekt: L\u00e4ger f\u00f6r ungdomar 8-14 \u00e5r tillsammans med Hj\u00e4rnarps OL, 11-12 maj<br \/>\n<a href=\"https:\/\/eventor.orientering.se\/Activities\/Show\/10165\" target=\"_blank\" rel=\"noopener noreferrer\">L\u00e4s mer h\u00e4r!<\/a><\/p>\n<\/div><\/section><\/p><\/div>\n<style type=\"text\/css\" data-created_by=\"avia_inline_auto\" id=\"style-css-av-dj9u6g-dee6e3923dc27d5b752864d8152a4d8f\">\n.flex_column.av-dj9u6g-dee6e3923dc27d5b752864d8152a4d8f{\nborder-radius:0px 0px 0px 0px;\npadding:0px 0px 0px 0px;\n}\n<\/style>\n<div  class='flex_column av-dj9u6g-dee6e3923dc27d5b752864d8152a4d8f av_one_half  avia-builder-el-14  el_after_av_one_half  avia-builder-el-last  flex_column_div av-zero-column-padding  column-top-margin'     ><p>\n<style type=\"text\/css\" data-created_by=\"avia_inline_auto\" id=\"style-css-av-ccx27c-4cd4bd5f17db664f44cc1836f373084d\">\n#top .av-special-heading.av-ccx27c-4cd4bd5f17db664f44cc1836f373084d{\npadding-bottom:10px;\n}\nbody .av-special-heading.av-ccx27c-4cd4bd5f17db664f44cc1836f373084d .av-special-heading-tag .heading-char{\nfont-size:25px;\n}\n.av-special-heading.av-ccx27c-4cd4bd5f17db664f44cc1836f373084d .av-subheading{\nfont-size:15px;\n}\n<\/style>\n<div  class='av-special-heading av-ccx27c-4cd4bd5f17db664f44cc1836f373084d av-special-heading-h3  avia-builder-el-15  el_before_av_icon_box  avia-builder-el-first '><h3 class='av-special-heading-tag '  itemprop=\"headline\"  >Program 2018-2019<\/h3><div class=\"special-heading-border\"><div class=\"special-heading-inner-border\"><\/div><\/div><\/div><br \/>\n\n<style type=\"text\/css\" data-created_by=\"avia_inline_auto\" id=\"style-css-av-big3go-114fbe57cbae980034e1f33db129bf36\">\n.iconbox.av-big3go-114fbe57cbae980034e1f33db129bf36 .iconbox_icon{\nborder:1px solid #316738;\ncolor:#316738;\n}\n<\/style>\n<article  class='iconbox iconbox_left_content av-big3go-114fbe57cbae980034e1f33db129bf36  avia-builder-el-16  el_after_av_heading  el_before_av_hr '  itemscope=\"itemscope\" itemtype=\"https:\/\/schema.org\/CreativeWork\" ><div class=\"iconbox_icon heading-color\" aria-hidden='true' data-av_icon='\ue800' data-av_iconfont='fontello'><\/div><div class=\"iconbox_content\"><header class=\"entry-content-header\"><h3 class='iconbox_content_title '  itemprop=\"headline\" >Del 1: 23-24 nov <\/h3><\/header><div class='iconbox_content_container '  itemprop=\"text\" ><p><a href=\"https:\/\/klubb.ungoteket.se\/orientering\/idrottsforeningen\/\">Idrottsf\u00f6reningen<\/a> och <a href=\"https:\/\/klubb.ungoteket.se\/orientering\/information-kommunikation\/\">Information &#038; kommunikation<\/a><\/p>\n<p>Plats: Backag\u00e5rden, H\u00f6\u00f6r<\/p>\n<\/div><\/div><footer class=\"entry-footer\"><\/footer><\/article><br \/>\n<div  class='hr av-uskyg-c362abfa8d55beded1eec564ea470ad8 hr-default  avia-builder-el-17  el_after_av_icon_box  el_before_av_icon_box '><span class='hr-inner '><span class=\"hr-inner-style\"><\/span><\/span><\/div><br \/>\n\n<style type=\"text\/css\" data-created_by=\"avia_inline_auto\" id=\"style-css-av-7a8788-9ccbd215b69f651f19adc2dacd403c08\">\n.iconbox.av-7a8788-9ccbd215b69f651f19adc2dacd403c08 .iconbox_icon{\nborder:1px solid #316738;\ncolor:#316738;\n}\n<\/style>\n<article  class='iconbox iconbox_left_content av-7a8788-9ccbd215b69f651f19adc2dacd403c08  avia-builder-el-18  el_after_av_hr  el_before_av_hr '  itemscope=\"itemscope\" itemtype=\"https:\/\/schema.org\/CreativeWork\" ><div class=\"iconbox_icon heading-color\" aria-hidden='true' data-av_icon='\ue800' data-av_iconfont='fontello'><\/div><div class=\"iconbox_content\"><header class=\"entry-content-header\"><h3 class='iconbox_content_title '  itemprop=\"headline\" >Del 2: 9-10 februari<\/h3><\/header><div class='iconbox_content_container '  itemprop=\"text\" ><p><a href=\"https:\/\/klubb.ungoteket.se\/orientering\/ledarskap\/\">Ledarskap<\/a>,\u00a0<a href=\"https:\/\/klubb.ungoteket.se\/orientering\/arrangera\/\">Arrangera<\/a>\u00a0och <a href=\"https:\/\/klubb.ungoteket.se\/orientering\/orienterings-it\/\">Orienterings-IT<\/a><\/p>\n<\/div><\/div><footer class=\"entry-footer\"><\/footer><\/article><br \/>\n<div  class='hr av-5v2mxk-3e1d5fd96bf15c47b115eafa01a966b3 hr-default  avia-builder-el-19  el_after_av_icon_box  el_before_av_icon_box '><span class='hr-inner '><span class=\"hr-inner-style\"><\/span><\/span><\/div><br \/>\n\n<style type=\"text\/css\" data-created_by=\"avia_inline_auto\" id=\"style-css-av-4pfslk-79f80934c8732528cae69acd6662be24\">\n.iconbox.av-4pfslk-79f80934c8732528cae69acd6662be24 .iconbox_icon{\nborder:1px solid #316738;\ncolor:#316738;\n}\n<\/style>\n<article  class='iconbox iconbox_left_content av-4pfslk-79f80934c8732528cae69acd6662be24  avia-builder-el-20  el_after_av_hr  el_before_av_hr '  itemscope=\"itemscope\" itemtype=\"https:\/\/schema.org\/CreativeWork\" ><div class=\"iconbox_icon heading-color\" aria-hidden='true' data-av_icon='\ue800' data-av_iconfont='fontello'><\/div><div class=\"iconbox_content\"><header class=\"entry-content-header\"><h3 class='iconbox_content_title '  itemprop=\"headline\" >Del 3: 16-17 mars<\/h3><\/header><div class='iconbox_content_container '  itemprop=\"text\" ><p><a href=\"https:\/\/klubb.ungoteket.se\/orientering\/banlaggning\/\" target=\"_blank\" rel=\"noopener noreferrer\">Banl\u00e4ggning<\/a>\u00a0och <a href=\"https:\/\/klubb.ungoteket.se\/orientering\/kartritning\/\">Kartritning<\/a><\/p>\n<\/div><\/div><footer class=\"entry-footer\"><\/footer><\/article><br \/>\n<div  class='hr av-21yq14-dd7189ce5cd37a3da3db2d86a1880bb2 hr-default  avia-builder-el-21  el_after_av_icon_box  avia-builder-el-last '><span class='hr-inner '><span class=\"hr-inner-style\"><\/span><\/span><\/div><\/p><\/div><\/p>\n","protected":false},"excerpt":{"rendered":"","protected":false},"author":1,"featured_media":0,"parent":0,"menu_order":0,"comment_status":"closed","ping_status":"closed","template":"","meta":{"footnotes":""},"_links":{"self":[{"href":"https:\/\/klubb.ungoteket.se\/orientering\/wp-json\/wp\/v2\/pages\/3694"}],"collection":[{"href":"https:\/\/klubb.ungoteket.se\/orientering\/wp-json\/wp\/v2\/pages"}],"about":[{"href":"https:\/\/klubb.ungoteket.se\/orientering\/wp-json\/wp\/v2\/types\/page"}],"author":[{"embeddable":true,"href":"https:\/\/klubb.ungoteket.se\/orientering\/wp-json\/wp\/v2\/users\/1"}],"replies":[{"embeddable":true,"href":"https:\/\/klubb.ungoteket.se\/orientering\/wp-json\/wp\/v2\/comments?post=3694"}],"version-history":[{"count":1,"href":"https:\/\/klubb.ungoteket.se\/orientering\/wp-json\/wp\/v2\/pages\/3694\/revisions"}],"predecessor-version":[{"id":4034,"href":"https:\/\/klubb.ungoteket.se\/orientering\/wp-json\/wp\/v2\/pages\/3694\/revisions\/4034"}],"wp:attachment":[{"href":"https:\/\/klubb.ungoteket.se\/orientering\/wp-json\/wp\/v2\/media?parent=3694"}],"curies":[{"name":"wp","href":"https:\/\/api.w.org\/{rel}","templated":true}]}}