{"id":3693,"date":"2019-08-07T10:43:28","date_gmt":"2019-08-07T08:43:28","guid":{"rendered":"https:\/\/klubb.ungoteket.se\/orientering\/?page_id=3693"},"modified":"2019-08-07T10:43:30","modified_gmt":"2019-08-07T08:43:30","slug":"ungoteket-orebro-2018-2019","status":"publish","type":"page","link":"https:\/\/klubb.ungoteket.se\/orientering\/ungoteket-orebro-2018-2019\/","title":{"rendered":"Ungoteket \u00d6rebro 2018-2019"},"content":{"rendered":"\n<style type=\"text\/css\" data-created_by=\"avia_inline_auto\" id=\"style-css-av-ww77zy-fa0bf3580fd6d2920cb7e85896cbd8ec\">\n.flex_column.av-ww77zy-fa0bf3580fd6d2920cb7e85896cbd8ec{\nborder-radius:0px 0px 0px 0px;\npadding:0px 0px 0px 0px;\n}\n<\/style>\n<div  class='flex_column av-ww77zy-fa0bf3580fd6d2920cb7e85896cbd8ec av_one_full  avia-builder-el-0  el_before_av_one_half  avia-builder-el-first  first flex_column_div av-zero-column-padding  '     ><div  class='avia-slideshow av-usv8tq-5c570d4f35a3c698b853e7578d03b690 avia-slideshow-featured av_slideshow avia-slide-slider  avia-builder-el-1  avia-builder-el-no-sibling  av-slideshow-ui av-control-default av-slideshow-autoplay av-loop-endless av-loop-manual-endless av-default-height-applied avia-slideshow-1' data-slideshow-options=\"{&quot;animation&quot;:&quot;slide&quot;,&quot;autoplay&quot;:true,&quot;loop_autoplay&quot;:&quot;endless&quot;,&quot;interval&quot;:5,&quot;loop_manual&quot;:&quot;manual-endless&quot;,&quot;autoplay_stopper&quot;:false,&quot;noNavigation&quot;:false,&quot;bg_slider&quot;:false,&quot;keep_padding&quot;:false,&quot;hoverpause&quot;:false,&quot;show_slide_delay&quot;:0}\"  itemprop=\"image\" itemscope=\"itemscope\" itemtype=\"https:\/\/schema.org\/ImageObject\" ><ul class='avia-slideshow-inner ' style='padding-bottom: 28.6666666667%;'><li  class='avia-slideshow-slide av-usv8tq-5c570d4f35a3c698b853e7578d03b690__0  av-single-slide slide-1 slide-odd'><div data-rel='slideshow-1' class='avia-slide-wrap '   ><img decoding=\"async\" fetchpriority=\"high\" class=\"wp-image-2865 avia-img-lazy-loading-not-2865\"  src=\"https:\/\/klubb.ungoteket.se\/orientering\/wp-content\/uploads\/sites\/4\/2019\/02\/IMG_2294-1500x430.jpg\" width=\"1500\" height=\"430\" title='IMG_2294' alt=''  itemprop=\"thumbnailUrl\"   \/><\/div><\/li><\/ul><div class='av-slideshow-caption av-usv8tq-5c570d4f35a3c698b853e7578d03b690__0 avia-caption'><div class=\"avia-inner-caption\"><h2 class='avia-caption-title '  itemprop=\"name\" >Ungoteket \u00d6rebro 2018-2019<\/h2><\/div><\/div><\/div><\/div>\n<style type=\"text\/css\" data-created_by=\"avia_inline_auto\" id=\"style-css-av-rtzxqm-9a70da6588c74544dcbc9f0f7d166fa3\">\n.flex_column.av-rtzxqm-9a70da6588c74544dcbc9f0f7d166fa3{\nborder-radius:0px 0px 0px 0px;\npadding:0px 0px 0px 0px;\n}\n<\/style>\n<div  class='flex_column av-rtzxqm-9a70da6588c74544dcbc9f0f7d166fa3 av_one_half  avia-builder-el-2  el_after_av_one_full  el_before_av_one_half  first flex_column_div av-zero-column-padding  column-top-margin'     ><p>\n<style type=\"text\/css\" data-created_by=\"avia_inline_auto\" id=\"style-css-av-p5zd0e-3d7b599579b09885919d1eea1b37d966\">\n#top .av-special-heading.av-p5zd0e-3d7b599579b09885919d1eea1b37d966{\npadding-bottom:10px;\n}\nbody .av-special-heading.av-p5zd0e-3d7b599579b09885919d1eea1b37d966 .av-special-heading-tag .heading-char{\nfont-size:25px;\n}\n.av-special-heading.av-p5zd0e-3d7b599579b09885919d1eea1b37d966 .av-subheading{\nfont-size:15px;\n}\n<\/style>\n<div  class='av-special-heading av-p5zd0e-3d7b599579b09885919d1eea1b37d966 av-special-heading-h3  avia-builder-el-3  el_before_av_textblock  avia-builder-el-first '><h3 class='av-special-heading-tag '  itemprop=\"headline\"  >V\u00e4lkommen till Ungoteket \u00d6rebro!<\/h3><div class=\"special-heading-border\"><div class=\"special-heading-inner-border\"><\/div><\/div><\/div><br \/>\n<section  class='av_textblock_section av-nh5af2-5a00852e1792ab6f4a2658737dbcbd87 '   itemscope=\"itemscope\" itemtype=\"https:\/\/schema.org\/CreativeWork\" ><div class='avia_textblock'  itemprop=\"text\" ><p>I Ungoteket \u00d6rebro deltar 20 ungdomar f\u00f6dda 2005 eller tidigare.<\/p>\n<p>Samtliga tr\u00e4ffar \u00e4r kl.9-16 i Idrottens hus i \u00d6rebro. Datum f\u00f6r tr\u00e4ffarna presenteras i programmet h\u00e4r intill.<\/p>\n<p>Ut\u00f6ver tr\u00e4ffarna genomf\u00f6r ni ert f\u00f6reningsprojekt och d\u00e4refter tr\u00e4ffas ni f\u00f6r att utv\u00e4rdera och t\u00e4nka fram\u00e5t.<\/p>\n<p>Anm\u00e4lan till Ungoteket \u00d6rebro \u00e4r st\u00e4ngd.<\/p>\n<p>Har du fr\u00e5gor? H\u00f6r av dig till <a href=\"mailto:elinsundkvist@hotmail.com\" target=\"_blank\" rel=\"noopener noreferrer\">\u00d6rebro l\u00e4ns Orienteringsf\u00f6rbund<\/a>.<\/p>\n<\/div><\/section><br \/>\n\n<style type=\"text\/css\" data-created_by=\"avia_inline_auto\" id=\"style-css-av-m7yx1a-0120204169838e8b77704c665f053908\">\n#top .av-special-heading.av-m7yx1a-0120204169838e8b77704c665f053908{\npadding-bottom:10px;\n}\nbody .av-special-heading.av-m7yx1a-0120204169838e8b77704c665f053908 .av-special-heading-tag .heading-char{\nfont-size:25px;\n}\n.av-special-heading.av-m7yx1a-0120204169838e8b77704c665f053908 .av-subheading{\nfont-size:15px;\n}\n<\/style>\n<div  class='av-special-heading av-m7yx1a-0120204169838e8b77704c665f053908 av-special-heading-h3 blockquote modern-quote modern-centered  avia-builder-el-5  el_after_av_textblock  el_before_av_button '><h3 class='av-special-heading-tag '  itemprop=\"headline\"  >Anm\u00e4lda f\u00f6reningar<\/h3><div class=\"special-heading-border\"><div class=\"special-heading-inner-border\"><\/div><\/div><\/div><br \/>\n<div  class='avia-button-wrap av-kdixxa-174ef7f0ff69b8d5c8ca99ec8877e81c-wrap avia-button-center  avia-builder-el-6  el_after_av_heading  el_before_av_button '><a href='http:\/\/www.almbyik.se\/Orientering\/Nyheterorientering' class='avia-button av-kdixxa-174ef7f0ff69b8d5c8ca99ec8877e81c av-link-btn avia-icon_select-no avia-size-large avia-position-center avia-color-theme-color' target=\"_blank\" rel=\"noopener noreferrer\" aria-label=\"Almby IK\"><span class='avia_iconbox_title' >Almby IK<\/span><\/a><\/div><br \/>\n<div  class='avia-button-wrap av-1v6te6-3a50b15f8228cae1d0dc7098c4830df6-wrap avia-button-center  avia-builder-el-7  el_after_av_button  el_before_av_button '><a href='http:\/\/gif-ol.se\/' class='avia-button av-1v6te6-3a50b15f8228cae1d0dc7098c4830df6 av-link-btn avia-icon_select-no avia-size-large avia-position-center avia-color-theme-color' target=\"_blank\" rel=\"noopener noreferrer\" aria-label=\"Garphyttans IF\"><span class='avia_iconbox_title' >Garphyttans IF<\/span><\/a><\/div><br \/>\n<div  class='avia-button-wrap av-hv79qm-406413c2f6163d3878bb107b7fcac70b-wrap avia-button-center  avia-builder-el-8  el_after_av_button  el_before_av_button '><a href='https:\/\/www.ol.kfumorebro.se\/ol\/' class='avia-button av-hv79qm-406413c2f6163d3878bb107b7fcac70b av-link-btn avia-icon_select-no avia-size-large avia-position-center avia-color-theme-color' target=\"_blank\" rel=\"noopener noreferrer\" aria-label=\"KFUM \u00d6rebro OK\"><span class='avia_iconbox_title' >KFUM \u00d6rebro OK<\/span><\/a><\/div><br \/>\n<div  class='avia-button-wrap av-fv38y6-f938f5d0097e5227b1ca84f6d674d207-wrap avia-button-center  avia-builder-el-9  el_after_av_button  el_before_av_button '><a href='https:\/\/idrottonline.se\/OKMilan-Orientering\/' class='avia-button av-fv38y6-f938f5d0097e5227b1ca84f6d674d207 av-link-btn avia-icon_select-no avia-size-large avia-position-center avia-color-theme-color' target=\"_blank\" rel=\"noopener noreferrer\" aria-label=\"OK Milan\"><span class='avia_iconbox_title' >OK Milan<\/span><\/a><\/div><br \/>\n<div  class='avia-button-wrap av-emnvse-f1b69b0499a083405540274141937574-wrap avia-button-center  avia-builder-el-10  el_after_av_button  avia-builder-el-last '><a href='https:\/\/idrottonline.se\/OKTisaren-Orientering\/' class='avia-button av-emnvse-f1b69b0499a083405540274141937574 av-link-btn avia-icon_select-no avia-size-large avia-position-center avia-color-theme-color' target=\"_blank\" rel=\"noopener noreferrer\" aria-label=\"OK Tisaren\"><span class='avia_iconbox_title' >OK Tisaren<\/span><\/a><\/div><\/p><\/div><\/p>\n\n<style type=\"text\/css\" data-created_by=\"avia_inline_auto\" id=\"style-css-av-c6lnpa-6139f687e55dab521a15050f911bdd51\">\n.flex_column.av-c6lnpa-6139f687e55dab521a15050f911bdd51{\nborder-radius:0px 0px 0px 0px;\npadding:0px 0px 0px 0px;\n}\n<\/style>\n<div  class='flex_column av-c6lnpa-6139f687e55dab521a15050f911bdd51 av_one_half  avia-builder-el-11  el_after_av_one_half  avia-builder-el-last  flex_column_div av-zero-column-padding  column-top-margin'     ><p>\n<style type=\"text\/css\" data-created_by=\"avia_inline_auto\" id=\"style-css-av-aqgq9a-acbc57438101b85226f3c0cb3bfd632a\">\n#top .av-special-heading.av-aqgq9a-acbc57438101b85226f3c0cb3bfd632a{\npadding-bottom:10px;\n}\nbody .av-special-heading.av-aqgq9a-acbc57438101b85226f3c0cb3bfd632a .av-special-heading-tag .heading-char{\nfont-size:25px;\n}\n.av-special-heading.av-aqgq9a-acbc57438101b85226f3c0cb3bfd632a .av-subheading{\nfont-size:15px;\n}\n<\/style>\n<div  class='av-special-heading av-aqgq9a-acbc57438101b85226f3c0cb3bfd632a av-special-heading-h3  avia-builder-el-12  el_before_av_icon_box  avia-builder-el-first '><h3 class='av-special-heading-tag '  itemprop=\"headline\"  >Program 2018-2019<\/h3><div class=\"special-heading-border\"><div class=\"special-heading-inner-border\"><\/div><\/div><\/div><br \/>\n\n<style type=\"text\/css\" data-created_by=\"avia_inline_auto\" id=\"style-css-av-8kunu6-8ae89369beab167c7125ef67fcfabc3b\">\n.iconbox.av-8kunu6-8ae89369beab167c7125ef67fcfabc3b .iconbox_icon{\nborder:1px solid #316738;\ncolor:#316738;\n}\n<\/style>\n<article  class='iconbox iconbox_left_content av-8kunu6-8ae89369beab167c7125ef67fcfabc3b  avia-builder-el-13  el_after_av_heading  el_before_av_hr '  itemscope=\"itemscope\" itemtype=\"https:\/\/schema.org\/CreativeWork\" ><div class=\"iconbox_icon heading-color\" aria-hidden='true' data-av_icon='\ue800' data-av_iconfont='fontello'><\/div><div class=\"iconbox_content\"><header class=\"entry-content-header\"><h3 class='iconbox_content_title '  itemprop=\"headline\" >Del 1: 10 november<\/h3><\/header><div class='iconbox_content_container '  itemprop=\"text\" ><p><a href=\"https:\/\/klubb.ungoteket.se\/orientering\/arrangera\/\">Arrangera<\/a> och\u00a0<a href=\"https:\/\/klubb.ungoteket.se\/orientering\/orienterings-it\/\">Orienterings-IT<\/a><\/p>\n<\/div><\/div><footer class=\"entry-footer\"><\/footer><\/article><br \/>\n<div  class='hr av-88q28u-ac79fe0a3cbf9939519e7648e22a9527 hr-default  avia-builder-el-14  el_after_av_icon_box  el_before_av_icon_box '><span class='hr-inner '><span class=\"hr-inner-style\"><\/span><\/span><\/div><br \/>\n\n<style type=\"text\/css\" data-created_by=\"avia_inline_auto\" id=\"style-css-av-5mc7pq-9b7d922b11c483f46199658cef3f6758\">\n.iconbox.av-5mc7pq-9b7d922b11c483f46199658cef3f6758 .iconbox_icon{\nborder:1px solid #316738;\ncolor:#316738;\n}\n<\/style>\n<article  class='iconbox iconbox_left_content av-5mc7pq-9b7d922b11c483f46199658cef3f6758  avia-builder-el-15  el_after_av_hr  el_before_av_hr '  itemscope=\"itemscope\" itemtype=\"https:\/\/schema.org\/CreativeWork\" ><div class=\"iconbox_icon heading-color\" aria-hidden='true' data-av_icon='\ue800' data-av_iconfont='fontello'><\/div><div class=\"iconbox_content\"><header class=\"entry-content-header\"><h3 class='iconbox_content_title '  itemprop=\"headline\" >Del 2: 19 januari<\/h3><\/header><div class='iconbox_content_container '  itemprop=\"text\" ><p><a href=\"https:\/\/klubb.ungoteket.se\/orientering\/banlaggning\/\">Banl\u00e4ggning<\/a> och <a href=\"https:\/\/klubb.ungoteket.se\/orientering\/kartritning\/\">Kartritning<\/a><\/p>\n<\/div><\/div><footer class=\"entry-footer\"><\/footer><\/article><br \/>\n<div  class='hr av-4ei2fy-a8145ec56c2ba73e8e824a403a51e73a hr-default  avia-builder-el-16  el_after_av_icon_box  el_before_av_icon_box '><span class='hr-inner '><span class=\"hr-inner-style\"><\/span><\/span><\/div><br \/>\n\n<style type=\"text\/css\" data-created_by=\"avia_inline_auto\" id=\"style-css-av-26rwtq-8f8339bad33c4bf198efe006a3c49522\">\n.iconbox.av-26rwtq-8f8339bad33c4bf198efe006a3c49522 .iconbox_icon{\nborder:1px solid #316738;\ncolor:#316738;\n}\n<\/style>\n<article  class='iconbox iconbox_left_content av-26rwtq-8f8339bad33c4bf198efe006a3c49522  avia-builder-el-17  el_after_av_hr  avia-builder-el-last '  itemscope=\"itemscope\" itemtype=\"https:\/\/schema.org\/CreativeWork\" ><div class=\"iconbox_icon heading-color\" aria-hidden='true' data-av_icon='\ue800' data-av_iconfont='fontello'><\/div><div class=\"iconbox_content\"><header class=\"entry-content-header\"><h3 class='iconbox_content_title '  itemprop=\"headline\" >Del 3: 26 januari<\/h3><\/header><div class='iconbox_content_container '  itemprop=\"text\" ><p><a href=\"https:\/\/klubb.ungoteket.se\/orientering\/ledarskap\/\">Ledarskap<\/a> och Kost<\/p>\n<\/div><\/div><footer class=\"entry-footer\"><\/footer><\/article><\/p><\/div>\n","protected":false},"excerpt":{"rendered":"","protected":false},"author":1,"featured_media":0,"parent":0,"menu_order":0,"comment_status":"closed","ping_status":"closed","template":"","meta":{"footnotes":""},"_links":{"self":[{"href":"https:\/\/klubb.ungoteket.se\/orientering\/wp-json\/wp\/v2\/pages\/3693"}],"collection":[{"href":"https:\/\/klubb.ungoteket.se\/orientering\/wp-json\/wp\/v2\/pages"}],"about":[{"href":"https:\/\/klubb.ungoteket.se\/orientering\/wp-json\/wp\/v2\/types\/page"}],"author":[{"embeddable":true,"href":"https:\/\/klubb.ungoteket.se\/orientering\/wp-json\/wp\/v2\/users\/1"}],"replies":[{"embeddable":true,"href":"https:\/\/klubb.ungoteket.se\/orientering\/wp-json\/wp\/v2\/comments?post=3693"}],"version-history":[{"count":1,"href":"https:\/\/klubb.ungoteket.se\/orientering\/wp-json\/wp\/v2\/pages\/3693\/revisions"}],"predecessor-version":[{"id":4248,"href":"https:\/\/klubb.ungoteket.se\/orientering\/wp-json\/wp\/v2\/pages\/3693\/revisions\/4248"}],"wp:attachment":[{"href":"https:\/\/klubb.ungoteket.se\/orientering\/wp-json\/wp\/v2\/media?parent=3693"}],"curies":[{"name":"wp","href":"https:\/\/api.w.org\/{rel}","templated":true}]}}