{"id":3692,"date":"2019-08-07T10:34:32","date_gmt":"2019-08-07T08:34:32","guid":{"rendered":"https:\/\/klubb.ungoteket.se\/orientering\/?page_id=3692"},"modified":"2019-08-07T10:34:33","modified_gmt":"2019-08-07T08:34:33","slug":"ungoteket-dalarna-2018-2019","status":"publish","type":"page","link":"https:\/\/klubb.ungoteket.se\/orientering\/ungoteket-dalarna-2018-2019\/","title":{"rendered":"Ungoteket Dalarna 2019"},"content":{"rendered":"\n<style type=\"text\/css\" data-created_by=\"avia_inline_auto\" id=\"style-css-av-vohdco-e6ca7a3313305aa00c159d5690374d36\">\n.flex_column.av-vohdco-e6ca7a3313305aa00c159d5690374d36{\nborder-radius:0px 0px 0px 0px;\npadding:0px 0px 0px 0px;\n}\n<\/style>\n<div  class='flex_column av-vohdco-e6ca7a3313305aa00c159d5690374d36 av_one_full  avia-builder-el-0  el_before_av_one_half  avia-builder-el-first  first flex_column_div av-zero-column-padding  '     ><div  class='avia-slideshow av-vdaum0-62115bbc69f0a33338b4ddc5dba80327 avia-slideshow-featured_large av_slideshow avia-slide-slider  avia-builder-el-1  avia-builder-el-no-sibling  av-slideshow-ui av-control-default av-slideshow-autoplay av-loop-endless av-loop-manual-endless av-default-height-applied avia-slideshow-1' data-slideshow-options=\"{&quot;animation&quot;:&quot;slide&quot;,&quot;autoplay&quot;:true,&quot;loop_autoplay&quot;:&quot;endless&quot;,&quot;interval&quot;:5,&quot;loop_manual&quot;:&quot;manual-endless&quot;,&quot;autoplay_stopper&quot;:false,&quot;noNavigation&quot;:false,&quot;bg_slider&quot;:false,&quot;keep_padding&quot;:false,&quot;hoverpause&quot;:false,&quot;show_slide_delay&quot;:0}\"  itemprop=\"image\" itemscope=\"itemscope\" itemtype=\"https:\/\/schema.org\/ImageObject\" ><ul class='avia-slideshow-inner ' style='padding-bottom: 42%;'><li  class='avia-slideshow-slide av-vdaum0-62115bbc69f0a33338b4ddc5dba80327__0  av-single-slide slide-1 slide-odd'><div data-rel='slideshow-1' class='avia-slide-wrap '   ><img decoding=\"async\" fetchpriority=\"high\" class=\"wp-image-2839 avia-img-lazy-loading-not-2839\"  src=\"https:\/\/klubb.ungoteket.se\/orientering\/wp-content\/uploads\/sites\/4\/2019\/02\/6-1500x630.jpg\" width=\"1500\" height=\"630\" title='6' alt=''  itemprop=\"thumbnailUrl\"   \/><\/div><\/li><\/ul><div class='av-slideshow-caption av-vdaum0-62115bbc69f0a33338b4ddc5dba80327__0 avia-caption'><div class=\"avia-inner-caption\"><h2 class='avia-caption-title '  itemprop=\"name\" >Ungoteket Dalarna 2019<\/h2><\/div><\/div><\/div><\/div>\n\n<style type=\"text\/css\" data-created_by=\"avia_inline_auto\" id=\"style-css-av-qy3bqg-4dc1b50a4bd0f5eb129197a170dd7ff7\">\n.flex_column.av-qy3bqg-4dc1b50a4bd0f5eb129197a170dd7ff7{\nborder-radius:0px 0px 0px 0px;\npadding:0px 0px 0px 0px;\n}\n<\/style>\n<div  class='flex_column av-qy3bqg-4dc1b50a4bd0f5eb129197a170dd7ff7 av_one_half  avia-builder-el-2  el_after_av_one_full  el_before_av_one_half  first flex_column_div av-zero-column-padding  column-top-margin'     ><p>\n<style type=\"text\/css\" data-created_by=\"avia_inline_auto\" id=\"style-css-av-4u1hmw-901f849dcf22258569b345b78c2066e1\">\n#top .av-special-heading.av-4u1hmw-901f849dcf22258569b345b78c2066e1{\npadding-bottom:10px;\n}\nbody .av-special-heading.av-4u1hmw-901f849dcf22258569b345b78c2066e1 .av-special-heading-tag .heading-char{\nfont-size:25px;\n}\n.av-special-heading.av-4u1hmw-901f849dcf22258569b345b78c2066e1 .av-subheading{\nfont-size:15px;\n}\n<\/style>\n<div  class='av-special-heading av-4u1hmw-901f849dcf22258569b345b78c2066e1 av-special-heading-h3  avia-builder-el-3  el_before_av_textblock  avia-builder-el-first '><h3 class='av-special-heading-tag '  itemprop=\"headline\"  >V\u00e4lkommen till Ungoteket Dalarna!<\/h3><div class=\"special-heading-border\"><div class=\"special-heading-inner-border\"><\/div><\/div><\/div><br \/>\n<section  class='av_textblock_section av-ntiwe0-34a90e485806ed9197e7d79ba2d0ddb7 '   itemscope=\"itemscope\" itemtype=\"https:\/\/schema.org\/CreativeWork\" ><div class='avia_textblock'  itemprop=\"text\" ><p>I Ungoteket Dalarna deltar 9 ungdomar f\u00f6dda 2005 eller tidigare.<\/p>\n<p>P\u00e5 den h\u00e4r sidan hittar du information om tr\u00e4ffarna, var de \u00e4r och vad de inneh\u00e5ller.<\/p>\n<p>Ut\u00f6ver tr\u00e4ffarna genomf\u00f6r deltagarna ett f\u00f6reningsprojekt tillsammans med kompisarna i f\u00f6reningen och d\u00e4refter tr\u00e4ffas ni f\u00f6r att utv\u00e4rdera och t\u00e4nka fram\u00e5t.<\/p>\n<p>Kostnad: Sj\u00e4lvkostnad.<\/p>\n<p>Har du fr\u00e5gor? H\u00f6r av dig till projektledare <a href=\"mailto:jakob.wedman@gmail.com\">Jakob Wedman<\/a>.<\/p>\n<\/div><\/section><br \/>\n\n<style type=\"text\/css\" data-created_by=\"avia_inline_auto\" id=\"style-css-av-8o4nc-4f29d7f78a1ff4ba55702c0ce40b7938\">\n#top .av-special-heading.av-8o4nc-4f29d7f78a1ff4ba55702c0ce40b7938{\npadding-bottom:10px;\n}\nbody .av-special-heading.av-8o4nc-4f29d7f78a1ff4ba55702c0ce40b7938 .av-special-heading-tag .heading-char{\nfont-size:25px;\n}\n.av-special-heading.av-8o4nc-4f29d7f78a1ff4ba55702c0ce40b7938 .av-subheading{\nfont-size:15px;\n}\n<\/style>\n<div  class='av-special-heading av-8o4nc-4f29d7f78a1ff4ba55702c0ce40b7938 av-special-heading-h3 blockquote modern-quote modern-centered  avia-builder-el-5  el_after_av_textblock  el_before_av_button '><h3 class='av-special-heading-tag '  itemprop=\"headline\"  >Anm\u00e4lda f\u00f6reningar<\/h3><div class=\"special-heading-border\"><div class=\"special-heading-inner-border\"><\/div><\/div><\/div><br \/>\n<div  class='avia-button-wrap av-kylp1k-5a6dc5cddf7cda56b247256075cd9fa1-wrap avia-button-center  avia-builder-el-6  el_after_av_heading  el_before_av_textblock '><a href='https:\/\/idrottonline.se\/IFKMorasOK-Orientering\/' class='avia-button av-kylp1k-5a6dc5cddf7cda56b247256075cd9fa1 av-link-btn avia-icon_select-no avia-size-large avia-position-center avia-color-theme-color' target=\"_blank\" rel=\"noopener noreferrer\" aria-label=\"IFK Mora OK\"><span class='avia_iconbox_title' >IFK Mora OK<\/span><\/a><\/div><br \/>\n<section  class='av_textblock_section av-jte6sd5z-190617ab004cd191b1d9a5581d498a7f '   itemscope=\"itemscope\" itemtype=\"https:\/\/schema.org\/CreativeWork\" ><div class='avia_textblock'  itemprop=\"text\" ><p>F\u00f6reningsprojekt: <a href=\"https:\/\/eventor.orientering.se\/Events\/Show\/25220\" target=\"_blank\" rel=\"noopener noreferrer\">Mora Indoor KM<\/a><br \/>\n<a href=\"https:\/\/eventor.orientering.se\/Events\/Show\/25220\" target=\"_blank\" rel=\"noopener noreferrer\">L\u00e4s mer h\u00e4r!<\/a><\/p>\n<\/div><\/section><br \/>\n<div  class='avia-button-wrap av-jbes2w-0af17772dcbf683e3a6b8c443480eecb-wrap avia-button-center  avia-builder-el-8  el_after_av_textblock  el_before_av_button '><a href='https:\/\/idrottonline.se\/OKKare-Orientering\/' class='avia-button av-jbes2w-0af17772dcbf683e3a6b8c443480eecb av-link-btn avia-icon_select-no avia-size-large avia-position-center avia-color-theme-color' target=\"_blank\" rel=\"noopener noreferrer\" aria-label=\"OK K\u00e5re\"><span class='avia_iconbox_title' >OK K\u00e5re<\/span><\/a><\/div><br \/>\n<div  class='avia-button-wrap av-h2tz2g-3f18fb98c5becfdb8e7c620dbf65912d-wrap avia-button-center  avia-builder-el-9  el_after_av_button  el_before_av_textblock '><a href='https:\/\/idrottonline.se\/VasterbergslagensOL-Orientering\/' class='avia-button av-h2tz2g-3f18fb98c5becfdb8e7c620dbf65912d av-link-btn avia-icon_select-no avia-size-large avia-position-center avia-color-theme-color' target=\"_blank\" rel=\"noopener noreferrer\" aria-label=\"V\u00e4sterbergslagens OL\"><span class='avia_iconbox_title' >V\u00e4sterbergslagens OL<\/span><\/a><\/div><br \/>\n<section  class='av_textblock_section av-jva0iosa-a177df327580063f2b63eabae0811091 '   itemscope=\"itemscope\" itemtype=\"https:\/\/schema.org\/CreativeWork\" ><div class='avia_textblock'  itemprop=\"text\" ><p>F\u00f6reningsprojekt: <a href=\"https:\/\/eventor.orientering.se\/Events\/Show\/26205\">Tuff, Tuffare, Tuffast<\/a><br \/>\n<a href=\"https:\/\/eventor.orientering.se\/Events\/Show\/26205\">L\u00e4s mer h\u00e4r!<\/a><\/p>\n<\/div><\/section><\/p><\/div>\n<style type=\"text\/css\" data-created_by=\"avia_inline_auto\" id=\"style-css-av-fmp1mg-b03b963198bbead3c8a1eefccff7cb32\">\n.flex_column.av-fmp1mg-b03b963198bbead3c8a1eefccff7cb32{\nborder-radius:0px 0px 0px 0px;\npadding:0px 0px 0px 0px;\n}\n<\/style>\n<div  class='flex_column av-fmp1mg-b03b963198bbead3c8a1eefccff7cb32 av_one_half  avia-builder-el-11  el_after_av_one_half  avia-builder-el-last  flex_column_div av-zero-column-padding  column-top-margin'     ><p>\n<style type=\"text\/css\" data-created_by=\"avia_inline_auto\" id=\"style-css-av-jutqiuap-23666c8022a052d2b3a3bd78e890155c\">\n#top .av-special-heading.av-jutqiuap-23666c8022a052d2b3a3bd78e890155c{\npadding-bottom:10px;\n}\nbody .av-special-heading.av-jutqiuap-23666c8022a052d2b3a3bd78e890155c .av-special-heading-tag .heading-char{\nfont-size:25px;\n}\n.av-special-heading.av-jutqiuap-23666c8022a052d2b3a3bd78e890155c .av-subheading{\nfont-size:15px;\n}\n<\/style>\n<div  class='av-special-heading av-jutqiuap-23666c8022a052d2b3a3bd78e890155c av-special-heading-h3  avia-builder-el-12  el_before_av_icon_box  avia-builder-el-first '><h3 class='av-special-heading-tag '  itemprop=\"headline\"  >Program 2019<\/h3><div class=\"special-heading-border\"><div class=\"special-heading-inner-border\"><\/div><\/div><\/div><br \/>\n\n<style type=\"text\/css\" data-created_by=\"avia_inline_auto\" id=\"style-css-av-c08jjs-356ed7445f9a7a2e6c02c439e0e5a7f2\">\n.iconbox.av-c08jjs-356ed7445f9a7a2e6c02c439e0e5a7f2 .iconbox_icon{\nborder:1px solid #316738;\ncolor:#316738;\n}\n<\/style>\n<article  class='iconbox iconbox_left_content av-c08jjs-356ed7445f9a7a2e6c02c439e0e5a7f2  avia-builder-el-13  el_after_av_heading  el_before_av_toggle_container '  itemscope=\"itemscope\" itemtype=\"https:\/\/schema.org\/CreativeWork\" ><div class=\"iconbox_icon heading-color\" aria-hidden='true' data-av_icon='\ue800' data-av_iconfont='fontello'><\/div><div class=\"iconbox_content\"><header class=\"entry-content-header\"><h3 class='iconbox_content_title '  itemprop=\"headline\" >Del 1: 9-10 februari<\/h3><\/header><div class='iconbox_content_container '  itemprop=\"text\" ><p>L\u00f6rdag: Idrottsf\u00f6reningen, Ledarskap och Information &#038; kommunikation<\/p>\n<p>S\u00f6ndag: Orienterings-IT och Arrangera<\/p>\n<\/div><\/div><footer class=\"entry-footer\"><\/footer><\/article><br \/>\n\n<style type=\"text\/css\" data-created_by=\"avia_inline_auto\" id=\"style-css-av-ah0swo-181875466c1974bd59868519d5f23f38\">\n#top .togglecontainer.av-ah0swo-181875466c1974bd59868519d5f23f38 p.toggler{\nbackground-color:#ffffff;\nborder-color:#316738;\n}\n#top .togglecontainer.av-ah0swo-181875466c1974bd59868519d5f23f38 .toggle_wrap .toggle_content{\nbackground-color:#ffffff;\nborder-color:#316738;\n}\n<\/style>\n<div  class='togglecontainer av-ah0swo-181875466c1974bd59868519d5f23f38 av-minimal-toggle  avia-builder-el-14  el_after_av_icon_box  el_before_av_hr  toggle_close_all' >\n<section class='av_toggle_section av-8wcju0-0b32ef547352fcb6fdc661f29c995c65'  itemscope=\"itemscope\" itemtype=\"https:\/\/schema.org\/CreativeWork\" ><div role=\"tablist\" class=\"single_toggle\" data-tags=\"{Alla} \"  ><p id='toggle-toggle-id-1' data-fake-id='#toggle-id-1' class='toggler  av-title-above av-inherit-border-color'  itemprop=\"headline\"  role='tab' tabindex='0' aria-controls='toggle-id-1' data-slide-speed=\"200\" data-title=\"PM\" data-title-open=\"\">PM<span class=\"toggle_icon\"><span class=\"vert_icon\"><\/span><span class=\"hor_icon\"><\/span><\/span><\/p><div id='toggle-id-1' aria-labelledby='toggle-toggle-id-1' role='region' class='toggle_wrap  av-title-above'  ><div class='toggle_content invers-color av-inherit-border-color'  itemprop=\"text\" ><p><a href=\"https:\/\/klubb.ungoteket.se\/orientering\/wp-content\/uploads\/sites\/4\/2019\/02\/PM-Ungoteket-Dalarna-2019-02-09.pdf\" target=\"_blank\" rel=\"noopener noreferrer\">L\u00e4s PM h\u00e4r<\/a><\/p>\n<\/div><\/div><\/div><\/section>\n<\/div><br \/>\n<div  class='hr av-6tqxqg-30068f1b9311fbcf6b8bd6c66593327c hr-default  avia-builder-el-15  el_after_av_toggle_container  el_before_av_icon_box '><span class='hr-inner '><span class=\"hr-inner-style\"><\/span><\/span><\/div><br \/>\n\n<style type=\"text\/css\" data-created_by=\"avia_inline_auto\" id=\"style-css-av-6g2lyw-326e958b57b3a4175f58461fbdaf84c9\">\n.iconbox.av-6g2lyw-326e958b57b3a4175f58461fbdaf84c9 .iconbox_icon{\nborder:1px solid #316738;\ncolor:#316738;\n}\n<\/style>\n<article  class='iconbox iconbox_left_content av-6g2lyw-326e958b57b3a4175f58461fbdaf84c9  avia-builder-el-16  el_after_av_hr  el_before_av_toggle_container '  itemscope=\"itemscope\" itemtype=\"https:\/\/schema.org\/CreativeWork\" ><div class=\"iconbox_icon heading-color\" aria-hidden='true' data-av_icon='\ue800' data-av_iconfont='fontello'><\/div><div class=\"iconbox_content\"><header class=\"entry-content-header\"><h3 class='iconbox_content_title '  itemprop=\"headline\" >Del 2: 16-17 mars<\/h3><\/header><div class='iconbox_content_container '  itemprop=\"text\" ><p>L\u00f6rdag: Banl\u00e4ggning<\/p>\n<p>S\u00f6ndag: Kartritning<\/p>\n<\/div><\/div><footer class=\"entry-footer\"><\/footer><\/article><br \/>\n\n<style type=\"text\/css\" data-created_by=\"avia_inline_auto\" id=\"style-css-av-4r8jdk-da18050314a7ec46f73d1b1430ddee2f\">\n#top .togglecontainer.av-4r8jdk-da18050314a7ec46f73d1b1430ddee2f p.toggler{\nbackground-color:#ffffff;\nborder-color:#316738;\n}\n#top .togglecontainer.av-4r8jdk-da18050314a7ec46f73d1b1430ddee2f .toggle_wrap .toggle_content{\nbackground-color:#ffffff;\nborder-color:#316738;\n}\n<\/style>\n<div  class='togglecontainer av-4r8jdk-da18050314a7ec46f73d1b1430ddee2f av-minimal-toggle  avia-builder-el-17  el_after_av_icon_box  avia-builder-el-last  toggle_close_all' >\n<section class='av_toggle_section av-2t5e1k-251370438ad01814eabf5b5f672ece5a'  itemscope=\"itemscope\" itemtype=\"https:\/\/schema.org\/CreativeWork\" ><div role=\"tablist\" class=\"single_toggle\" data-tags=\"{Alla} \"  ><p id='toggle-toggle-id-2' data-fake-id='#toggle-id-2' class='toggler  av-title-above av-inherit-border-color'  itemprop=\"headline\"  role='tab' tabindex='0' aria-controls='toggle-id-2' data-slide-speed=\"200\" data-title=\"PM\" data-title-open=\"\">PM<span class=\"toggle_icon\"><span class=\"vert_icon\"><\/span><span class=\"hor_icon\"><\/span><\/span><\/p><div id='toggle-id-2' aria-labelledby='toggle-toggle-id-2' role='region' class='toggle_wrap  av-title-above'  ><div class='toggle_content invers-color av-inherit-border-color'  itemprop=\"text\" ><p><a href=\"https:\/\/klubb.ungoteket.se\/orientering\/wp-content\/uploads\/sites\/4\/2019\/03\/PM-Ungoteket-Dalarna-2019-03-16.pdf\">L\u00e4s PM h\u00e4r<\/a><\/p>\n<\/div><\/div><\/div><\/section>\n<\/div><\/p><\/div><\/p>\n","protected":false},"excerpt":{"rendered":"","protected":false},"author":1,"featured_media":0,"parent":0,"menu_order":0,"comment_status":"closed","ping_status":"closed","template":"","meta":{"footnotes":""},"_links":{"self":[{"href":"https:\/\/klubb.ungoteket.se\/orientering\/wp-json\/wp\/v2\/pages\/3692"}],"collection":[{"href":"https:\/\/klubb.ungoteket.se\/orientering\/wp-json\/wp\/v2\/pages"}],"about":[{"href":"https:\/\/klubb.ungoteket.se\/orientering\/wp-json\/wp\/v2\/types\/page"}],"author":[{"embeddable":true,"href":"https:\/\/klubb.ungoteket.se\/orientering\/wp-json\/wp\/v2\/users\/1"}],"replies":[{"embeddable":true,"href":"https:\/\/klubb.ungoteket.se\/orientering\/wp-json\/wp\/v2\/comments?post=3692"}],"version-history":[{"count":0,"href":"https:\/\/klubb.ungoteket.se\/orientering\/wp-json\/wp\/v2\/pages\/3692\/revisions"}],"wp:attachment":[{"href":"https:\/\/klubb.ungoteket.se\/orientering\/wp-json\/wp\/v2\/media?parent=3692"}],"curies":[{"name":"wp","href":"https:\/\/api.w.org\/{rel}","templated":true}]}}