{"id":2418,"date":"2018-11-12T11:18:19","date_gmt":"2018-11-12T10:18:19","guid":{"rendered":"https:\/\/klubb.ungoteket.se\/orientering\/?page_id=2418"},"modified":"2019-08-20T21:28:45","modified_gmt":"2019-08-20T19:28:45","slug":"ungoteket-vasterbotten","status":"publish","type":"page","link":"https:\/\/klubb.ungoteket.se\/orientering\/ungoteket-vasterbotten\/","title":{"rendered":"Ungoteket V\u00e4sterbotten 2018-2019"},"content":{"rendered":"\n<style type=\"text\/css\" data-created_by=\"avia_inline_auto\" id=\"style-css-av-z9lfdu-27422c8131b5a55fc53911dd6e9b7417\">\n.flex_column.av-z9lfdu-27422c8131b5a55fc53911dd6e9b7417{\nborder-radius:0px 0px 0px 0px;\npadding:0px 0px 0px 0px;\n}\n<\/style>\n<div  class='flex_column av-z9lfdu-27422c8131b5a55fc53911dd6e9b7417 av_one_full  avia-builder-el-0  el_before_av_one_half  avia-builder-el-first  first flex_column_div av-zero-column-padding  '     ><div  class='avia-slideshow av-xk82ci-97d1f0f16d3ae8a167c543adbe546563 avia-slideshow-featured av_slideshow avia-slide-slider  avia-builder-el-1  avia-builder-el-no-sibling  av-slideshow-ui av-control-default av-slideshow-autoplay av-loop-endless av-loop-manual-endless av-default-height-applied avia-slideshow-1' data-slideshow-options=\"{&quot;animation&quot;:&quot;slide&quot;,&quot;autoplay&quot;:true,&quot;loop_autoplay&quot;:&quot;endless&quot;,&quot;interval&quot;:5,&quot;loop_manual&quot;:&quot;manual-endless&quot;,&quot;autoplay_stopper&quot;:false,&quot;noNavigation&quot;:false,&quot;bg_slider&quot;:false,&quot;keep_padding&quot;:false,&quot;hoverpause&quot;:false,&quot;show_slide_delay&quot;:0}\"  itemprop=\"image\" itemscope=\"itemscope\" itemtype=\"https:\/\/schema.org\/ImageObject\" ><ul class='avia-slideshow-inner ' style='padding-bottom: 28.6666666667%;'><li  class='avia-slideshow-slide av-xk82ci-97d1f0f16d3ae8a167c543adbe546563__0  av-single-slide slide-1 slide-odd'><div data-rel='slideshow-1' class='avia-slide-wrap '   ><img decoding=\"async\" fetchpriority=\"high\" class=\"wp-image-2421 avia-img-lazy-loading-not-2421\"  src=\"https:\/\/klubb.ungoteket.se\/orientering\/wp-content\/uploads\/sites\/4\/2018\/11\/V\u00e4sterbotten-1500x430.jpg\" width=\"1500\" height=\"430\" title='V\u00e4sterbotten' alt=''  itemprop=\"thumbnailUrl\"   \/><\/div><\/li><\/ul><div class='av-slideshow-caption av-xk82ci-97d1f0f16d3ae8a167c543adbe546563__0 avia-caption'><div class=\"avia-inner-caption\"><h2 class='avia-caption-title '  itemprop=\"name\" >Ungoteket V\u00e4sterbotten 2018-2019<\/h2><\/div><\/div><\/div><\/div>\n\n<style type=\"text\/css\" data-created_by=\"avia_inline_auto\" id=\"style-css-av-b8prm-7ad6258ab578d5a65d595f583c1e5c72\">\n.flex_column.av-b8prm-7ad6258ab578d5a65d595f583c1e5c72{\nborder-radius:0px 0px 0px 0px;\npadding:0px 0px 0px 0px;\n}\n<\/style>\n<div  class='flex_column av-b8prm-7ad6258ab578d5a65d595f583c1e5c72 av_one_half  avia-builder-el-2  el_after_av_one_full  el_before_av_one_half  first flex_column_div av-zero-column-padding  column-top-margin'     ><p>\n<style type=\"text\/css\" data-created_by=\"avia_inline_auto\" id=\"style-css-av-av_heading-e0a6a7f2befeaf0882adeab3363cfff9\">\n#top .av-special-heading.av-av_heading-e0a6a7f2befeaf0882adeab3363cfff9{\npadding-bottom:10px;\n}\nbody .av-special-heading.av-av_heading-e0a6a7f2befeaf0882adeab3363cfff9 .av-special-heading-tag .heading-char{\nfont-size:25px;\n}\n.av-special-heading.av-av_heading-e0a6a7f2befeaf0882adeab3363cfff9 .av-subheading{\nfont-size:15px;\n}\n<\/style>\n<div  class='av-special-heading av-av_heading-e0a6a7f2befeaf0882adeab3363cfff9 av-special-heading-h3  avia-builder-el-3  el_before_av_textblock  avia-builder-el-first '><h3 class='av-special-heading-tag '  itemprop=\"headline\"  >V\u00e4lkommen till Ungoteket V\u00e4sterbotten!<\/h3><div class=\"special-heading-border\"><div class=\"special-heading-inner-border\"><\/div><\/div><\/div><br \/>\n<section  class='av_textblock_section av-2r2kxe-59545a117df45859eccd0a31f62e963d '   itemscope=\"itemscope\" itemtype=\"https:\/\/schema.org\/CreativeWork\" ><div class='avia_textblock'  itemprop=\"text\" ><p>I Ungoteket V\u00e4sterbotten deltar 8 ungdomar f\u00f6dda 2005 eller tidigare.<\/p>\n<p>En introtr\u00e4ff genomf\u00f6rdes 10 novemeber men det g\u00e5r fortfarande att anm\u00e4la sig och vara med n\u00e4r Ungoteket V\u00e4sterbotten drar ig\u00e5ng ordentligt i januari. Fyra tr\u00e4ffar kommer att genomf\u00f6ras under januari till april och p\u00e5 den h\u00e4r sidan kommer du att kunna se n\u00e4r och var de \u00e4r.<\/p>\n<p>Ut\u00f6ver tr\u00e4ffarna genomf\u00f6r ni ert f\u00f6reningsprojekt och d\u00e4refter tr\u00e4ffas ni f\u00f6r att utv\u00e4rdera och t\u00e4nka fram\u00e5t.<\/p>\n<p><strong>Anm\u00e4lan<\/strong> till Ungoteket V\u00e4sterbotten g\u00f6rs genom att skicka ett mail till <a href=\"http:\/\/julia.andersson87@gmail.com\">Julia Andersson<\/a>.<\/p>\n<p>I och med att resorna till tr\u00e4ffarna kan bli l\u00e5nga, finns det m\u00f6jlighet till reseers\u00e4ttning. Vid fr\u00e5gor och info om detta, h\u00f6r \u00e4ven d\u00e5 med\u00a0<a href=\"http:\/\/julia.andersson87@gmail.com\">Julia Andersson<\/a>.<\/p>\n<p>Har du fr\u00e5gor? H\u00f6r av dig till <a href=\"julia.andersson87@gmail.com\" data-wplink-edit=\"true\">V\u00e4sterbottens\u00a0Orienteringsf\u00f6rbund<\/a>.<\/p>\n<\/div><\/section><br \/>\n\n<style type=\"text\/css\" data-created_by=\"avia_inline_auto\" id=\"style-css-av-av_heading-0386d4c5ea68c18e094e1429788482fb\">\n#top .av-special-heading.av-av_heading-0386d4c5ea68c18e094e1429788482fb{\npadding-bottom:10px;\n}\nbody .av-special-heading.av-av_heading-0386d4c5ea68c18e094e1429788482fb .av-special-heading-tag .heading-char{\nfont-size:25px;\n}\n.av-special-heading.av-av_heading-0386d4c5ea68c18e094e1429788482fb .av-subheading{\nfont-size:15px;\n}\n<\/style>\n<div  class='av-special-heading av-av_heading-0386d4c5ea68c18e094e1429788482fb av-special-heading-h3 blockquote modern-quote modern-centered  avia-builder-el-5  el_after_av_textblock  el_before_av_button '><h3 class='av-special-heading-tag '  itemprop=\"headline\"  >Anm\u00e4lda f\u00f6reningar<\/h3><div class=\"special-heading-border\"><div class=\"special-heading-inner-border\"><\/div><\/div><\/div><br \/>\n<div  class='avia-button-wrap av-ob2jde-2af24b0037c1dfeae33cd0306a83add1-wrap avia-button-center  avia-builder-el-6  el_after_av_heading  el_before_av_button '><a href='https:\/\/idrottonline.se\/SkellefteaOK-Orientering\/' class='avia-button av-ob2jde-2af24b0037c1dfeae33cd0306a83add1 av-link-btn avia-icon_select-no avia-size-large avia-position-center avia-color-theme-color' target=\"_blank\" rel=\"noopener noreferrer\" aria-label=\"Skellefte\u00e5 OK\"><span class='avia_iconbox_title' >Skellefte\u00e5 OK<\/span><\/a><\/div><br \/>\n<div  class='avia-button-wrap av-loa45e-518e0ba1696792bf1c1e74bb962f7c3f-wrap avia-button-center  avia-builder-el-7  el_after_av_button  el_before_av_button '><a href='http:\/\/umeaok.se\/' class='avia-button av-loa45e-518e0ba1696792bf1c1e74bb962f7c3f av-link-btn avia-icon_select-no avia-size-large avia-position-center avia-color-theme-color' target=\"_blank\" rel=\"noopener noreferrer\" aria-label=\"Ume\u00e5 OK\"><span class='avia_iconbox_title' >Ume\u00e5 OK<\/span><\/a><\/div><br \/>\n<div  class='avia-button-wrap av-krg9uq-293e032ddcb1bef8b5f40f7e6c6415d9-wrap avia-button-center  avia-builder-el-8  el_after_av_button  el_before_av_textblock '><a href='http:\/\/www.vannasok.se\/' class='avia-button av-krg9uq-293e032ddcb1bef8b5f40f7e6c6415d9 av-link-btn avia-icon_select-no avia-size-large avia-position-center avia-color-theme-color' target=\"_blank\" rel=\"noopener noreferrer\" aria-label=\"V\u00e4nn\u00e4s OK\"><span class='avia_iconbox_title' >V\u00e4nn\u00e4s OK<\/span><\/a><\/div><br \/>\n<section  class='av_textblock_section av-jtipt839-5547f192a96d4565846e5aaf146db37e '   itemscope=\"itemscope\" itemtype=\"https:\/\/schema.org\/CreativeWork\" ><div class='avia_textblock'  itemprop=\"text\" ><p>F\u00f6reningsprojekt: Samtliga deltagare arrangerar tillsammans en micro- och sprinttr\u00e4ningst\u00e4vling f\u00f6r barn, under h\u00f6sten 2019<\/p>\n<\/div><\/section><\/p><\/div>\n<style type=\"text\/css\" data-created_by=\"avia_inline_auto\" id=\"style-css-av-iffsoi-ee4050915bea2a6c8606f8263c28a0f2\">\n.flex_column.av-iffsoi-ee4050915bea2a6c8606f8263c28a0f2{\nborder-radius:0px 0px 0px 0px;\npadding:0px 0px 0px 0px;\n}\n<\/style>\n<div  class='flex_column av-iffsoi-ee4050915bea2a6c8606f8263c28a0f2 av_one_half  avia-builder-el-10  el_after_av_one_half  avia-builder-el-last  flex_column_div av-zero-column-padding  column-top-margin'     ><p>\n<style type=\"text\/css\" data-created_by=\"avia_inline_auto\" id=\"style-css-av-2vlh4i-2747e7c06318f4294a07f78b060dcf93\">\n#top .av-special-heading.av-2vlh4i-2747e7c06318f4294a07f78b060dcf93{\npadding-bottom:10px;\n}\nbody .av-special-heading.av-2vlh4i-2747e7c06318f4294a07f78b060dcf93 .av-special-heading-tag .heading-char{\nfont-size:25px;\n}\n.av-special-heading.av-2vlh4i-2747e7c06318f4294a07f78b060dcf93 .av-subheading{\nfont-size:15px;\n}\n<\/style>\n<div  class='av-special-heading av-2vlh4i-2747e7c06318f4294a07f78b060dcf93 av-special-heading-h3  avia-builder-el-11  el_before_av_icon_box  avia-builder-el-first '><h3 class='av-special-heading-tag '  itemprop=\"headline\"  >Program 2018-2019<\/h3><div class=\"special-heading-border\"><div class=\"special-heading-inner-border\"><\/div><\/div><\/div><br \/>\n\n<style type=\"text\/css\" data-created_by=\"avia_inline_auto\" id=\"style-css-av-f27q76-f21672e7d488fbcb1113c9cbd50f4bd9\">\n.iconbox.av-f27q76-f21672e7d488fbcb1113c9cbd50f4bd9 .iconbox_icon{\nborder:1px solid #316738;\ncolor:#316738;\n}\n<\/style>\n<article  class='iconbox iconbox_left_content av-f27q76-f21672e7d488fbcb1113c9cbd50f4bd9  avia-builder-el-12  el_after_av_heading  el_before_av_hr '  itemscope=\"itemscope\" itemtype=\"https:\/\/schema.org\/CreativeWork\" ><div class=\"iconbox_icon heading-color\" aria-hidden='true' data-av_icon='\ue800' data-av_iconfont='fontello'><\/div><div class=\"iconbox_content\"><header class=\"entry-content-header\"><h3 class='iconbox_content_title '  itemprop=\"headline\" >Intro: 10 november<\/h3><\/header><div class='iconbox_content_container '  itemprop=\"text\" ><p>Information, F\u00f6reningsprojekt och Banl\u00e4ggning<\/p>\n<\/div><\/div><footer class=\"entry-footer\"><\/footer><\/article><br \/>\n<div  class='hr av-1f0gz6-779c36b0e907f0ad9d80b686ee6cb676 hr-default  avia-builder-el-13  el_after_av_icon_box  el_before_av_icon_box '><span class='hr-inner '><span class=\"hr-inner-style\"><\/span><\/span><\/div><br \/>\n\n<style type=\"text\/css\" data-created_by=\"avia_inline_auto\" id=\"style-css-av-c111ki-6e91de60c01655f624688135f7942cf7\">\n.iconbox.av-c111ki-6e91de60c01655f624688135f7942cf7 .iconbox_icon{\nborder:1px solid #316738;\ncolor:#316738;\n}\n<\/style>\n<article  class='iconbox iconbox_left_content av-c111ki-6e91de60c01655f624688135f7942cf7  avia-builder-el-14  el_after_av_hr  el_before_av_toggle_container '  itemscope=\"itemscope\" itemtype=\"https:\/\/schema.org\/CreativeWork\" ><div class=\"iconbox_icon heading-color\" aria-hidden='true' data-av_icon='\ue800' data-av_iconfont='fontello'><\/div><div class=\"iconbox_content\"><header class=\"entry-content-header\"><h3 class='iconbox_content_title '  itemprop=\"headline\" >Del 1: 27 januari<\/h3><\/header><div class='iconbox_content_container '  itemprop=\"text\" ><p>Orienterings-IT och Ledarskap<\/p>\n<\/div><\/div><footer class=\"entry-footer\"><\/footer><\/article><br \/>\n\n<style type=\"text\/css\" data-created_by=\"avia_inline_auto\" id=\"style-css-av-bj56k2-b3a4d8355b2144c2098c60fd976d6f8f\">\n#top .togglecontainer.av-bj56k2-b3a4d8355b2144c2098c60fd976d6f8f p.toggler{\nbackground-color:#ffffff;\nborder-color:#316738;\n}\n#top .togglecontainer.av-bj56k2-b3a4d8355b2144c2098c60fd976d6f8f .toggle_wrap .toggle_content{\nbackground-color:#ffffff;\nborder-color:#316738;\n}\n<\/style>\n<div  class='togglecontainer av-bj56k2-b3a4d8355b2144c2098c60fd976d6f8f av-minimal-toggle  avia-builder-el-15  el_after_av_icon_box  el_before_av_hr  toggle_close_all' >\n<section class='av_toggle_section av-97cmvm-a8ac9995729e1e2b7c0330cd042ccc41'  itemscope=\"itemscope\" itemtype=\"https:\/\/schema.org\/CreativeWork\" ><div role=\"tablist\" class=\"single_toggle\" data-tags=\"{Alla} \"  ><p id='toggle-toggle-id-1' data-fake-id='#toggle-id-1' class='toggler  av-title-above av-inherit-border-color'  itemprop=\"headline\"  role='tab' tabindex='0' aria-controls='toggle-id-1' data-slide-speed=\"200\" data-title=\"Inbjudan\" data-title-open=\"\">Inbjudan<span class=\"toggle_icon\"><span class=\"vert_icon\"><\/span><span class=\"hor_icon\"><\/span><\/span><\/p><div id='toggle-id-1' aria-labelledby='toggle-toggle-id-1' role='region' class='toggle_wrap  av-title-above'  ><div class='toggle_content invers-color av-inherit-border-color'  itemprop=\"text\" ><p><a href=\"https:\/\/klubb.ungoteket.se\/orientering\/wp-content\/uploads\/sites\/4\/2018\/12\/Inbjudan-Ungoteket-27-jan-2019.pdf\" target=\"_blank\" rel=\"noopener noreferrer\">Inbjudan<\/a><\/p>\n<\/div><\/div><\/div><\/section>\n<\/div><br \/>\n<div  class='hr av-86smc2-45e2b9fd7bffc661a9a51808266243cb hr-default  avia-builder-el-16  el_after_av_toggle_container  el_before_av_icon_box '><span class='hr-inner '><span class=\"hr-inner-style\"><\/span><\/span><\/div><br \/>\n\n<style type=\"text\/css\" data-created_by=\"avia_inline_auto\" id=\"style-css-av-5gvvwi-b9235aed55e4e6dee094101a10ed5657\">\n.iconbox.av-5gvvwi-b9235aed55e4e6dee094101a10ed5657 .iconbox_icon{\nborder:1px solid #316738;\ncolor:#316738;\n}\n<\/style>\n<article  class='iconbox iconbox_left_content av-5gvvwi-b9235aed55e4e6dee094101a10ed5657  avia-builder-el-17  el_after_av_hr  el_before_av_hr '  itemscope=\"itemscope\" itemtype=\"https:\/\/schema.org\/CreativeWork\" ><div class=\"iconbox_icon heading-color\" aria-hidden='true' data-av_icon='\ue800' data-av_iconfont='fontello'><\/div><div class=\"iconbox_content\"><header class=\"entry-content-header\"><h3 class='iconbox_content_title '  itemprop=\"headline\" >Del 2: 17 Mars<\/h3><\/header><div class='iconbox_content_container '  itemprop=\"text\" ><p>Information &#038; kommunikation och Arrangera<\/p>\n<\/div><\/div><footer class=\"entry-footer\"><\/footer><\/article><br \/>\n<div  class='hr av-3vvmqa-5b6fe032cdf2e5d88a7fe12a3dd78540 hr-default  avia-builder-el-18  el_after_av_icon_box  el_before_av_icon_box '><span class='hr-inner '><span class=\"hr-inner-style\"><\/span><\/span><\/div><br \/>\n\n<style type=\"text\/css\" data-created_by=\"avia_inline_auto\" id=\"style-css-av-39dg2a-8b625f4ce76ea32d9d2c9ae8945f8bd8\">\n.iconbox.av-39dg2a-8b625f4ce76ea32d9d2c9ae8945f8bd8 .iconbox_icon{\nborder:1px solid #316738;\ncolor:#316738;\n}\n<\/style>\n<article  class='iconbox iconbox_left_content av-39dg2a-8b625f4ce76ea32d9d2c9ae8945f8bd8  avia-builder-el-19  el_after_av_hr  avia-builder-el-last '  itemscope=\"itemscope\" itemtype=\"https:\/\/schema.org\/CreativeWork\" ><div class=\"iconbox_icon heading-color\" aria-hidden='true' data-av_icon='\ue800' data-av_iconfont='fontello'><\/div><div class=\"iconbox_content\"><header class=\"entry-content-header\"><h3 class='iconbox_content_title '  itemprop=\"headline\" >Del 3: 19 maj<\/h3><\/header><div class='iconbox_content_container '  itemprop=\"text\" ><p>Kartritning<\/p>\n<\/div><\/div><footer class=\"entry-footer\"><\/footer><\/article><\/p><\/div><\/p>\n","protected":false},"excerpt":{"rendered":"","protected":false},"author":8,"featured_media":0,"parent":0,"menu_order":0,"comment_status":"closed","ping_status":"closed","template":"","meta":{"footnotes":""},"_links":{"self":[{"href":"https:\/\/klubb.ungoteket.se\/orientering\/wp-json\/wp\/v2\/pages\/2418"}],"collection":[{"href":"https:\/\/klubb.ungoteket.se\/orientering\/wp-json\/wp\/v2\/pages"}],"about":[{"href":"https:\/\/klubb.ungoteket.se\/orientering\/wp-json\/wp\/v2\/types\/page"}],"author":[{"embeddable":true,"href":"https:\/\/klubb.ungoteket.se\/orientering\/wp-json\/wp\/v2\/users\/8"}],"replies":[{"embeddable":true,"href":"https:\/\/klubb.ungoteket.se\/orientering\/wp-json\/wp\/v2\/comments?post=2418"}],"version-history":[{"count":0,"href":"https:\/\/klubb.ungoteket.se\/orientering\/wp-json\/wp\/v2\/pages\/2418\/revisions"}],"wp:attachment":[{"href":"https:\/\/klubb.ungoteket.se\/orientering\/wp-json\/wp\/v2\/media?parent=2418"}],"curies":[{"name":"wp","href":"https:\/\/api.w.org\/{rel}","templated":true}]}}