{"id":2302,"date":"2018-10-25T08:42:32","date_gmt":"2018-10-25T06:42:32","guid":{"rendered":"https:\/\/klubb.ungoteket.se\/orientering\/?page_id=2302"},"modified":"2019-11-07T09:09:26","modified_gmt":"2019-11-07T08:09:26","slug":"ungoteket-orebro","status":"publish","type":"page","link":"https:\/\/klubb.ungoteket.se\/orientering\/ungoteket-orebro\/","title":{"rendered":"Ungoteket \u00d6rebro 2019-2020"},"content":{"rendered":"\n<style type=\"text\/css\" data-created_by=\"avia_inline_auto\" id=\"style-css-av-ww77zy-fa0bf3580fd6d2920cb7e85896cbd8ec\">\n.flex_column.av-ww77zy-fa0bf3580fd6d2920cb7e85896cbd8ec{\nborder-radius:0px 0px 0px 0px;\npadding:0px 0px 0px 0px;\n}\n<\/style>\n<div  class='flex_column av-ww77zy-fa0bf3580fd6d2920cb7e85896cbd8ec av_one_full  avia-builder-el-0  el_before_av_one_half  avia-builder-el-first  first flex_column_div av-zero-column-padding  '     ><div  class='avia-slideshow av-usv8tq-9e4265945eb9b617b15cebdb5cac71f3 avia-slideshow-featured_large av_slideshow avia-slide-slider  avia-builder-el-1  avia-builder-el-no-sibling  av-slideshow-ui av-control-default av-slideshow-autoplay av-loop-endless av-loop-manual-endless av-default-height-applied avia-slideshow-1' data-slideshow-options=\"{&quot;animation&quot;:&quot;slide&quot;,&quot;autoplay&quot;:true,&quot;loop_autoplay&quot;:&quot;endless&quot;,&quot;interval&quot;:5,&quot;loop_manual&quot;:&quot;manual-endless&quot;,&quot;autoplay_stopper&quot;:false,&quot;noNavigation&quot;:false,&quot;bg_slider&quot;:false,&quot;keep_padding&quot;:false,&quot;hoverpause&quot;:false,&quot;show_slide_delay&quot;:0}\"  itemprop=\"image\" itemscope=\"itemscope\" itemtype=\"https:\/\/schema.org\/ImageObject\" ><ul class='avia-slideshow-inner ' style='padding-bottom: 42%;'><li  class='avia-slideshow-slide av-usv8tq-9e4265945eb9b617b15cebdb5cac71f3__0  av-single-slide slide-1 slide-odd'><div data-rel='slideshow-1' class='avia-slide-wrap '   ><img decoding=\"async\" fetchpriority=\"high\" class=\"wp-image-3657 avia-img-lazy-loading-not-3657\"  src=\"https:\/\/klubb.ungoteket.se\/orientering\/wp-content\/uploads\/sites\/4\/2019\/08\/6-1500x630.jpg\" width=\"1500\" height=\"630\" title='' alt=''  itemprop=\"thumbnailUrl\"   \/><\/div><\/li><\/ul><div class='av-slideshow-caption av-usv8tq-9e4265945eb9b617b15cebdb5cac71f3__0 avia-caption'><div class=\"avia-inner-caption\"><h2 class='avia-caption-title '  itemprop=\"name\" >Ungoteket \u00d6rebro 2019-2020<\/h2><\/div><\/div><\/div><\/div>\n\n<style type=\"text\/css\" data-created_by=\"avia_inline_auto\" id=\"style-css-av-rtzxqm-9a70da6588c74544dcbc9f0f7d166fa3\">\n.flex_column.av-rtzxqm-9a70da6588c74544dcbc9f0f7d166fa3{\nborder-radius:0px 0px 0px 0px;\npadding:0px 0px 0px 0px;\n}\n<\/style>\n<div  class='flex_column av-rtzxqm-9a70da6588c74544dcbc9f0f7d166fa3 av_one_half  avia-builder-el-2  el_after_av_one_full  el_before_av_one_half  first flex_column_div av-zero-column-padding  column-top-margin'     ><p>\n<style type=\"text\/css\" data-created_by=\"avia_inline_auto\" id=\"style-css-av-av_heading-e38090e54e0e4e2faf9783f51fb47a43\">\n#top .av-special-heading.av-av_heading-e38090e54e0e4e2faf9783f51fb47a43{\npadding-bottom:10px;\n}\nbody .av-special-heading.av-av_heading-e38090e54e0e4e2faf9783f51fb47a43 .av-special-heading-tag .heading-char{\nfont-size:25px;\n}\n.av-special-heading.av-av_heading-e38090e54e0e4e2faf9783f51fb47a43 .av-subheading{\nfont-size:15px;\n}\n<\/style>\n<div  class='av-special-heading av-av_heading-e38090e54e0e4e2faf9783f51fb47a43 av-special-heading-h3  avia-builder-el-3  el_before_av_textblock  avia-builder-el-first '><h3 class='av-special-heading-tag '  itemprop=\"headline\"  >V\u00e4lkommen till Ungoteket \u00d6rebro!<\/h3><div class=\"special-heading-border\"><div class=\"special-heading-inner-border\"><\/div><\/div><\/div><br \/>\n<section  class='av_textblock_section av-nh5af2-9452a83d0736950cdec41d6b14d7d524 '   itemscope=\"itemscope\" itemtype=\"https:\/\/schema.org\/CreativeWork\" ><div class='avia_textblock'  itemprop=\"text\" ><p>Ungoteket \u00d6rebro \u00e4r f\u00f6r ungdomar f\u00f6dda 2006 eller tidigare.<\/p>\n<p>De tv\u00e5 f\u00f6rsta tr\u00e4ffarna kommer att genomf\u00f6ras p\u00e5 Idrottens Hus i \u00d6rebro. Den avslutande helgen kommer att genomf\u00f6ras p\u00e5 n\u00e5gon kurs\/l\u00e4gerg\u00e5rd eller liknande med \u00f6vernattningsm\u00f6jlighet. Inbjudan med program kommer inom kort. Anm\u00e4lan \u00f6ppnas d\u00e5 i Eventor.<\/p>\n<p>Ut\u00f6ver tr\u00e4ffarna genomf\u00f6rs ett f\u00f6reningsprojekt i respektive klubb och under v\u00e5ren tr\u00e4ffas vi f\u00f6r att utv\u00e4rdera.<\/p>\n<p>Har du fr\u00e5gor? H\u00f6r av dig till <a href=\"mailto:elinsundkvist@hotmail.com\" target=\"_blank\" rel=\"noopener noreferrer\">\u00d6rebro l\u00e4ns Orienteringsf\u00f6rbund<\/a>.<\/p>\n<\/div><\/section><br \/>\n\n<style type=\"text\/css\" data-created_by=\"avia_inline_auto\" id=\"style-css-av-av_heading-0386d4c5ea68c18e094e1429788482fb\">\n#top .av-special-heading.av-av_heading-0386d4c5ea68c18e094e1429788482fb{\npadding-bottom:10px;\n}\nbody .av-special-heading.av-av_heading-0386d4c5ea68c18e094e1429788482fb .av-special-heading-tag .heading-char{\nfont-size:25px;\n}\n.av-special-heading.av-av_heading-0386d4c5ea68c18e094e1429788482fb .av-subheading{\nfont-size:15px;\n}\n<\/style>\n<div  class='av-special-heading av-av_heading-0386d4c5ea68c18e094e1429788482fb av-special-heading-h3 blockquote modern-quote modern-centered  avia-builder-el-5  el_after_av_textblock  el_before_av_button '><h3 class='av-special-heading-tag '  itemprop=\"headline\"  >Anm\u00e4lda f\u00f6reningar<\/h3><div class=\"special-heading-border\"><div class=\"special-heading-inner-border\"><\/div><\/div><\/div><br \/>\n<div  class='avia-button-wrap av-jz103f3p-59914fea898bcfcdd0a6b00bd3d19486-wrap avia-button-center  avia-builder-el-6  el_after_av_heading  el_before_av_textblock '><a href='' class='avia-button av-jz103f3p-59914fea898bcfcdd0a6b00bd3d19486 av-link-btn avia-icon_select-no avia-size-large avia-position-center avia-color-theme-color' target=\"_blank\" rel=\"noopener noreferrer\" aria-label=\"F\u00f6reningens namn\"><span class='avia_iconbox_title' >F\u00f6reningens namn<\/span><\/a><\/div><br \/>\n<section  class='av_textblock_section av-jz105l5x-063113ee941f20d354509b21b2236ae1 '   itemscope=\"itemscope\" itemtype=\"https:\/\/schema.org\/CreativeWork\" ><div class='avia_textblock'  itemprop=\"text\" ><p>F\u00f6reningsprojekt:<\/p>\n<\/div><\/section><\/p><\/div>\n<style type=\"text\/css\" data-created_by=\"avia_inline_auto\" id=\"style-css-av-c6lnpa-6139f687e55dab521a15050f911bdd51\">\n.flex_column.av-c6lnpa-6139f687e55dab521a15050f911bdd51{\nborder-radius:0px 0px 0px 0px;\npadding:0px 0px 0px 0px;\n}\n<\/style>\n<div  class='flex_column av-c6lnpa-6139f687e55dab521a15050f911bdd51 av_one_half  avia-builder-el-8  el_after_av_one_half  avia-builder-el-last  flex_column_div av-zero-column-padding  column-top-margin'     ><p>\n<style type=\"text\/css\" data-created_by=\"avia_inline_auto\" id=\"style-css-av-av_heading-e61d339308a5db511a2d6e4281c99473\">\n#top .av-special-heading.av-av_heading-e61d339308a5db511a2d6e4281c99473{\npadding-bottom:10px;\n}\nbody .av-special-heading.av-av_heading-e61d339308a5db511a2d6e4281c99473 .av-special-heading-tag .heading-char{\nfont-size:25px;\n}\n.av-special-heading.av-av_heading-e61d339308a5db511a2d6e4281c99473 .av-subheading{\nfont-size:15px;\n}\n<\/style>\n<div  class='av-special-heading av-av_heading-e61d339308a5db511a2d6e4281c99473 av-special-heading-h3  avia-builder-el-9  el_before_av_icon_box  avia-builder-el-first '><h3 class='av-special-heading-tag '  itemprop=\"headline\"  >Program 2019-2020<\/h3><div class=\"special-heading-border\"><div class=\"special-heading-inner-border\"><\/div><\/div><\/div><br \/>\n\n<style type=\"text\/css\" data-created_by=\"avia_inline_auto\" id=\"style-css-av-8kunu6-deb66bd06f0db837eea76376acff890e\">\n.iconbox.av-8kunu6-deb66bd06f0db837eea76376acff890e .iconbox_icon{\nborder:1px solid #316738;\ncolor:#316738;\n}\n<\/style>\n<article  class='iconbox iconbox_left_content av-8kunu6-deb66bd06f0db837eea76376acff890e  avia-builder-el-10  el_after_av_heading  el_before_av_hr '  itemscope=\"itemscope\" itemtype=\"https:\/\/schema.org\/CreativeWork\" ><div class=\"iconbox_icon heading-color\" aria-hidden='true' data-av_icon='\ue800' data-av_iconfont='fontello'><\/div><div class=\"iconbox_content\"><header class=\"entry-content-header\"><h3 class='iconbox_content_title '  itemprop=\"headline\" >Del 1: 7 december<\/h3><\/header><div class='iconbox_content_container '  itemprop=\"text\" ><p>Idrottsf\u00f6reningen och Information &amp; Kommunikation<\/p>\n<\/div><\/div><footer class=\"entry-footer\"><\/footer><\/article><br \/>\n<div  class='hr av-88q28u-ac79fe0a3cbf9939519e7648e22a9527 hr-default  avia-builder-el-11  el_after_av_icon_box  el_before_av_icon_box '><span class='hr-inner '><span class=\"hr-inner-style\"><\/span><\/span><\/div><br \/>\n\n<style type=\"text\/css\" data-created_by=\"avia_inline_auto\" id=\"style-css-av-5mc7pq-324dab65ff3fd2f7258f9fc9110cd902\">\n.iconbox.av-5mc7pq-324dab65ff3fd2f7258f9fc9110cd902 .iconbox_icon{\nborder:1px solid #316738;\ncolor:#316738;\n}\n<\/style>\n<article  class='iconbox iconbox_left_content av-5mc7pq-324dab65ff3fd2f7258f9fc9110cd902  avia-builder-el-12  el_after_av_hr  el_before_av_hr '  itemscope=\"itemscope\" itemtype=\"https:\/\/schema.org\/CreativeWork\" ><div class=\"iconbox_icon heading-color\" aria-hidden='true' data-av_icon='\ue800' data-av_iconfont='fontello'><\/div><div class=\"iconbox_content\"><header class=\"entry-content-header\"><h3 class='iconbox_content_title '  itemprop=\"headline\" >Del 2: 18 januari<\/h3><\/header><div class='iconbox_content_container '  itemprop=\"text\" ><p>Ledarskap och Arrangemang<\/p>\n<\/div><\/div><footer class=\"entry-footer\"><\/footer><\/article><br \/>\n<div  class='hr av-4ei2fy-a8145ec56c2ba73e8e824a403a51e73a hr-default  avia-builder-el-13  el_after_av_icon_box  el_before_av_icon_box '><span class='hr-inner '><span class=\"hr-inner-style\"><\/span><\/span><\/div><br \/>\n\n<style type=\"text\/css\" data-created_by=\"avia_inline_auto\" id=\"style-css-av-26rwtq-190c17341045606980655991105c847d\">\n.iconbox.av-26rwtq-190c17341045606980655991105c847d .iconbox_icon{\nborder:1px solid #316738;\ncolor:#316738;\n}\n<\/style>\n<article  class='iconbox iconbox_left_content av-26rwtq-190c17341045606980655991105c847d  avia-builder-el-14  el_after_av_hr  avia-builder-el-last '  itemscope=\"itemscope\" itemtype=\"https:\/\/schema.org\/CreativeWork\" ><div class=\"iconbox_icon heading-color\" aria-hidden='true' data-av_icon='\ue800' data-av_iconfont='fontello'><\/div><div class=\"iconbox_content\"><header class=\"entry-content-header\"><h3 class='iconbox_content_title '  itemprop=\"headline\" >Del 3: 14-15\/3<\/h3><\/header><div class='iconbox_content_container '  itemprop=\"text\" ><p>IT-administration, Kartritning och Banl\u00e4ggning<\/p>\n<\/div><\/div><footer class=\"entry-footer\"><\/footer><\/article><\/p><\/div><\/p>\n","protected":false},"excerpt":{"rendered":"","protected":false},"author":9,"featured_media":0,"parent":0,"menu_order":0,"comment_status":"closed","ping_status":"closed","template":"","meta":{"footnotes":""},"_links":{"self":[{"href":"https:\/\/klubb.ungoteket.se\/orientering\/wp-json\/wp\/v2\/pages\/2302"}],"collection":[{"href":"https:\/\/klubb.ungoteket.se\/orientering\/wp-json\/wp\/v2\/pages"}],"about":[{"href":"https:\/\/klubb.ungoteket.se\/orientering\/wp-json\/wp\/v2\/types\/page"}],"author":[{"embeddable":true,"href":"https:\/\/klubb.ungoteket.se\/orientering\/wp-json\/wp\/v2\/users\/9"}],"replies":[{"embeddable":true,"href":"https:\/\/klubb.ungoteket.se\/orientering\/wp-json\/wp\/v2\/comments?post=2302"}],"version-history":[{"count":0,"href":"https:\/\/klubb.ungoteket.se\/orientering\/wp-json\/wp\/v2\/pages\/2302\/revisions"}],"wp:attachment":[{"href":"https:\/\/klubb.ungoteket.se\/orientering\/wp-json\/wp\/v2\/media?parent=2302"}],"curies":[{"name":"wp","href":"https:\/\/api.w.org\/{rel}","templated":true}]}}