{"id":2008,"date":"2018-08-20T09:35:17","date_gmt":"2018-08-20T07:35:17","guid":{"rendered":"https:\/\/klubb.ungoteket.se\/orientering\/?page_id=2008"},"modified":"2020-09-25T12:26:18","modified_gmt":"2020-09-25T10:26:18","slug":"ungoteket-skane-2019-2020","status":"publish","type":"page","link":"https:\/\/klubb.ungoteket.se\/orientering\/ungoteket-skane-2019-2020\/","title":{"rendered":"Ungoteket Sk\u00e5ne 2019-2020"},"content":{"rendered":"\n<style type=\"text\/css\" data-created_by=\"avia_inline_auto\" id=\"style-css-av-wq33e0-fad2c5f76ad7ef22fbfa9bc164f87b44\">\n.flex_column.av-wq33e0-fad2c5f76ad7ef22fbfa9bc164f87b44{\nborder-radius:0px 0px 0px 0px;\npadding:0px 0px 0px 0px;\n}\n<\/style>\n<div  class='flex_column av-wq33e0-fad2c5f76ad7ef22fbfa9bc164f87b44 av_one_full  avia-builder-el-0  el_before_av_one_half  avia-builder-el-first  first flex_column_div av-zero-column-padding  '     ><div  class='avia-slideshow av-umbons-521b8f0b4bf20f05a7db89d9e7d1184f avia-slideshow-featured_large av_slideshow avia-slide-slider  avia-builder-el-1  avia-builder-el-no-sibling  av-slideshow-ui av-control-default av-slideshow-autoplay av-loop-endless av-loop-manual-endless av-default-height-applied avia-slideshow-1' data-slideshow-options=\"{&quot;animation&quot;:&quot;slide&quot;,&quot;autoplay&quot;:true,&quot;loop_autoplay&quot;:&quot;endless&quot;,&quot;interval&quot;:5,&quot;loop_manual&quot;:&quot;manual-endless&quot;,&quot;autoplay_stopper&quot;:false,&quot;noNavigation&quot;:false,&quot;bg_slider&quot;:false,&quot;keep_padding&quot;:false,&quot;hoverpause&quot;:false,&quot;show_slide_delay&quot;:0}\"  itemprop=\"image\" itemscope=\"itemscope\" itemtype=\"https:\/\/schema.org\/ImageObject\" ><ul class='avia-slideshow-inner ' style='padding-bottom: 42%;'><li  class='avia-slideshow-slide av-umbons-521b8f0b4bf20f05a7db89d9e7d1184f__0  av-single-slide slide-1 slide-odd'><div data-rel='slideshow-1' class='avia-slide-wrap '   ><img decoding=\"async\" fetchpriority=\"high\" class=\"wp-image-3658 avia-img-lazy-loading-not-3658\"  src=\"https:\/\/klubb.ungoteket.se\/orientering\/wp-content\/uploads\/sites\/4\/2019\/08\/5-1500x630.jpg\" width=\"1500\" height=\"630\" title='' alt=''  itemprop=\"thumbnailUrl\"   \/><\/div><\/li><\/ul><div class='av-slideshow-caption av-umbons-521b8f0b4bf20f05a7db89d9e7d1184f__0 avia-caption'><div class=\"avia-inner-caption\"><h2 class='avia-caption-title '  itemprop=\"name\" >Ungoteket Sk\u00e5ne 2019-2020<\/h2><\/div><\/div><\/div><\/div>\n\n<style type=\"text\/css\" data-created_by=\"avia_inline_auto\" id=\"style-css-av-rmvdeg-c3dd4848ab00085c6da1a7c84da52357\">\n.flex_column.av-rmvdeg-c3dd4848ab00085c6da1a7c84da52357{\nborder-radius:0px 0px 0px 0px;\npadding:0px 0px 0px 0px;\n}\n<\/style>\n<div  class='flex_column av-rmvdeg-c3dd4848ab00085c6da1a7c84da52357 av_one_half  avia-builder-el-2  el_after_av_one_full  el_before_av_one_half  first flex_column_div av-zero-column-padding  column-top-margin'     ><p>\n<style type=\"text\/css\" data-created_by=\"avia_inline_auto\" id=\"style-css-av-3y5xdk-2dd0084b881b36d0686b467e9fd7e9ee\">\n#top .av-special-heading.av-3y5xdk-2dd0084b881b36d0686b467e9fd7e9ee{\npadding-bottom:10px;\n}\nbody .av-special-heading.av-3y5xdk-2dd0084b881b36d0686b467e9fd7e9ee .av-special-heading-tag .heading-char{\nfont-size:25px;\n}\n.av-special-heading.av-3y5xdk-2dd0084b881b36d0686b467e9fd7e9ee .av-subheading{\nfont-size:15px;\n}\n<\/style>\n<div  class='av-special-heading av-3y5xdk-2dd0084b881b36d0686b467e9fd7e9ee av-special-heading-h3  avia-builder-el-3  el_before_av_textblock  avia-builder-el-first '><h3 class='av-special-heading-tag '  itemprop=\"headline\"  >V\u00e4lkommen till Ungoteket Sk\u00e5ne!<\/h3><div class=\"special-heading-border\"><div class=\"special-heading-inner-border\"><\/div><\/div><\/div><br \/>\n<section  class='av_textblock_section av-nxuhpk-16e04368094f83c094a6cbe4528d7aa5 '   itemscope=\"itemscope\" itemtype=\"https:\/\/schema.org\/CreativeWork\" ><div class='avia_textblock'  itemprop=\"text\" ><p>Ungoteket Sk\u00e5ne \u00e4r f\u00f6r ungdomar f\u00f6dda 2005 eller tidigare.<\/p>\n<p>P\u00e5 den h\u00e4r sidan hittar du information om n\u00e4r och var tr\u00e4ffarna \u00e4r samt vad som h\u00e4nder p\u00e5 varje tr\u00e4ff.<\/p>\n<p>Ut\u00f6ver tr\u00e4ffarna genomf\u00f6r ni ert f\u00f6reningsprojekt och d\u00e4refter tr\u00e4ffas ni f\u00f6r att utv\u00e4rdera och t\u00e4nka fram\u00e5t.<\/p>\n<p>L\u00e4nk till anm\u00e4lan finns <a href=\"https:\/\/forms.gle\/6AfGx4d8ucwicF3t8\">h\u00e4r<\/a>.<\/p>\n<p>Har du fr\u00e5gor? H\u00f6r av dig till projektledare <a href=\"mailto:a.matsson@telia.com\">Axel Matsson<\/a>.<\/p>\n<\/div><\/section><br \/>\n\n<style type=\"text\/css\" data-created_by=\"avia_inline_auto\" id=\"style-css-av-2kz3dk-1cebd877c9090e1956418654b45ad50a\">\n#top .av-special-heading.av-2kz3dk-1cebd877c9090e1956418654b45ad50a{\npadding-bottom:10px;\n}\nbody .av-special-heading.av-2kz3dk-1cebd877c9090e1956418654b45ad50a .av-special-heading-tag .heading-char{\nfont-size:25px;\n}\n.av-special-heading.av-2kz3dk-1cebd877c9090e1956418654b45ad50a .av-subheading{\nfont-size:15px;\n}\n<\/style>\n<div  class='av-special-heading av-2kz3dk-1cebd877c9090e1956418654b45ad50a av-special-heading-h3 blockquote modern-quote modern-centered  avia-builder-el-5  el_after_av_textblock  el_before_av_button '><h3 class='av-special-heading-tag '  itemprop=\"headline\"  >Anm\u00e4lda f\u00f6reningar<\/h3><div class=\"special-heading-border\"><div class=\"special-heading-inner-border\"><\/div><\/div><\/div><br \/>\n<div  class='avia-button-wrap av-k4wkuw-a1fad118fe6732a306fdfe5edb11b1ab-wrap avia-button-center  avia-builder-el-6  el_after_av_heading  el_before_av_button '><a href='https:\/\/idrottonline.se\/AndrarumsIF\/' class='avia-button av-k4wkuw-a1fad118fe6732a306fdfe5edb11b1ab av-link-btn avia-icon_select-no avia-size-large avia-position-center avia-color-theme-color' target=\"_blank\" rel=\"noopener noreferrer\" aria-label=\"Andrarums IF\"><span class='avia_iconbox_title' >Andrarums IF<\/span><\/a><\/div><br \/>\n<div  class='avia-button-wrap av-k4wkuw-2886f10922afd199223ea0fec765a7ca-wrap avia-button-center  avia-builder-el-7  el_after_av_button  el_before_av_button '><a href='https:\/\/idrottonline.se\/HarlovsIF\/' class='avia-button av-k4wkuw-2886f10922afd199223ea0fec765a7ca av-link-btn avia-icon_select-no avia-size-large avia-position-center avia-color-theme-color' target=\"_blank\" rel=\"noopener noreferrer\" aria-label=\"H\u00e4rl\u00f6vs IF\"><span class='avia_iconbox_title' >H\u00e4rl\u00f6vs IF<\/span><\/a><\/div><br \/>\n<div  class='avia-button-wrap av-k4wkuw-ce0e0f9a2364b7ad1ff128f9c2367624-wrap avia-button-center  avia-builder-el-8  el_after_av_button  el_before_av_button '><a href='https:\/\/www.hassleholmsok.se\/' class='avia-button av-k4wkuw-ce0e0f9a2364b7ad1ff128f9c2367624 av-link-btn avia-icon_select-no avia-size-large avia-position-center avia-color-theme-color' target=\"_blank\" rel=\"noopener noreferrer\" aria-label=\"H\u00e4ssleholms OK\"><span class='avia_iconbox_title' >H\u00e4ssleholms OK<\/span><\/a><\/div><br \/>\n<div  class='avia-button-wrap av-k4wkuw-8721220d5a10f0e59c4f45a49eaff5dc-wrap avia-button-center  avia-builder-el-9  el_after_av_button  el_before_av_button '><a href='https:\/\/www.skaneslattensol.se\/' class='avia-button av-k4wkuw-8721220d5a10f0e59c4f45a49eaff5dc av-link-btn avia-icon_select-no avia-size-large avia-position-center avia-color-theme-color' target=\"_blank\" rel=\"noopener noreferrer\" aria-label=\"Sk\u00e5nesl\u00e4ttens OL\"><span class='avia_iconbox_title' >Sk\u00e5nesl\u00e4ttens OL<\/span><\/a><\/div><br \/>\n<div  class='avia-button-wrap av-k4wkuw-fa149780cd1c7844d62dc99d786bc061-wrap avia-button-center  avia-builder-el-10  el_after_av_button  el_before_av_textblock '><a href='https:\/\/idrottonline.se\/OKTyringe-Orientering\/' class='avia-button av-k4wkuw-fa149780cd1c7844d62dc99d786bc061 av-link-btn avia-icon_select-no avia-size-large avia-position-center avia-color-theme-color' target=\"_blank\" rel=\"noopener noreferrer\" aria-label=\"OK Tyringe\"><span class='avia_iconbox_title' >OK Tyringe<\/span><\/a><\/div><br \/>\n<section  class='av_textblock_section av-jtipiyct-9424e0e63f449aac317099d9b78a687e '   itemscope=\"itemscope\" itemtype=\"https:\/\/schema.org\/CreativeWork\" ><div class='avia_textblock'  itemprop=\"text\" ><p>F\u00f6reningsprojekt:<\/p>\n<\/div><\/section><\/p><\/div>\n\n<style type=\"text\/css\" data-created_by=\"avia_inline_auto\" id=\"style-css-av-dj9u6g-dee6e3923dc27d5b752864d8152a4d8f\">\n.flex_column.av-dj9u6g-dee6e3923dc27d5b752864d8152a4d8f{\nborder-radius:0px 0px 0px 0px;\npadding:0px 0px 0px 0px;\n}\n<\/style>\n<div  class='flex_column av-dj9u6g-dee6e3923dc27d5b752864d8152a4d8f av_one_half  avia-builder-el-12  el_after_av_one_half  avia-builder-el-last  flex_column_div av-zero-column-padding  column-top-margin'     ><p>\n<style type=\"text\/css\" data-created_by=\"avia_inline_auto\" id=\"style-css-av-36jewo-89915cb720ffd3400edef92c745e473f\">\n#top .av-special-heading.av-36jewo-89915cb720ffd3400edef92c745e473f{\npadding-bottom:10px;\n}\nbody .av-special-heading.av-36jewo-89915cb720ffd3400edef92c745e473f .av-special-heading-tag .heading-char{\nfont-size:25px;\n}\n.av-special-heading.av-36jewo-89915cb720ffd3400edef92c745e473f .av-subheading{\nfont-size:15px;\n}\n<\/style>\n<div  class='av-special-heading av-36jewo-89915cb720ffd3400edef92c745e473f av-special-heading-h3  avia-builder-el-13  el_before_av_icon_box  avia-builder-el-first '><h3 class='av-special-heading-tag '  itemprop=\"headline\"  >Program 2019-2020<\/h3><div class=\"special-heading-border\"><div class=\"special-heading-inner-border\"><\/div><\/div><\/div><br \/>\n\n<style type=\"text\/css\" data-created_by=\"avia_inline_auto\" id=\"style-css-av-big3go-94f12a8031226e4a7fd2c9b26de1c065\">\n.iconbox.av-big3go-94f12a8031226e4a7fd2c9b26de1c065 .iconbox_icon{\nborder:1px solid #316738;\ncolor:#316738;\n}\n<\/style>\n<article  class='iconbox iconbox_left_content av-big3go-94f12a8031226e4a7fd2c9b26de1c065  avia-builder-el-14  el_after_av_heading  el_before_av_hr '  itemscope=\"itemscope\" itemtype=\"https:\/\/schema.org\/CreativeWork\" ><div class=\"iconbox_icon heading-color\" aria-hidden='true' data-av_icon='\ue800' data-av_iconfont='fontello'><\/div><div class=\"iconbox_content\"><header class=\"entry-content-header\"><h3 class='iconbox_content_title '  itemprop=\"headline\" >Del 1: 22-23 nov <\/h3><\/header><div class='iconbox_content_container '  itemprop=\"text\" ><p><a href=\"https:\/\/klubb.ungoteket.se\/orientering\/idrottsforeningen\/\">Idrottsf\u00f6reningen<\/a> och <a href=\"https:\/\/klubb.ungoteket.se\/orientering\/arrangera\/\">Arrangera<\/a><\/p>\n<p>Plats: Backag\u00e5rden, H\u00f6\u00f6r<\/p>\n<\/div><\/div><footer class=\"entry-footer\"><\/footer><\/article><br \/>\n<div  class='hr av-uskyg-c362abfa8d55beded1eec564ea470ad8 hr-default  avia-builder-el-15  el_after_av_icon_box  el_before_av_icon_box '><span class='hr-inner '><span class=\"hr-inner-style\"><\/span><\/span><\/div><br \/>\n\n<style type=\"text\/css\" data-created_by=\"avia_inline_auto\" id=\"style-css-av-7a8788-e65f6947c626dabf22ce64d2b05325ed\">\n.iconbox.av-7a8788-e65f6947c626dabf22ce64d2b05325ed .iconbox_icon{\nborder:1px solid #316738;\ncolor:#316738;\n}\n<\/style>\n<article  class='iconbox iconbox_left_content av-7a8788-e65f6947c626dabf22ce64d2b05325ed  avia-builder-el-16  el_after_av_hr  el_before_av_hr '  itemscope=\"itemscope\" itemtype=\"https:\/\/schema.org\/CreativeWork\" ><div class=\"iconbox_icon heading-color\" aria-hidden='true' data-av_icon='\ue800' data-av_iconfont='fontello'><\/div><div class=\"iconbox_content\"><header class=\"entry-content-header\"><h3 class='iconbox_content_title '  itemprop=\"headline\" >Del 2: 8-9 februari<\/h3><\/header><div class='iconbox_content_container '  itemprop=\"text\" ><p><a href=\"https:\/\/klubb.ungoteket.se\/orientering\/ledarskap\/\">Ledarskap<\/a>,\u00a0<a href=\"https:\/\/klubb.ungoteket.se\/orientering\/arrangera\/\">Information och Kommunikation<\/a>\u00a0och <a href=\"https:\/\/klubb.ungoteket.se\/orientering\/orienterings-it\/\">Orienterings-IT<\/a><\/p>\n<p>Plats:\u00a0<a href=\"https:\/\/www.cigarrkungenshus.se\/\" target=\"_blank\" rel=\"noopener noreferrer\">Ciggarkungens Hus, \u00c5hus<\/a><\/p>\n<\/div><\/div><footer class=\"entry-footer\"><\/footer><\/article><br \/>\n<div  class='hr av-5v2mxk-3e1d5fd96bf15c47b115eafa01a966b3 hr-default  avia-builder-el-17  el_after_av_icon_box  el_before_av_icon_box '><span class='hr-inner '><span class=\"hr-inner-style\"><\/span><\/span><\/div><br \/>\n\n<style type=\"text\/css\" data-created_by=\"avia_inline_auto\" id=\"style-css-av-4pfslk-3283864ab40f271be3c75c2f0c45a4d4\">\n.iconbox.av-4pfslk-3283864ab40f271be3c75c2f0c45a4d4 .iconbox_icon{\nborder:1px solid #316738;\ncolor:#316738;\n}\n<\/style>\n<article  class='iconbox iconbox_left_content av-4pfslk-3283864ab40f271be3c75c2f0c45a4d4  avia-builder-el-18  el_after_av_hr  el_before_av_hr '  itemscope=\"itemscope\" itemtype=\"https:\/\/schema.org\/CreativeWork\" ><div class=\"iconbox_icon heading-color\" aria-hidden='true' data-av_icon='\ue800' data-av_iconfont='fontello'><\/div><div class=\"iconbox_content\"><header class=\"entry-content-header\"><h3 class='iconbox_content_title '  itemprop=\"headline\" >Del 3: 14-15 mars<\/h3><\/header><div class='iconbox_content_container '  itemprop=\"text\" ><p><a href=\"https:\/\/klubb.ungoteket.se\/orientering\/banlaggning\/\" target=\"_blank\" rel=\"noopener noreferrer\">Banl\u00e4ggning<\/a>\u00a0och <a href=\"https:\/\/klubb.ungoteket.se\/orientering\/kartritning\/\">Kartritning<\/a><\/p>\n<p>Plats: Meddelas inom kort<\/p>\n<\/div><\/div><footer class=\"entry-footer\"><\/footer><\/article><br \/>\n<div  class='hr av-21yq14-dd7189ce5cd37a3da3db2d86a1880bb2 hr-default  avia-builder-el-19  el_after_av_icon_box  avia-builder-el-last '><span class='hr-inner '><span class=\"hr-inner-style\"><\/span><\/span><\/div><\/p><\/div>\n","protected":false},"excerpt":{"rendered":"","protected":false},"author":10,"featured_media":0,"parent":0,"menu_order":0,"comment_status":"closed","ping_status":"closed","template":"","meta":{"footnotes":""},"_links":{"self":[{"href":"https:\/\/klubb.ungoteket.se\/orientering\/wp-json\/wp\/v2\/pages\/2008"}],"collection":[{"href":"https:\/\/klubb.ungoteket.se\/orientering\/wp-json\/wp\/v2\/pages"}],"about":[{"href":"https:\/\/klubb.ungoteket.se\/orientering\/wp-json\/wp\/v2\/types\/page"}],"author":[{"embeddable":true,"href":"https:\/\/klubb.ungoteket.se\/orientering\/wp-json\/wp\/v2\/users\/10"}],"replies":[{"embeddable":true,"href":"https:\/\/klubb.ungoteket.se\/orientering\/wp-json\/wp\/v2\/comments?post=2008"}],"version-history":[{"count":6,"href":"https:\/\/klubb.ungoteket.se\/orientering\/wp-json\/wp\/v2\/pages\/2008\/revisions"}],"predecessor-version":[{"id":4384,"href":"https:\/\/klubb.ungoteket.se\/orientering\/wp-json\/wp\/v2\/pages\/2008\/revisions\/4384"}],"wp:attachment":[{"href":"https:\/\/klubb.ungoteket.se\/orientering\/wp-json\/wp\/v2\/media?parent=2008"}],"curies":[{"name":"wp","href":"https:\/\/api.w.org\/{rel}","templated":true}]}}