{"id":136,"date":"2017-05-02T20:35:04","date_gmt":"2017-05-02T18:35:04","guid":{"rendered":"https:\/\/klubb.ungoteket.se\/orientering\/?page_id=136"},"modified":"2023-01-16T09:59:25","modified_gmt":"2023-01-16T08:59:25","slug":"kartritning","status":"publish","type":"page","link":"https:\/\/klubb.ungoteket.se\/orientering\/kartritning\/","title":{"rendered":"Inneh\u00e5ll &#8211; Kartritning"},"content":{"rendered":"\n<style type=\"text\/css\" data-created_by=\"avia_inline_auto\" id=\"style-css-av-39utm8-43463c452a834e8f0abb40142592ec8c\">\n.flex_column.av-39utm8-43463c452a834e8f0abb40142592ec8c{\nborder-radius:0px 0px 0px 0px;\npadding:0px 0px 0px 0px;\n}\n<\/style>\n<div  class='flex_column av-39utm8-43463c452a834e8f0abb40142592ec8c av_one_full  avia-builder-el-0  el_before_av_one_full  avia-builder-el-first  first flex_column_div av-zero-column-padding  '     ><div  class='avia-slideshow av-31qar4-015b963d2cc1be85d90a59727e569776 avia-slideshow-featured av_slideshow avia-slide-slider  avia-builder-el-1  avia-builder-el-no-sibling  av-slideshow-ui av-control-default av-slideshow-manual av-loop-once av-loop-manual-endless av-default-height-applied avia-slideshow-1' data-slideshow-options=\"{&quot;animation&quot;:&quot;slide&quot;,&quot;autoplay&quot;:false,&quot;loop_autoplay&quot;:&quot;once&quot;,&quot;interval&quot;:5,&quot;loop_manual&quot;:&quot;manual-endless&quot;,&quot;autoplay_stopper&quot;:false,&quot;noNavigation&quot;:false,&quot;bg_slider&quot;:false,&quot;keep_padding&quot;:false,&quot;hoverpause&quot;:false,&quot;show_slide_delay&quot;:0}\"  itemprop=\"image\" itemscope=\"itemscope\" itemtype=\"https:\/\/schema.org\/ImageObject\" ><ul class='avia-slideshow-inner ' style='padding-bottom: 28.6666666667%;'><li  class='avia-slideshow-slide av-31qar4-015b963d2cc1be85d90a59727e569776__0  av-single-slide slide-1 slide-odd'><div data-rel='slideshow-1' class='avia-slide-wrap '   ><img decoding=\"async\" fetchpriority=\"high\" class=\"wp-image-1824 avia-img-lazy-loading-not-1824\"  src=\"https:\/\/klubb.ungoteket.se\/orientering\/wp-content\/uploads\/sites\/4\/2018\/05\/Kartritning-1.5-1500x430.jpg\" width=\"1500\" height=\"430\" title='' alt=''  itemprop=\"thumbnailUrl\"   \/><\/div><\/li><\/ul><div class='av-slideshow-caption av-31qar4-015b963d2cc1be85d90a59727e569776__0 avia-caption'><div class=\"avia-inner-caption\"><h2 class='avia-caption-title '  itemprop=\"name\" >Kartritning<\/h2><\/div><\/div><\/div><\/div>\n\n<style type=\"text\/css\" data-created_by=\"avia_inline_auto\" id=\"style-css-av-2r0tfs-923d84a27a2853b2074b051abb21d6b3\">\n.flex_column.av-2r0tfs-923d84a27a2853b2074b051abb21d6b3{\nborder-radius:0px 0px 0px 0px;\npadding:0px 0px 0px 0px;\n}\n<\/style>\n<div  class='flex_column av-2r0tfs-923d84a27a2853b2074b051abb21d6b3 av_one_full  avia-builder-el-2  el_after_av_one_full  el_before_av_one_half  first flex_column_div av-zero-column-padding  column-top-margin'     ><section  class='av_textblock_section av-9aphk-ffa43e55197ee2e4af3305801c77c37c '   itemscope=\"itemscope\" itemtype=\"https:\/\/schema.org\/CreativeWork\" ><div class='avia_textblock'  itemprop=\"text\" ><p>Hur g\u00e5r det till n\u00e4r en karta skapas? Och vad finns det f\u00f6r regler man m\u00e5ste f\u00f6lja? F\u00f6rutom att f\u00e5 reda p\u00e5 det f\u00e5r du h\u00e4r prova p\u00e5 kartritning, p\u00e5 riktigt!\u00a0Syftet med de h\u00e4r \u00f6vningarna \u00e4r att v\u00e4cka ett intresse f\u00f6r kartritning och ge tips p\u00e5 vilka m\u00f6jligheter som finns f\u00f6r att l\u00e4ra sig mer om hur man reviderar och ritar nya orienteringskartor.<\/p>\n<\/div><\/section><\/div>\n\n<style type=\"text\/css\" data-created_by=\"avia_inline_auto\" id=\"style-css-av-2e0jew-21faaeab8a0ccf75237bc28d70a11aa6\">\n.flex_column.av-2e0jew-21faaeab8a0ccf75237bc28d70a11aa6{\nborder-radius:0px 0px 0px 0px;\npadding:0px 0px 0px 0px;\n}\n<\/style>\n<div  class='flex_column av-2e0jew-21faaeab8a0ccf75237bc28d70a11aa6 av_one_half  avia-builder-el-4  el_after_av_one_full  el_before_av_one_half  first flex_column_div av-zero-column-padding  column-top-margin'     ><p>\n<style type=\"text\/css\" data-created_by=\"avia_inline_auto\" id=\"style-css-av-29nso0-33a20de98922dd2b85c62c6998f36ae1\">\n#top .av-special-heading.av-29nso0-33a20de98922dd2b85c62c6998f36ae1{\npadding-bottom:10px;\n}\nbody .av-special-heading.av-29nso0-33a20de98922dd2b85c62c6998f36ae1 .av-special-heading-tag .heading-char{\nfont-size:25px;\n}\n.av-special-heading.av-29nso0-33a20de98922dd2b85c62c6998f36ae1 .av-subheading{\nfont-size:15px;\n}\n<\/style>\n<div  class='av-special-heading av-29nso0-33a20de98922dd2b85c62c6998f36ae1 av-special-heading-h3  avia-builder-el-5  el_before_av_textblock  avia-builder-el-first '><h3 class='av-special-heading-tag '  itemprop=\"headline\"  >H\u00e4r f\u00e5r du:<\/h3><div class=\"special-heading-border\"><div class=\"special-heading-inner-border\"><\/div><\/div><\/div><br \/>\n<section  class='av_textblock_section av-247q0w-5bf281594d1325808e4f2312c10a3802 '   itemscope=\"itemscope\" itemtype=\"https:\/\/schema.org\/CreativeWork\" ><div class='avia_textblock'  itemprop=\"text\" ><ul>\n<li>En inblick i hur kartritning g\u00e5r till<\/li>\n<li>K\u00e4nnedom om kartnormen<\/li>\n<li>Prova att rita karta ute i f\u00e4lt<\/li>\n<li>Anv\u00e4nda kartritningsprogrammet Open Orienteering Mapper<\/li>\n<\/ul>\n<\/div><\/section><\/p><\/div>\n\n<style type=\"text\/css\" data-created_by=\"avia_inline_auto\" id=\"style-css-av-10bbe-79f390ddd3dca466a1b85f77fae2e355\">\n.flex_column.av-10bbe-79f390ddd3dca466a1b85f77fae2e355{\nborder-radius:0px 0px 0px 0px;\npadding:0px 0px 0px 0px;\n}\n<\/style>\n<div  class='flex_column av-10bbe-79f390ddd3dca466a1b85f77fae2e355 av_one_half  avia-builder-el-7  el_after_av_one_half  avia-builder-el-last  flex_column_div av-zero-column-padding  column-top-margin'     ><p>\n<style type=\"text\/css\" data-created_by=\"avia_inline_auto\" id=\"style-css-av-av_heading-550f501b55f25ee3debdd7ec3ecfa415\">\n#top .av-special-heading.av-av_heading-550f501b55f25ee3debdd7ec3ecfa415{\npadding-bottom:10px;\n}\nbody .av-special-heading.av-av_heading-550f501b55f25ee3debdd7ec3ecfa415 .av-special-heading-tag .heading-char{\nfont-size:25px;\n}\n.av-special-heading.av-av_heading-550f501b55f25ee3debdd7ec3ecfa415 .av-subheading{\nfont-size:15px;\n}\n<\/style>\n<div  class='av-special-heading av-av_heading-550f501b55f25ee3debdd7ec3ecfa415 av-special-heading-h3  avia-builder-el-8  el_before_av_textblock  avia-builder-el-first '><h3 class='av-special-heading-tag '  itemprop=\"headline\"  >\u00d6vningar<\/h3><div class=\"special-heading-border\"><div class=\"special-heading-inner-border\"><\/div><\/div><\/div><br \/>\n<section  class='av_textblock_section av-l1hyib9t-c6031010188d64164a168936c718cba2 '   itemscope=\"itemscope\" itemtype=\"https:\/\/schema.org\/CreativeWork\" ><div class='avia_textblock'  itemprop=\"text\" ><p>H\u00e4r \u00e4r \u00f6vningarna digitalt:<\/p>\n<article class=\"article-icon-entry av-iconlist-empty\">\n<div class=\"iconlist_content_wrap\">\n<header class=\"entry-content-header\">\n<p class=\"av_iconlist_title iconlist_title \"><a href=\"https:\/\/docs.google.com\/presentation\/d\/19gyuNynylJhY_wJ3gTqteI5_QjVER3E3\/edit?usp=share_link&amp;ouid=103559110516890225801&amp;rtpof=true&amp;sd=true\">Kartritning i praktiken<\/a><br \/>\n<a title=\"Renritning i Open Orienteering Mapper\" href=\"https:\/\/docs.google.com\/presentation\/d\/15q9h2q7Wb35PT0NGADYfENf04UI04kSM\/edit?usp=share_link&amp;ouid=103559110516890225801&amp;rtpof=true&amp;sd=true\" target=\"_blank\" rel=\"noopener noreferrer\">Renritning med hj\u00e4lp av kartritningsprogram\u00a0<\/a><br \/>\n<a href=\"https:\/\/klubb.ungoteket.se\/orientering\/kartritningsovning-baserad-pa-filmer-och-fotografier\/\">Kartritnings\u00f6vning 3 &#8211; baserad p\u00e5 filmer och fotografier<\/a><\/p>\n<\/header>\n<\/div>\n<\/article>\n<\/div><\/section><br \/>\n\n<style type=\"text\/css\" data-created_by=\"avia_inline_auto\" id=\"style-css-av-av_heading-ac6259a535d70951173532f8509fec03\">\n#top .av-special-heading.av-av_heading-ac6259a535d70951173532f8509fec03{\npadding-bottom:10px;\n}\nbody .av-special-heading.av-av_heading-ac6259a535d70951173532f8509fec03 .av-special-heading-tag .heading-char{\nfont-size:25px;\n}\n.av-special-heading.av-av_heading-ac6259a535d70951173532f8509fec03 .av-subheading{\nfont-size:15px;\n}\n<\/style>\n<div  class='av-special-heading av-av_heading-ac6259a535d70951173532f8509fec03 av-special-heading-h3  avia-builder-el-10  el_after_av_textblock  el_before_av_textblock '><h3 class='av-special-heading-tag '  itemprop=\"headline\"  >F\u00f6rberedelser inf\u00f6r tr\u00e4ffen<\/h3><div class=\"special-heading-border\"><div class=\"special-heading-inner-border\"><\/div><\/div><\/div><br \/>\n<section  class='av_textblock_section av-l1hyib9t-c6031010188d64164a168936c718cba2 '   itemscope=\"itemscope\" itemtype=\"https:\/\/schema.org\/CreativeWork\" ><div class='avia_textblock'  itemprop=\"text\" ><p>Inf\u00f6r detta utbildningstillf\u00e4lle beh\u00f6ver du som deltagare ladda hem och installera f\u00f6ljande material:<br \/>\n<a href=\"https:\/\/www.openorienteering.org\/\">Open Orienteering Mapper<\/a> (om den som anordnar tr\u00e4ffen inte h\u00e4nvisar till n\u00e5got annat kartritningsprogram)<\/p>\n<p>Inf\u00f6r detta utbildningstillf\u00e4lle skall du som deltagare ta med\u00a0 f\u00f6ljande material:<\/p>\n<ul>\n<li>Dator.<\/li>\n<li>Penna, sudd och anteckningsblock.<\/li>\n<\/ul>\n<\/div><\/section><br \/>\n\n<style type=\"text\/css\" data-created_by=\"avia_inline_auto\" id=\"style-css-av-av_heading-5d45025e13bef88c080d43b6b1778239\">\n#top .av-special-heading.av-av_heading-5d45025e13bef88c080d43b6b1778239{\npadding-bottom:10px;\n}\nbody .av-special-heading.av-av_heading-5d45025e13bef88c080d43b6b1778239 .av-special-heading-tag .heading-char{\nfont-size:25px;\n}\n.av-special-heading.av-av_heading-5d45025e13bef88c080d43b6b1778239 .av-subheading{\nfont-size:15px;\n}\n<\/style>\n<div  class='av-special-heading av-av_heading-5d45025e13bef88c080d43b6b1778239 av-special-heading-h3  avia-builder-el-12  el_after_av_textblock  el_before_av_textblock '><h3 class='av-special-heading-tag '  itemprop=\"headline\"  >L\u00e4s mer<\/h3><div class=\"special-heading-border\"><div class=\"special-heading-inner-border\"><\/div><\/div><\/div><br \/>\n<section  class='av_textblock_section av-l1hyib9t-c6031010188d64164a168936c718cba2 '   itemscope=\"itemscope\" itemtype=\"https:\/\/schema.org\/CreativeWork\" ><div class='avia_textblock'  itemprop=\"text\" ><p>H\u00e4r \u00e4r l\u00e4nkar till sidor d\u00e4r du kan l\u00e4sa mer p\u00e5 temat Idrottsf\u00f6reningen:<\/p>\n<p><a title=\"Kartnormen isom 2017\" href=\"https:\/\/orienteringse.sharepoint.com\/sites\/SOFT-Externt\/Delade%20dokument\/Forms\/AllItems.aspx?ga=1&#038;id=%2Fsites%2FSOFT%2DExternt%2FDelade%20dokument%2FHemsidan%2FF%C3%B6rening%2FKartfr%C3%A5gor%2FSt%C3%B6ddokument%20%26%20filer%2FKartnormer%20och%20relaterat%2FOL%2F20221020%5FISOM%5F2017%5F2%5Fversion%5F5%2Epdf&#038;viewid=2e3c3186%2Dc5d1%2D4ffe%2Dbbf0%2Dd60b74934f33&#038;parent=%2Fsites%2FSOFT%2DExternt%2FDelade%20dokument%2FHemsidan%2FF%C3%B6rening%2FKartfr%C3%A5gor%2FSt%C3%B6ddokument%20%26%20filer%2FKartnormer%20och%20relaterat%2FOL\" target=\"_blank\" rel=\"noopener noreferrer\">Kartnormen ISOM 2017<\/a><br \/>\n<a title=\"Sprintnormen ISSprOM 2019\" href=\"https:\/\/orienteringse.sharepoint.com\/sites\/SOFT-Externt\/Delade%20dokument\/Forms\/AllItems.aspx?ga=1&#038;id=%2Fsites%2FSOFT%2DExternt%2FDelade%20dokument%2FHemsidan%2FF%C3%B6rening%2FKartfr%C3%A5gor%2FSt%C3%B6ddokument%20%26%20filer%2FKartnormer%20och%20relaterat%2FOL%2F20221001%5FISSprOM%5F2019%5F2%5Fversion%5F5%2Epdf&#038;viewid=2e3c3186%2Dc5d1%2D4ffe%2Dbbf0%2Dd60b74934f33&#038;parent=%2Fsites%2FSOFT%2DExternt%2FDelade%20dokument%2FHemsidan%2FF%C3%B6rening%2FKartfr%C3%A5gor%2FSt%C3%B6ddokument%20%26%20filer%2FKartnormer%20och%20relaterat%2FOL\" target=\"_blank\" rel=\"noopener noreferrer\">Sprintnormen ISSPROM 2019<\/a><br \/>\n<span data-sheets-value=\"{\" data-sheets-userformat=\"{\" data-sheets-hyperlink=\"https:\/\/www.sisuidrottsbocker.se\/produkt\/kartritarboken\/\"><a class=\"in-cell-link\" href=\"https:\/\/www.sisuidrottsbocker.se\/produkt\/kartritarboken\/\" target=\"_blank\" rel=\"noopener noreferrer\">Kartritarboken<\/a><br \/>\n<a href=\"http:\/\/www.openorienteering.org\/mapper-manual\/pages\/\">Guide Open Orienteering Mapper<\/a><\/span><\/p>\n<\/div><\/section><\/p><\/div>\n","protected":false},"excerpt":{"rendered":"","protected":false},"author":1,"featured_media":0,"parent":0,"menu_order":0,"comment_status":"closed","ping_status":"closed","template":"","meta":{"footnotes":""},"_links":{"self":[{"href":"https:\/\/klubb.ungoteket.se\/orientering\/wp-json\/wp\/v2\/pages\/136"}],"collection":[{"href":"https:\/\/klubb.ungoteket.se\/orientering\/wp-json\/wp\/v2\/pages"}],"about":[{"href":"https:\/\/klubb.ungoteket.se\/orientering\/wp-json\/wp\/v2\/types\/page"}],"author":[{"embeddable":true,"href":"https:\/\/klubb.ungoteket.se\/orientering\/wp-json\/wp\/v2\/users\/1"}],"replies":[{"embeddable":true,"href":"https:\/\/klubb.ungoteket.se\/orientering\/wp-json\/wp\/v2\/comments?post=136"}],"version-history":[{"count":14,"href":"https:\/\/klubb.ungoteket.se\/orientering\/wp-json\/wp\/v2\/pages\/136\/revisions"}],"predecessor-version":[{"id":5619,"href":"https:\/\/klubb.ungoteket.se\/orientering\/wp-json\/wp\/v2\/pages\/136\/revisions\/5619"}],"wp:attachment":[{"href":"https:\/\/klubb.ungoteket.se\/orientering\/wp-json\/wp\/v2\/media?parent=136"}],"curies":[{"name":"wp","href":"https:\/\/api.w.org\/{rel}","templated":true}]}}