{"id":132,"date":"2017-05-02T20:33:14","date_gmt":"2017-05-02T18:33:14","guid":{"rendered":"https:\/\/klubb.ungoteket.se\/orientering\/?page_id=132"},"modified":"2022-12-28T10:12:14","modified_gmt":"2022-12-28T09:12:14","slug":"orienterings-it","status":"publish","type":"page","link":"https:\/\/klubb.ungoteket.se\/orientering\/orienterings-it\/","title":{"rendered":"Inneh\u00e5ll &#8211; Orienterings-IT"},"content":{"rendered":"\n<style type=\"text\/css\" data-created_by=\"avia_inline_auto\" id=\"style-css-av-3a5xb0-e3e57ae775d06cd3878a0e0b7649462d\">\n.flex_column.av-3a5xb0-e3e57ae775d06cd3878a0e0b7649462d{\nborder-radius:0px 0px 0px 0px;\npadding:0px 0px 0px 0px;\n}\n<\/style>\n<div  class='flex_column av-3a5xb0-e3e57ae775d06cd3878a0e0b7649462d av_one_full  avia-builder-el-0  el_before_av_one_full  avia-builder-el-first  first flex_column_div av-zero-column-padding  '     ><div  class='avia-slideshow av-32uj1w-33aa0056a43e784cce14775bc15d6471 avia-slideshow-featured av_slideshow avia-slide-slider  avia-builder-el-1  avia-builder-el-no-sibling  av-slideshow-ui av-control-default av-slideshow-manual av-loop-once av-loop-manual-endless av-default-height-applied avia-slideshow-1' data-slideshow-options=\"{&quot;animation&quot;:&quot;slide&quot;,&quot;autoplay&quot;:false,&quot;loop_autoplay&quot;:&quot;once&quot;,&quot;interval&quot;:5,&quot;loop_manual&quot;:&quot;manual-endless&quot;,&quot;autoplay_stopper&quot;:false,&quot;noNavigation&quot;:false,&quot;bg_slider&quot;:false,&quot;keep_padding&quot;:false,&quot;hoverpause&quot;:false,&quot;show_slide_delay&quot;:0}\"  itemprop=\"image\" itemscope=\"itemscope\" itemtype=\"https:\/\/schema.org\/ImageObject\" ><ul class='avia-slideshow-inner ' style='padding-bottom: 28.6666666667%;'><li  class='avia-slideshow-slide av-32uj1w-33aa0056a43e784cce14775bc15d6471__0  av-single-slide slide-1 slide-odd'><div data-rel='slideshow-1' class='avia-slide-wrap '   ><img decoding=\"async\" fetchpriority=\"high\" class=\"wp-image-679 avia-img-lazy-loading-not-679\"  src=\"https:\/\/klubb.ungoteket.se\/orientering\/wp-content\/uploads\/sites\/4\/2017\/08\/FOTO_Ungoteket_Magrasprinten-7-1500x430.jpg\" width=\"1500\" height=\"430\" title='' alt=''  itemprop=\"thumbnailUrl\"   \/><\/div><\/li><\/ul><div class='av-slideshow-caption av-32uj1w-33aa0056a43e784cce14775bc15d6471__0 avia-caption'><div class=\"avia-inner-caption\"><h2 class='avia-caption-title '  itemprop=\"name\" >Orienterings-IT<\/h2><\/div><\/div><\/div><\/div>\n\n<style type=\"text\/css\" data-created_by=\"avia_inline_auto\" id=\"style-css-av-2q38bw-64dc48dc8cc2dfc5985fe3ce114ea74d\">\n.flex_column.av-2q38bw-64dc48dc8cc2dfc5985fe3ce114ea74d{\nborder-radius:0px 0px 0px 0px;\npadding:0px 0px 0px 0px;\n}\n<\/style>\n<div  class='flex_column av-2q38bw-64dc48dc8cc2dfc5985fe3ce114ea74d av_one_full  avia-builder-el-2  el_after_av_one_full  el_before_av_one_half  first flex_column_div av-zero-column-padding  column-top-margin'     ><section  class='av_textblock_section av-2lmues-a96a062e0c8d713dd47604c8016b2bb6 '   itemscope=\"itemscope\" itemtype=\"https:\/\/schema.org\/CreativeWork\" ><div class='avia_textblock'  itemprop=\"text\" ><p>Det finns mycket teknik inom orienteringssporten nu f\u00f6r tiden. N\u00e5gra exempel \u00e4r MeOS, SportIdent och Eventor. I det h\u00e4r avsnittet f\u00e5r du \u00e4ven veta mer om Livelox och olika orienteringsappar. Snart \u00e4r du f\u00f6reningens IT-expert!<\/p>\n<\/div><\/section><\/div>\n\n<style type=\"text\/css\" data-created_by=\"avia_inline_auto\" id=\"style-css-av-2d0bec-8b2e316db47436d78b0b33bf1246dd90\">\n.flex_column.av-2d0bec-8b2e316db47436d78b0b33bf1246dd90{\nborder-radius:0px 0px 0px 0px;\npadding:0px 0px 0px 0px;\n}\n<\/style>\n<div  class='flex_column av-2d0bec-8b2e316db47436d78b0b33bf1246dd90 av_one_half  avia-builder-el-4  el_after_av_one_full  el_before_av_one_half  first flex_column_div av-zero-column-padding  column-top-margin'     ><p>\n<style type=\"text\/css\" data-created_by=\"avia_inline_auto\" id=\"style-css-av-2ahs50-da5f425f84a7e3ac2c24a4894ee75c5c\">\n#top .av-special-heading.av-2ahs50-da5f425f84a7e3ac2c24a4894ee75c5c{\npadding-bottom:10px;\n}\nbody .av-special-heading.av-2ahs50-da5f425f84a7e3ac2c24a4894ee75c5c .av-special-heading-tag .heading-char{\nfont-size:25px;\n}\n.av-special-heading.av-2ahs50-da5f425f84a7e3ac2c24a4894ee75c5c .av-subheading{\nfont-size:15px;\n}\n<\/style>\n<div  class='av-special-heading av-2ahs50-da5f425f84a7e3ac2c24a4894ee75c5c av-special-heading-h3  avia-builder-el-5  el_before_av_textblock  avia-builder-el-first '><h3 class='av-special-heading-tag '  itemprop=\"headline\"  >H\u00e4r f\u00e5r du:<\/h3><div class=\"special-heading-border\"><div class=\"special-heading-inner-border\"><\/div><\/div><\/div><br \/>\n<section  class='av_textblock_section av-22zlac-0aeeb92b705457827e422586a0463476 '   itemscope=\"itemscope\" itemtype=\"https:\/\/schema.org\/CreativeWork\" ><div class='avia_textblock'  itemprop=\"text\" ><ul>\n<li>L\u00e4gga upp och administrera ett arrangemang p\u00e5 Eventor<\/li>\n<li>L\u00e4ra dig hantera MeOS, ett administrativt program f\u00f6r tr\u00e4ning och t\u00e4vling<\/li>\n<li>Programmera SportIdent-enheter<\/li>\n<li>Ladda upp kartor och l\u00e4gga upp ett arrangemang p\u00e5 Livelox<\/li>\n<li>Tips p\u00e5 orienteringsappar mm.<\/li>\n<\/ul>\n<\/div><\/section><\/p><\/div>\n\n<style type=\"text\/css\" data-created_by=\"avia_inline_auto\" id=\"style-css-av-10bbe-79f390ddd3dca466a1b85f77fae2e355\">\n.flex_column.av-10bbe-79f390ddd3dca466a1b85f77fae2e355{\nborder-radius:0px 0px 0px 0px;\npadding:0px 0px 0px 0px;\n}\n<\/style>\n<div  class='flex_column av-10bbe-79f390ddd3dca466a1b85f77fae2e355 av_one_half  avia-builder-el-7  el_after_av_one_half  avia-builder-el-last  flex_column_div av-zero-column-padding  column-top-margin'     ><p>\n<style type=\"text\/css\" data-created_by=\"avia_inline_auto\" id=\"style-css-av-av_heading-01b75bf1de8b06d06181f8deebdedb78\">\n#top .av-special-heading.av-av_heading-01b75bf1de8b06d06181f8deebdedb78{\npadding-bottom:10px;\n}\nbody .av-special-heading.av-av_heading-01b75bf1de8b06d06181f8deebdedb78 .av-special-heading-tag .heading-char{\nfont-size:25px;\n}\n.av-special-heading.av-av_heading-01b75bf1de8b06d06181f8deebdedb78 .av-subheading{\nfont-size:15px;\n}\n<\/style>\n<div  class='av-special-heading av-av_heading-01b75bf1de8b06d06181f8deebdedb78 av-special-heading-h3  avia-builder-el-8  el_before_av_textblock  avia-builder-el-first '><h3 class='av-special-heading-tag '  itemprop=\"headline\"  >Extramaterial<\/h3><div class=\"special-heading-border\"><div class=\"special-heading-inner-border\"><\/div><\/div><\/div><br \/>\n<section  class='av_textblock_section av-l1hyib9t-c6031010188d64164a168936c718cba2 '   itemscope=\"itemscope\" itemtype=\"https:\/\/schema.org\/CreativeWork\" ><div class='avia_textblock'  itemprop=\"text\" ><p>H\u00e4r \u00e4r ett f\u00f6rdjupat st\u00f6d till tv\u00e5 av huvuddelarna i utbildningstr\u00e4ffen Orienterings-IT:<\/p>\n<p><a href=\"https:\/\/docs.google.com\/presentation\/d\/1PGtYIxfMlIeU2RzbT3OEUsJkyqhLbAKl\/edit?usp=sharing&#038;ouid=103559110516890225801&#038;rtpof=true&#038;sd=true\">Guide MeOS<\/a><br \/>\n<a href=\"https:\/\/docs.google.com\/presentation\/d\/1Mo1nZHpkcEzUUAS3_0ASzOiXxRFzAiyn\/edit?usp=sharing&#038;ouid=103559110516890225801&#038;rtpof=true&#038;sd=true\">Guide Eventor<\/a><\/p>\n<\/div><\/section><br \/>\n\n<style type=\"text\/css\" data-created_by=\"avia_inline_auto\" id=\"style-css-av-av_heading-ac6259a535d70951173532f8509fec03\">\n#top .av-special-heading.av-av_heading-ac6259a535d70951173532f8509fec03{\npadding-bottom:10px;\n}\nbody .av-special-heading.av-av_heading-ac6259a535d70951173532f8509fec03 .av-special-heading-tag .heading-char{\nfont-size:25px;\n}\n.av-special-heading.av-av_heading-ac6259a535d70951173532f8509fec03 .av-subheading{\nfont-size:15px;\n}\n<\/style>\n<div  class='av-special-heading av-av_heading-ac6259a535d70951173532f8509fec03 av-special-heading-h3  avia-builder-el-10  el_after_av_textblock  el_before_av_textblock '><h3 class='av-special-heading-tag '  itemprop=\"headline\"  >F\u00f6rberedelser inf\u00f6r tr\u00e4ffen<\/h3><div class=\"special-heading-border\"><div class=\"special-heading-inner-border\"><\/div><\/div><\/div><br \/>\n<section  class='av_textblock_section av-l1hyib9t-c6031010188d64164a168936c718cba2 '   itemscope=\"itemscope\" itemtype=\"https:\/\/schema.org\/CreativeWork\" ><div class='avia_textblock'  itemprop=\"text\" ><p>Inf\u00f6r detta utbildningstillf\u00e4lle skall du som deltagare ladda hem f\u00f6ljande programvaror:<br \/>\n<a href=\"https:\/\/www.sportident.com\/products.html#software\" target=\"_blank\" rel=\"noopener noreferrer\">Sportident Config+<\/a> och <a href=\"http:\/\/www.melin.nu\/meos\/sv\/download.php\" target=\"_blank\" rel=\"noopener noreferrer\">MeOS<\/a><\/p>\n<p>Inf\u00f6r detta utbildningstillf\u00e4lle skall du som deltagare ta med f\u00f6ljande material:<\/p>\n<ul>\n<li>Dator.<\/li>\n<li>Penna, sudd och anteckningsblock<\/li>\n<\/ul>\n<\/div><\/section><br \/>\n\n<style type=\"text\/css\" data-created_by=\"avia_inline_auto\" id=\"style-css-av-av_heading-5d45025e13bef88c080d43b6b1778239\">\n#top .av-special-heading.av-av_heading-5d45025e13bef88c080d43b6b1778239{\npadding-bottom:10px;\n}\nbody .av-special-heading.av-av_heading-5d45025e13bef88c080d43b6b1778239 .av-special-heading-tag .heading-char{\nfont-size:25px;\n}\n.av-special-heading.av-av_heading-5d45025e13bef88c080d43b6b1778239 .av-subheading{\nfont-size:15px;\n}\n<\/style>\n<div  class='av-special-heading av-av_heading-5d45025e13bef88c080d43b6b1778239 av-special-heading-h3  avia-builder-el-12  el_after_av_textblock  el_before_av_textblock '><h3 class='av-special-heading-tag '  itemprop=\"headline\"  >L\u00e4s mer<\/h3><div class=\"special-heading-border\"><div class=\"special-heading-inner-border\"><\/div><\/div><\/div><br \/>\n<section  class='av_textblock_section av-l1hyib9t-c6031010188d64164a168936c718cba2 '   itemscope=\"itemscope\" itemtype=\"https:\/\/schema.org\/CreativeWork\" ><div class='avia_textblock'  itemprop=\"text\" ><p>H\u00e4r \u00e4r l\u00e4nkar till sidor d\u00e4r du kan l\u00e4sa mer p\u00e5 temat Orienteringens IT:<\/p>\n<p><a href=\"https:\/\/www.sportident.se\/content\/11-support\" target=\"_blank\" rel=\"noopener noreferrer\">Manualer Sportident (Sportident Config)<\/a><br \/>\n<a href=\"https:\/\/www.youtube.com\/watch?v=icLjPUmCLFk\" target=\"_blank\" rel=\"noopener noreferrer\">Guide Sportident (youtube)<\/a><br \/>\n<a href=\"https:\/\/play.google.com\/store\/apps\/details?id=se.hippsomapp.gpsorientering\" target=\"_blank\" rel=\"noopener noreferrer\">GPS Orientering<\/a><br \/>\n<a href=\"https:\/\/play.google.com\/store\/apps\/details?id=se.joja.sidroid.event.full\" target=\"_blank\" rel=\"noopener noreferrer\">SI-Droid Event<\/a><br \/>\n<a href=\"https:\/\/play.google.com\/store\/apps\/details?id=se.joja.sidroid.roc\" target=\"_blank\" rel=\"noopener noreferrer\">SI-Droid ROC<\/a><\/p>\n<\/div><\/section><\/p><\/div>\n","protected":false},"excerpt":{"rendered":"","protected":false},"author":1,"featured_media":0,"parent":0,"menu_order":0,"comment_status":"closed","ping_status":"closed","template":"","meta":{"footnotes":""},"_links":{"self":[{"href":"https:\/\/klubb.ungoteket.se\/orientering\/wp-json\/wp\/v2\/pages\/132"}],"collection":[{"href":"https:\/\/klubb.ungoteket.se\/orientering\/wp-json\/wp\/v2\/pages"}],"about":[{"href":"https:\/\/klubb.ungoteket.se\/orientering\/wp-json\/wp\/v2\/types\/page"}],"author":[{"embeddable":true,"href":"https:\/\/klubb.ungoteket.se\/orientering\/wp-json\/wp\/v2\/users\/1"}],"replies":[{"embeddable":true,"href":"https:\/\/klubb.ungoteket.se\/orientering\/wp-json\/wp\/v2\/comments?post=132"}],"version-history":[{"count":10,"href":"https:\/\/klubb.ungoteket.se\/orientering\/wp-json\/wp\/v2\/pages\/132\/revisions"}],"predecessor-version":[{"id":5551,"href":"https:\/\/klubb.ungoteket.se\/orientering\/wp-json\/wp\/v2\/pages\/132\/revisions\/5551"}],"wp:attachment":[{"href":"https:\/\/klubb.ungoteket.se\/orientering\/wp-json\/wp\/v2\/media?parent=132"}],"curies":[{"name":"wp","href":"https:\/\/api.w.org\/{rel}","templated":true}]}}