{"id":128,"date":"2017-05-02T20:31:16","date_gmt":"2017-05-02T18:31:16","guid":{"rendered":"https:\/\/klubb.ungoteket.se\/orientering\/?page_id=128"},"modified":"2023-01-21T14:25:11","modified_gmt":"2023-01-21T13:25:11","slug":"ledarskap","status":"publish","type":"page","link":"https:\/\/klubb.ungoteket.se\/orientering\/ledarskap\/","title":{"rendered":"Inneh\u00e5ll &#8211; Ledarskap"},"content":{"rendered":"\n<style type=\"text\/css\" data-created_by=\"avia_inline_auto\" id=\"style-css-av-3im68g-c4f7d46d3775d39f2cb0a331786d5533\">\n.flex_column.av-3im68g-c4f7d46d3775d39f2cb0a331786d5533{\nborder-radius:0px 0px 0px 0px;\npadding:0px 0px 0px 0px;\n}\n<\/style>\n<div  class='flex_column av-3im68g-c4f7d46d3775d39f2cb0a331786d5533 av_one_full  avia-builder-el-0  el_before_av_one_full  avia-builder-el-first  first flex_column_div av-zero-column-padding  '     ><div  class='avia-slideshow av-3ex5nk-87df343f1cd306a79244331a552dc908 avia-slideshow-featured_large av_slideshow avia-slide-slider  avia-builder-el-1  avia-builder-el-no-sibling  av-slideshow-ui av-control-default av-slideshow-manual av-loop-once av-loop-manual-endless av-default-height-applied avia-slideshow-1' data-slideshow-options=\"{&quot;animation&quot;:&quot;slide&quot;,&quot;autoplay&quot;:false,&quot;loop_autoplay&quot;:&quot;once&quot;,&quot;interval&quot;:5,&quot;loop_manual&quot;:&quot;manual-endless&quot;,&quot;autoplay_stopper&quot;:false,&quot;noNavigation&quot;:false,&quot;bg_slider&quot;:false,&quot;keep_padding&quot;:false,&quot;hoverpause&quot;:false,&quot;show_slide_delay&quot;:0}\"  itemprop=\"image\" itemscope=\"itemscope\" itemtype=\"https:\/\/schema.org\/ImageObject\" ><ul class='avia-slideshow-inner ' style='padding-bottom: 42%;'><li  class='avia-slideshow-slide av-3ex5nk-87df343f1cd306a79244331a552dc908__0  av-single-slide slide-1 slide-odd'><div data-rel='slideshow-1' class='avia-slide-wrap '   ><img decoding=\"async\" fetchpriority=\"high\" class=\"wp-image-1368 avia-img-lazy-loading-not-1368\"  src=\"https:\/\/klubb.ungoteket.se\/orientering\/wp-content\/uploads\/sites\/4\/2018\/01\/Ledare-1500x630.jpg\" width=\"1500\" height=\"630\" title='Ledare' alt=''  itemprop=\"thumbnailUrl\"   \/><\/div><\/li><\/ul><div class='av-slideshow-caption av-3ex5nk-87df343f1cd306a79244331a552dc908__0 avia-caption'><div class=\"avia-inner-caption\"><h2 class='avia-caption-title '  itemprop=\"name\" >Ledarskap<\/h2><\/div><\/div><\/div><\/div>\n\n<style type=\"text\/css\" data-created_by=\"avia_inline_auto\" id=\"style-css-av-327vgo-824d1019de60175ddffeaec6f06657dd\">\n.flex_column.av-327vgo-824d1019de60175ddffeaec6f06657dd{\nborder-radius:0px 0px 0px 0px;\npadding:0px 0px 0px 0px;\n}\n<\/style>\n<div  class='flex_column av-327vgo-824d1019de60175ddffeaec6f06657dd av_one_full  avia-builder-el-2  el_after_av_one_full  el_before_av_one_half  first flex_column_div av-zero-column-padding  column-top-margin'     ><section  class='av_textblock_section av-a6sko-7d0613ffe7a4a4b1040fe7a8c3becc04 '   itemscope=\"itemscope\" itemtype=\"https:\/\/schema.org\/CreativeWork\" ><div class='avia_textblock'  itemprop=\"text\" ><p>Du har s\u00e4kerligen tr\u00e4ffat p\u00e5 m\u00e5nga ledare: i skolan, i orienteringen, i andra idrotter och kanske i kompisg\u00e4nget. Vem kan bli ledare och vad g\u00f6r en bra ledare? Att st\u00e4rka en grupps sammanh\u00e5llning och att f\u00e5 alla att utvecklas \u00e4r n\u00e5gra av de viktiga och roliga uppgifter som en ledare har. Med hj\u00e4lp av de h\u00e4r \u00f6vningarna kommer du f\u00e5 med dig m\u00e5nga bra saker till ditt ledarskap!<\/p>\n<\/div><\/section><\/div>\n\n<style type=\"text\/css\" data-created_by=\"avia_inline_auto\" id=\"style-css-av-2r6r60-704f34fd4d96e4a7ab95f70d6da33ec1\">\n.flex_column.av-2r6r60-704f34fd4d96e4a7ab95f70d6da33ec1{\nborder-radius:0px 0px 0px 0px;\npadding:0px 0px 0px 0px;\n}\n<\/style>\n<div  class='flex_column av-2r6r60-704f34fd4d96e4a7ab95f70d6da33ec1 av_one_half  avia-builder-el-4  el_after_av_one_full  el_before_av_one_half  first flex_column_div av-zero-column-padding  column-top-margin'     ><p>\n<style type=\"text\/css\" data-created_by=\"avia_inline_auto\" id=\"style-css-av-2mnd80-ae1c3c210ba477792df5e727378f0f59\">\n#top .av-special-heading.av-2mnd80-ae1c3c210ba477792df5e727378f0f59{\npadding-bottom:10px;\n}\nbody .av-special-heading.av-2mnd80-ae1c3c210ba477792df5e727378f0f59 .av-special-heading-tag .heading-char{\nfont-size:25px;\n}\n.av-special-heading.av-2mnd80-ae1c3c210ba477792df5e727378f0f59 .av-subheading{\nfont-size:15px;\n}\n<\/style>\n<div  class='av-special-heading av-2mnd80-ae1c3c210ba477792df5e727378f0f59 av-special-heading-h3  avia-builder-el-5  el_before_av_textblock  avia-builder-el-first '><h3 class='av-special-heading-tag '  itemprop=\"headline\"  >H\u00e4r f\u00e5r du:<\/h3><div class=\"special-heading-border\"><div class=\"special-heading-inner-border\"><\/div><\/div><\/div><br \/>\n<section  class='av_textblock_section av-2enwgg-0a442e06ca048508c516afbf04897afd '   itemscope=\"itemscope\" itemtype=\"https:\/\/schema.org\/CreativeWork\" ><div class='avia_textblock'  itemprop=\"text\" ><ul>\n<li>Testa att vara ledare<\/li>\n<li>Fundera \u00f6ver varf\u00f6r ledare beh\u00f6vs<\/li>\n<li>Diskutera vad en bra ledare g\u00f6r<\/li>\n<li>Tips till hur du leder en grupp<\/li>\n<li>\u00d6vningar och lekar som \u00e4r bra f\u00f6r att skapa sammanh\u00e5llning<\/li>\n<li>L\u00e4ra dig om hur du som ledare kan kommunicera<\/li>\n<li>Tips till hur du kan ge feedback och hj\u00e4lpa andra att utvecklas<\/li>\n<li>Veta hur du kan l\u00e4ra ut p\u00e5 olika s\u00e4tt<\/li>\n<li>Diskutera olika ledarroller, vilka \u00e4r bra och vilka \u00e4r mindre bra?<\/li>\n<li>Fundera \u00f6ver varf\u00f6r du och andra m\u00e4nniskor idrottar<\/li>\n<li>Veta hur du kan motivera andra<\/li>\n<li>L\u00e4ra dig om hur idrott i Sverige ska vara f\u00f6r barn och ungdomar<\/li>\n<li>Fundera \u00f6ver hur du som ledare skulle ha gjort i olika ledarsituationer<\/li>\n<\/ul>\n<\/div><\/section><\/p><\/div>\n\n<style type=\"text\/css\" data-created_by=\"avia_inline_auto\" id=\"style-css-av-10bbe-79f390ddd3dca466a1b85f77fae2e355\">\n.flex_column.av-10bbe-79f390ddd3dca466a1b85f77fae2e355{\nborder-radius:0px 0px 0px 0px;\npadding:0px 0px 0px 0px;\n}\n<\/style>\n<div  class='flex_column av-10bbe-79f390ddd3dca466a1b85f77fae2e355 av_one_half  avia-builder-el-7  el_after_av_one_half  avia-builder-el-last  flex_column_div av-zero-column-padding  column-top-margin'     ><p>\n<style type=\"text\/css\" data-created_by=\"avia_inline_auto\" id=\"style-css-av-av_heading-afb3dc80b2a2185c52e1bf13e853c2a8\">\n#top .av-special-heading.av-av_heading-afb3dc80b2a2185c52e1bf13e853c2a8{\npadding-bottom:10px;\n}\nbody .av-special-heading.av-av_heading-afb3dc80b2a2185c52e1bf13e853c2a8 .av-special-heading-tag .heading-char{\nfont-size:25px;\n}\n.av-special-heading.av-av_heading-afb3dc80b2a2185c52e1bf13e853c2a8 .av-subheading{\nfont-size:15px;\n}\n<\/style>\n<div  class='av-special-heading av-av_heading-afb3dc80b2a2185c52e1bf13e853c2a8 av-special-heading-h3  avia-builder-el-8  el_before_av_textblock  avia-builder-el-first '><h3 class='av-special-heading-tag '  itemprop=\"headline\"  >\u00d6vningar och material<\/h3><div class=\"special-heading-border\"><div class=\"special-heading-inner-border\"><\/div><\/div><\/div><br \/>\n<section  class='av_textblock_section av-l1hyib9t-c6031010188d64164a168936c718cba2 '   itemscope=\"itemscope\" itemtype=\"https:\/\/schema.org\/CreativeWork\" ><div class='avia_textblock'  itemprop=\"text\" ><p>H\u00e4r \u00e4r \u00f6vningar och material f\u00f6r nerladdning\/utskrift:<\/p>\n<article class=\"article-icon-entry \">\n<div class=\"iconlist_content_wrap\">\n<div class=\"iconlist_content \">\n<p><a href=\"https:\/\/drive.google.com\/file\/d\/1fEVr5cfehR24I5xwsTz9rk4HI5hvCeEX\/view?usp=sharing\">Lektips<\/a><br \/>\n<a href=\"https:\/\/drive.google.com\/file\/d\/1akyQ9qcjsWTaKv4cgYuM2f_aEeodc7fr\/view?usp=sharing\">\u00d6vning 2: Vad g\u00f6r ledaren?<\/a><br \/>\n<a href=\"https:\/\/drive.google.com\/file\/d\/1OSp3S89ACI6a1hvP8TCsM3s74kqtuPMI\/view?usp=sharing\">\u00d6vning 4: Ledarpr\u00f6vningen<\/a><\/p>\n<\/div>\n<\/div>\n<\/article>\n<\/div><\/section><br \/>\n\n<style type=\"text\/css\" data-created_by=\"avia_inline_auto\" id=\"style-css-av-av_heading-ac6259a535d70951173532f8509fec03\">\n#top .av-special-heading.av-av_heading-ac6259a535d70951173532f8509fec03{\npadding-bottom:10px;\n}\nbody .av-special-heading.av-av_heading-ac6259a535d70951173532f8509fec03 .av-special-heading-tag .heading-char{\nfont-size:25px;\n}\n.av-special-heading.av-av_heading-ac6259a535d70951173532f8509fec03 .av-subheading{\nfont-size:15px;\n}\n<\/style>\n<div  class='av-special-heading av-av_heading-ac6259a535d70951173532f8509fec03 av-special-heading-h3  avia-builder-el-10  el_after_av_textblock  el_before_av_textblock '><h3 class='av-special-heading-tag '  itemprop=\"headline\"  >F\u00f6rberedelser inf\u00f6r tr\u00e4ffen<\/h3><div class=\"special-heading-border\"><div class=\"special-heading-inner-border\"><\/div><\/div><\/div><br \/>\n<section  class='av_textblock_section av-l1hyib9t-c6031010188d64164a168936c718cba2 '   itemscope=\"itemscope\" itemtype=\"https:\/\/schema.org\/CreativeWork\" ><div class='avia_textblock'  itemprop=\"text\" ><p>Inf\u00f6r detta utbildningstillf\u00e4lle finns inget material som du i egenskap av deltagare beh\u00f6ver ladda hem.<\/p>\n<p>Inf\u00f6r detta utbildningstillf\u00e4lle skall du som deltagare ta med\u00a0 f\u00f6ljande material:<\/p>\n<ul>\n<li>Dator, om \u00f6vningarna skall g\u00f6ras digitalt.<\/li>\n<li>Penna, sudd och anteckningsblock<\/li>\n<\/ul>\n<\/div><\/section><br \/>\n\n<style type=\"text\/css\" data-created_by=\"avia_inline_auto\" id=\"style-css-av-av_heading-5d45025e13bef88c080d43b6b1778239\">\n#top .av-special-heading.av-av_heading-5d45025e13bef88c080d43b6b1778239{\npadding-bottom:10px;\n}\nbody .av-special-heading.av-av_heading-5d45025e13bef88c080d43b6b1778239 .av-special-heading-tag .heading-char{\nfont-size:25px;\n}\n.av-special-heading.av-av_heading-5d45025e13bef88c080d43b6b1778239 .av-subheading{\nfont-size:15px;\n}\n<\/style>\n<div  class='av-special-heading av-av_heading-5d45025e13bef88c080d43b6b1778239 av-special-heading-h3  avia-builder-el-12  el_after_av_textblock  el_before_av_textblock '><h3 class='av-special-heading-tag '  itemprop=\"headline\"  >L\u00e4s mer<\/h3><div class=\"special-heading-border\"><div class=\"special-heading-inner-border\"><\/div><\/div><\/div><br \/>\n<section  class='av_textblock_section av-l1hyib9t-c6031010188d64164a168936c718cba2 '   itemscope=\"itemscope\" itemtype=\"https:\/\/schema.org\/CreativeWork\" ><div class='avia_textblock'  itemprop=\"text\" ><p>H\u00e4r \u00e4r l\u00e4nkar till sidor d\u00e4r du kan l\u00e4sa mer p\u00e5 temat Idrottsf\u00f6reningen:<\/p>\n<p><a href=\"https:\/\/www.rf.se\/download\/18.7e76e6bd183a68d7b71179c\/1664978259581\/Idrotten%20Vill%20\u2013%20Idrottsr\u00f6relsens%20id\u00e9program.pdf\" target=\"_blank\" rel=\"noopener noreferrer\">Idrotten vill &#8211; Idrottsr\u00f6relsens id\u00e9program<\/a><br \/>\n<a href=\"https:\/\/www.rf.se\/download\/18.7e76e6bd183a68d7b71179d\/1664978259645\/Idrottsr\u00f6relsens%20uppf\u00f6randekod.pdf\">Idrottens uppf\u00f6randekod<\/a><br \/>\n<span data-sheets-value=\"{\" data-sheets-userformat=\"{\" data-sheets-hyperlink=\"https:\/\/www.sisuidrottsbocker.se\/produkt\/idrottens-ledarskap\/\"><a class=\"in-cell-link\" href=\"https:\/\/www.sisuidrottsbocker.se\/produkt\/idrottens-ledarskap\/\" target=\"_blank\" rel=\"noopener noreferrer\">Idrottens ledarskap<\/a><br \/>\n<\/span><span data-sheets-value=\"{\" data-sheets-userformat=\"{\" data-sheets-hyperlink=\"https:\/\/www.sisuidrottsbocker.se\/produkt\/samarbetsovningar\/\"><a class=\"in-cell-link\" href=\"https:\/\/www.sisuidrottsbocker.se\/produkt\/samarbetsovningar\/\" target=\"_blank\" rel=\"noopener noreferrer\">Samarbets\u00f6vningar<\/a><br \/>\n<\/span><span data-sheets-value=\"{\" data-sheets-userformat=\"{\" data-sheets-hyperlink=\"https:\/\/www.sisuidrottsbocker.se\/produkt\/trana-med-roliga-lekar-utomhus\/\"><a class=\"in-cell-link\" href=\"https:\/\/www.sisuidrottsbocker.se\/produkt\/trana-med-roliga-lekar-utomhus\/\" target=\"_blank\" rel=\"noopener noreferrer\">Roliga lekar<\/a><br \/>\n<\/span><span data-sheets-value=\"{\" data-sheets-userformat=\"{\" data-sheets-hyperlink=\"https:\/\/www.sisuidrottsbocker.se\/produkt\/sa-blir-du-varldens-basta-coach\/\"><a class=\"in-cell-link\" href=\"https:\/\/www.sisuidrottsbocker.se\/produkt\/sa-blir-du-varldens-basta-coach\/\" target=\"_blank\" rel=\"noopener noreferrer\">V\u00e4rldens b\u00e4sta coach<\/a><br \/>\n<\/span><span data-sheets-value=\"{\" data-sheets-userformat=\"{\" data-sheets-hyperlink=\"https:\/\/www.sisuidrottsbocker.se\/produkt\/orientera-for-att-lara-sig-trana\/\"><a class=\"in-cell-link\" href=\"https:\/\/www.sisuidrottsbocker.se\/produkt\/orientera-for-att-lara-sig-trana\/\" target=\"_blank\" rel=\"noopener noreferrer\">Orientera \u2013 f\u00f6r att l\u00e4ra sig tr\u00e4na<\/a><br \/>\n<\/span><span data-sheets-value=\"{\" data-sheets-userformat=\"{\" data-sheets-hyperlink=\"https:\/\/www.sisuidrottsbocker.se\/produkt\/orientera-for-att-tavla\/\"><a class=\"in-cell-link\" href=\"https:\/\/www.sisuidrottsbocker.se\/produkt\/orientera-for-att-tavla\/\" target=\"_blank\" rel=\"noopener noreferrer\">Orientera \u2013 f\u00f6r att t\u00e4vla<\/a><br \/>\n<\/span><span data-sheets-value=\"{\" data-sheets-userformat=\"{\" data-sheets-hyperlink=\"https:\/\/www.sisuidrottsbocker.se\/produkt\/orientera-i-skolan\/\"><a class=\"in-cell-link\" href=\"https:\/\/www.sisuidrottsbocker.se\/produkt\/orientera-i-skolan\/\" target=\"_blank\" rel=\"noopener noreferrer\">Orientera i skolan &#8211; Bok<\/a><br \/>\n<\/span><a href=\"https:\/\/utbildning.sisuforlag.se\/orientering\/utbildning\/skola\/orientera-i-skolan\/\">Orientera i skolan &#8211; Webbplats<\/a><br \/>\n<span data-sheets-value=\"{\" data-sheets-userformat=\"{\" data-sheets-hyperlink=\"https:\/\/www.sisuidrottsbocker.se\/produkt\/full-koll-1-fran-gron-till-gul\/\"><a class=\"in-cell-link\" href=\"https:\/\/www.sisuidrottsbocker.se\/produkt\/full-koll-1-fran-gron-till-gul\/\" target=\"_blank\" rel=\"noopener noreferrer\">Full koll 1 \u2013 fr\u00e5n gr\u00f6n till gul<\/a><br \/>\n<\/span><span data-sheets-value=\"{\" data-sheets-userformat=\"{\" data-sheets-hyperlink=\"https:\/\/www.sisuidrottsbocker.se\/produkt\/full-koll-2-fran-orange-till-violett\/\"><a class=\"in-cell-link\" href=\"https:\/\/www.sisuidrottsbocker.se\/produkt\/full-koll-2-fran-orange-till-violett\/\" target=\"_blank\" rel=\"noopener noreferrer\">Full koll 2 \u2013 fr\u00e5n orange till violett<\/a><br \/>\n<\/span><span data-sheets-value=\"{\" data-sheets-userformat=\"{\" data-sheets-hyperlink=\"https:\/\/www.sisuforlag.se\/produkt\/full-koll-3-svart-niva\/\"><a class=\"in-cell-link\" href=\"https:\/\/www.sisuforlag.se\/produkt\/full-koll-3-svart-niva\/\" target=\"_blank\" rel=\"noopener noreferrer\">Full koll 3 &#8211; svart niv\u00e5<\/a><br \/>\n<a href=\"https:\/\/www.orientering.se\/utova-och-folj\/borja-orientera\/orienteringens-grunder\/kartan-och-dess-tecken\/\">S\u00e5 funkar karttecken<\/a><br \/>\n<a class=\"in-cell-link\" href=\"https:\/\/www.sisuidrottsbocker.se\/produkt\/kartteckenmemory\/\" target=\"_blank\" rel=\"noopener noreferrer\">Kartteckenmemory<\/a><br \/>\n<a class=\"in-cell-link\" href=\"https:\/\/www.sisuidrottsbocker.se\/produkt\/kartteckenstafett\/\" target=\"_blank\" rel=\"noopener noreferrer\">Kartteckenstafett<\/a><br \/>\n<a class=\"in-cell-link\" href=\"https:\/\/www.sisuidrottsbocker.se\/produkt\/kontrollmemory\/\" target=\"_blank\" rel=\"noopener noreferrer\">Kontrollmemory<\/a><br \/>\n<\/span><\/p>\n<\/div><\/section><\/p><\/div>\n","protected":false},"excerpt":{"rendered":"","protected":false},"author":1,"featured_media":0,"parent":0,"menu_order":0,"comment_status":"closed","ping_status":"closed","template":"","meta":{"footnotes":""},"_links":{"self":[{"href":"https:\/\/klubb.ungoteket.se\/orientering\/wp-json\/wp\/v2\/pages\/128"}],"collection":[{"href":"https:\/\/klubb.ungoteket.se\/orientering\/wp-json\/wp\/v2\/pages"}],"about":[{"href":"https:\/\/klubb.ungoteket.se\/orientering\/wp-json\/wp\/v2\/types\/page"}],"author":[{"embeddable":true,"href":"https:\/\/klubb.ungoteket.se\/orientering\/wp-json\/wp\/v2\/users\/1"}],"replies":[{"embeddable":true,"href":"https:\/\/klubb.ungoteket.se\/orientering\/wp-json\/wp\/v2\/comments?post=128"}],"version-history":[{"count":11,"href":"https:\/\/klubb.ungoteket.se\/orientering\/wp-json\/wp\/v2\/pages\/128\/revisions"}],"predecessor-version":[{"id":5628,"href":"https:\/\/klubb.ungoteket.se\/orientering\/wp-json\/wp\/v2\/pages\/128\/revisions\/5628"}],"wp:attachment":[{"href":"https:\/\/klubb.ungoteket.se\/orientering\/wp-json\/wp\/v2\/media?parent=128"}],"curies":[{"name":"wp","href":"https:\/\/api.w.org\/{rel}","templated":true}]}}