{"id":126,"date":"2017-05-02T20:30:52","date_gmt":"2017-05-02T18:30:52","guid":{"rendered":"https:\/\/klubb.ungoteket.se\/orientering\/?page_id=126"},"modified":"2022-12-28T09:58:06","modified_gmt":"2022-12-28T08:58:06","slug":"information-kommunikation","status":"publish","type":"page","link":"https:\/\/klubb.ungoteket.se\/orientering\/information-kommunikation\/","title":{"rendered":"Inneh\u00e5ll &#8211; Information &#038; kommunikation"},"content":{"rendered":"\n<style type=\"text\/css\" data-created_by=\"avia_inline_auto\" id=\"style-css-av-2m8dva-fbcdbe7fa4aab08fdf0d04de2f662de7\">\n.flex_column.av-2m8dva-fbcdbe7fa4aab08fdf0d04de2f662de7{\nborder-radius:0px 0px 0px 0px;\npadding:0px 0px 0px 0px;\n}\n<\/style>\n<div  class='flex_column av-2m8dva-fbcdbe7fa4aab08fdf0d04de2f662de7 av_one_full  avia-builder-el-0  el_before_av_one_full  avia-builder-el-first  first flex_column_div av-zero-column-padding  '     ><div  class='avia-slideshow av-2h9kda-269f8c59b11731734d5afb9c4aea4d49 avia-slideshow-featured av_slideshow avia-slide-slider  avia-builder-el-1  avia-builder-el-no-sibling  av-slideshow-ui av-control-default av-slideshow-manual av-loop-once av-loop-manual-endless av-default-height-applied avia-slideshow-1' data-slideshow-options=\"{&quot;animation&quot;:&quot;slide&quot;,&quot;autoplay&quot;:false,&quot;loop_autoplay&quot;:&quot;once&quot;,&quot;interval&quot;:5,&quot;loop_manual&quot;:&quot;manual-endless&quot;,&quot;autoplay_stopper&quot;:false,&quot;noNavigation&quot;:false,&quot;bg_slider&quot;:false,&quot;keep_padding&quot;:false,&quot;hoverpause&quot;:false,&quot;show_slide_delay&quot;:0}\"  itemprop=\"image\" itemscope=\"itemscope\" itemtype=\"https:\/\/schema.org\/ImageObject\" ><ul class='avia-slideshow-inner ' style='padding-bottom: 28.6666666667%;'><li  class='avia-slideshow-slide av-2h9kda-269f8c59b11731734d5afb9c4aea4d49__0  av-single-slide slide-1 slide-odd'><div data-rel='slideshow-1' class='avia-slide-wrap '   ><img decoding=\"async\" fetchpriority=\"high\" class=\"wp-image-301 avia-img-lazy-loading-not-301\"  src=\"https:\/\/klubb.ungoteket.se\/orientering\/wp-content\/uploads\/sites\/4\/2017\/05\/Banl\u00e4ggning-tjejer-1500x430.jpg\" width=\"1500\" height=\"430\" title='' alt=''  itemprop=\"thumbnailUrl\"   \/><\/div><\/li><\/ul><div class='av-slideshow-caption av-2h9kda-269f8c59b11731734d5afb9c4aea4d49__0 avia-caption'><div class=\"avia-inner-caption\"><h2 class='avia-caption-title '  itemprop=\"name\" >Information & kommunikation<\/h2><\/div><\/div><\/div><\/div>\n\n<style type=\"text\/css\" data-created_by=\"avia_inline_auto\" id=\"style-css-av-234v3i-801637dac0a95bcb30510b3614750ab8\">\n.flex_column.av-234v3i-801637dac0a95bcb30510b3614750ab8{\nborder-radius:0px 0px 0px 0px;\npadding:0px 0px 0px 0px;\n}\n<\/style>\n<div  class='flex_column av-234v3i-801637dac0a95bcb30510b3614750ab8 av_one_full  avia-builder-el-2  el_after_av_one_full  el_before_av_one_half  first flex_column_div av-zero-column-padding  column-top-margin'     ><section  class='av_textblock_section av-1wmcyu-b4fe14646782c49e51223db8f492b10b '   itemscope=\"itemscope\" itemtype=\"https:\/\/schema.org\/CreativeWork\" ><div class='avia_textblock'  itemprop=\"text\" ><p>Att skapa en aktivitet \u00e4r en sak, att f\u00e5 m\u00e4nniskor att f\u00e5 reda p\u00e5 att den finns \u00e4r en annan. Hemsida, nyhetsbrev, sociala medier, sms, mail, annonsering och affischer&#8230; H\u00e4r f\u00e5r du l\u00e4ra dig om olika kanaler att informera och kommunicera med och vilka som fungerar b\u00e4st i olika situationer.<\/p>\n<\/div><\/section><\/div>\n\n<style type=\"text\/css\" data-created_by=\"avia_inline_auto\" id=\"style-css-av-1sjywm-3c8fd6b750503817fc5029c2e67d6d43\">\n.flex_column.av-1sjywm-3c8fd6b750503817fc5029c2e67d6d43{\nborder-radius:0px 0px 0px 0px;\npadding:0px 0px 0px 0px;\n}\n<\/style>\n<div  class='flex_column av-1sjywm-3c8fd6b750503817fc5029c2e67d6d43 av_one_half  avia-builder-el-4  el_after_av_one_full  el_before_av_one_half  first flex_column_div av-zero-column-padding  column-top-margin'     ><p>\n<style type=\"text\/css\" data-created_by=\"avia_inline_auto\" id=\"style-css-av-1lcy26-dec2d47764b9f87612edfe481930c9d6\">\n#top .av-special-heading.av-1lcy26-dec2d47764b9f87612edfe481930c9d6{\npadding-bottom:10px;\n}\nbody .av-special-heading.av-1lcy26-dec2d47764b9f87612edfe481930c9d6 .av-special-heading-tag .heading-char{\nfont-size:25px;\n}\n.av-special-heading.av-1lcy26-dec2d47764b9f87612edfe481930c9d6 .av-subheading{\nfont-size:15px;\n}\n<\/style>\n<div  class='av-special-heading av-1lcy26-dec2d47764b9f87612edfe481930c9d6 av-special-heading-h3  avia-builder-el-5  el_before_av_textblock  avia-builder-el-first '><h3 class='av-special-heading-tag '  itemprop=\"headline\"  >H\u00e4r f\u00e5r du:<\/h3><div class=\"special-heading-border\"><div class=\"special-heading-inner-border\"><\/div><\/div><\/div><br \/>\n<section  class='av_textblock_section av-4ve52-b36be6f6040520f008711f6724835e68 '   itemscope=\"itemscope\" itemtype=\"https:\/\/schema.org\/CreativeWork\" ><div class='avia_textblock'  itemprop=\"text\" ><ul>\n<li>L\u00e4ra dig om olika informationskanaler<\/li>\n<li>Ta reda p\u00e5 vilken kanal som fungerar b\u00e4st i olika informationssituationer<\/li>\n<li>Diskutera vilken information som en f\u00f6rening beh\u00f6ver sprida<\/li>\n<li>F\u00e5 tips till marknadsf\u00f6ringen av f\u00f6reningsprojektet<\/li>\n<li>Tr\u00e4na p\u00e5 att skriva nyheter, inbjudan, PM mm.<\/li>\n<li>F\u00e5 tips p\u00e5 hur ni kan kommunicera effektivt i teamet<\/li>\n<li>Uppt\u00e4cka Google Drive<\/li>\n<\/ul>\n<\/div><\/section><\/p><\/div>\n\n<style type=\"text\/css\" data-created_by=\"avia_inline_auto\" id=\"style-css-av-10bbe-79f390ddd3dca466a1b85f77fae2e355\">\n.flex_column.av-10bbe-79f390ddd3dca466a1b85f77fae2e355{\nborder-radius:0px 0px 0px 0px;\npadding:0px 0px 0px 0px;\n}\n<\/style>\n<div  class='flex_column av-10bbe-79f390ddd3dca466a1b85f77fae2e355 av_one_half  avia-builder-el-7  el_after_av_one_half  avia-builder-el-last  flex_column_div av-zero-column-padding  column-top-margin'     ><p>\n<style type=\"text\/css\" data-created_by=\"avia_inline_auto\" id=\"style-css-av-av_heading-afb3dc80b2a2185c52e1bf13e853c2a8\">\n#top .av-special-heading.av-av_heading-afb3dc80b2a2185c52e1bf13e853c2a8{\npadding-bottom:10px;\n}\nbody .av-special-heading.av-av_heading-afb3dc80b2a2185c52e1bf13e853c2a8 .av-special-heading-tag .heading-char{\nfont-size:25px;\n}\n.av-special-heading.av-av_heading-afb3dc80b2a2185c52e1bf13e853c2a8 .av-subheading{\nfont-size:15px;\n}\n<\/style>\n<div  class='av-special-heading av-av_heading-afb3dc80b2a2185c52e1bf13e853c2a8 av-special-heading-h3  avia-builder-el-8  el_before_av_textblock  avia-builder-el-first '><h3 class='av-special-heading-tag '  itemprop=\"headline\"  >\u00d6vningar och material<\/h3><div class=\"special-heading-border\"><div class=\"special-heading-inner-border\"><\/div><\/div><\/div><br \/>\n<section  class='av_textblock_section av-l1hyib9t-c6031010188d64164a168936c718cba2 '   itemscope=\"itemscope\" itemtype=\"https:\/\/schema.org\/CreativeWork\" ><div class='avia_textblock'  itemprop=\"text\" ><p>H\u00e4r \u00e4r \u00f6vningar och material f\u00f6r nedladdning\/utskrift:<br \/>\n<a href=\"https:\/\/docs.google.com\/presentation\/d\/1J6fTOacTlL55wKRlxClfNkB0NRx07-bs\/edit?usp=sharing&#038;ouid=103559110516890225801&#038;rtpof=true&#038;sd=true\">Guide till Google Drive<\/a><br \/>\n<a href=\"https:\/\/docs.google.com\/presentation\/d\/1PeYONLsrPCPKyhqkrXbyCIbVYTN1dLd0\/edit?usp=sharing&#038;ouid=103559110516890225801&#038;rtpof=true&#038;sd=true\">Informations- och kommunikationstips<\/a><br \/>\n<a href=\"https:\/\/docs.google.com\/presentation\/d\/1nK8VHQpEW7KlqZ1gjARLCKElDJmHBWrh\/edit?usp=sharing&#038;ouid=103559110516890225801&#038;rtpof=true&#038;sd=true\">Kanaltips<\/a><br \/>\n<a href=\"https:\/\/docs.google.com\/document\/d\/18MbIiu5DcsjTeIT4XBcQOtvahhy6Gqw_\/edit?usp=sharing&#038;ouid=103559110516890225801&#038;rtpof=true&#038;sd=true\">\u00d6vning 2: Mall f\u00f6r kanalinventering<\/a><\/p>\n<p>H\u00e4r \u00e4r f\u00f6rinspelade filmer\/lektionsdelar som behandlar de teoretiska delarna inom Information och kommunikation. \u201dLektionerna\u201d anv\u00e4nds vid filmbaserat uppl\u00e4gg.<br \/>\n<a href=\"https:\/\/vimeo.com\/782453185\">Film 1 &#8211; Intro<\/a><br \/>\n<a href=\"https:\/\/vimeo.com\/782494144\">Film 2 &#8211; Kanalinventering<\/a><br \/>\n<a href=\"https:\/\/vimeo.com\/782500989\">Film 3 &#8211; Google Drive<\/a><br \/>\n<a href=\"https:\/\/vimeo.com\/782506943\">Film 4 &#8211; V\u00e4lja verktyg<\/a><\/p>\n<\/div><\/section><br \/>\n\n<style type=\"text\/css\" data-created_by=\"avia_inline_auto\" id=\"style-css-av-av_heading-ac6259a535d70951173532f8509fec03\">\n#top .av-special-heading.av-av_heading-ac6259a535d70951173532f8509fec03{\npadding-bottom:10px;\n}\nbody .av-special-heading.av-av_heading-ac6259a535d70951173532f8509fec03 .av-special-heading-tag .heading-char{\nfont-size:25px;\n}\n.av-special-heading.av-av_heading-ac6259a535d70951173532f8509fec03 .av-subheading{\nfont-size:15px;\n}\n<\/style>\n<div  class='av-special-heading av-av_heading-ac6259a535d70951173532f8509fec03 av-special-heading-h3  avia-builder-el-10  el_after_av_textblock  el_before_av_textblock '><h3 class='av-special-heading-tag '  itemprop=\"headline\"  >F\u00f6rberedelser inf\u00f6r tr\u00e4ffen<\/h3><div class=\"special-heading-border\"><div class=\"special-heading-inner-border\"><\/div><\/div><\/div><br \/>\n<section  class='av_textblock_section av-l1hyib9t-c6031010188d64164a168936c718cba2 '   itemscope=\"itemscope\" itemtype=\"https:\/\/schema.org\/CreativeWork\" ><div class='avia_textblock'  itemprop=\"text\" ><p>Inf\u00f6r detta utbildningstillf\u00e4lle finns inget material som du i egenskap av deltagare beh\u00f6ver ladda hem.<\/p>\n<p>Inf\u00f6r detta utbildningstillf\u00e4lle skall du som deltagare ta med\u00a0 f\u00f6ljande material:<\/p>\n<ul>\n<li><span style=\"font-weight: 400;\">Datorer f\u00f6r att g\u00f6ra inbjudningar och om kanalinventeringen g\u00f6rs digitalt.<\/span><\/li>\n<li>Penna, sudd och anteckningsblock<\/li>\n<\/ul>\n<\/div><\/section><br \/>\n\n<style type=\"text\/css\" data-created_by=\"avia_inline_auto\" id=\"style-css-av-av_heading-5d45025e13bef88c080d43b6b1778239\">\n#top .av-special-heading.av-av_heading-5d45025e13bef88c080d43b6b1778239{\npadding-bottom:10px;\n}\nbody .av-special-heading.av-av_heading-5d45025e13bef88c080d43b6b1778239 .av-special-heading-tag .heading-char{\nfont-size:25px;\n}\n.av-special-heading.av-av_heading-5d45025e13bef88c080d43b6b1778239 .av-subheading{\nfont-size:15px;\n}\n<\/style>\n<div  class='av-special-heading av-av_heading-5d45025e13bef88c080d43b6b1778239 av-special-heading-h3  avia-builder-el-12  el_after_av_textblock  el_before_av_textblock '><h3 class='av-special-heading-tag '  itemprop=\"headline\"  >L\u00e4s mer<\/h3><div class=\"special-heading-border\"><div class=\"special-heading-inner-border\"><\/div><\/div><\/div><br \/>\n<section  class='av_textblock_section av-l1hyib9t-c6031010188d64164a168936c718cba2 '   itemscope=\"itemscope\" itemtype=\"https:\/\/schema.org\/CreativeWork\" ><div class='avia_textblock'  itemprop=\"text\" ><p>H\u00e4r \u00e4r l\u00e4nkar till sidor d\u00e4r du kan l\u00e4sa mer p\u00e5 temat Information och kommunikation:<br \/>\n<a href=\"https:\/\/svenskarnaochinternet.se\/rapporter\/\">Svenskarna och internet<\/a><\/p>\n<\/div><\/section><\/p><\/div>\n","protected":false},"excerpt":{"rendered":"","protected":false},"author":1,"featured_media":0,"parent":0,"menu_order":0,"comment_status":"closed","ping_status":"closed","template":"","meta":{"footnotes":""},"_links":{"self":[{"href":"https:\/\/klubb.ungoteket.se\/orientering\/wp-json\/wp\/v2\/pages\/126"}],"collection":[{"href":"https:\/\/klubb.ungoteket.se\/orientering\/wp-json\/wp\/v2\/pages"}],"about":[{"href":"https:\/\/klubb.ungoteket.se\/orientering\/wp-json\/wp\/v2\/types\/page"}],"author":[{"embeddable":true,"href":"https:\/\/klubb.ungoteket.se\/orientering\/wp-json\/wp\/v2\/users\/1"}],"replies":[{"embeddable":true,"href":"https:\/\/klubb.ungoteket.se\/orientering\/wp-json\/wp\/v2\/comments?post=126"}],"version-history":[{"count":14,"href":"https:\/\/klubb.ungoteket.se\/orientering\/wp-json\/wp\/v2\/pages\/126\/revisions"}],"predecessor-version":[{"id":5773,"href":"https:\/\/klubb.ungoteket.se\/orientering\/wp-json\/wp\/v2\/pages\/126\/revisions\/5773"}],"wp:attachment":[{"href":"https:\/\/klubb.ungoteket.se\/orientering\/wp-json\/wp\/v2\/media?parent=126"}],"curies":[{"name":"wp","href":"https:\/\/api.w.org\/{rel}","templated":true}]}}