{"id":124,"date":"2017-05-02T11:43:09","date_gmt":"2017-05-02T09:43:09","guid":{"rendered":"https:\/\/klubb.ungoteket.se\/orientering\/?page_id=124"},"modified":"2024-11-26T10:33:16","modified_gmt":"2024-11-26T09:33:16","slug":"tidigare-argangar","status":"publish","type":"page","link":"https:\/\/klubb.ungoteket.se\/orientering\/tidigare-argangar\/","title":{"rendered":"Tidigare \u00e5rg\u00e5ngar"},"content":{"rendered":"\n<style type=\"text\/css\" data-created_by=\"avia_inline_auto\" id=\"style-css-av-33qyhg-dcd6b79a6e19f0b0444cdd4b8de6f019\">\n.flex_column.av-33qyhg-dcd6b79a6e19f0b0444cdd4b8de6f019{\nborder-radius:0px 0px 0px 0px;\npadding:0px 0px 0px 0px;\n}\n<\/style>\n<div  class='flex_column av-33qyhg-dcd6b79a6e19f0b0444cdd4b8de6f019 av_one_full  avia-builder-el-0  el_before_av_one_half  avia-builder-el-first  first flex_column_div av-zero-column-padding  '     ><div  class='avia-slideshow av-2vxuvw-1848e5f7ed545cb118a69c755edb231e avia-slideshow-featured_large av_slideshow avia-slide-slider  avia-builder-el-1  avia-builder-el-no-sibling  av-slideshow-ui av-control-default av-slideshow-manual av-loop-once av-loop-manual-endless av-default-height-applied avia-slideshow-1' data-slideshow-options=\"{&quot;animation&quot;:&quot;slide&quot;,&quot;autoplay&quot;:false,&quot;loop_autoplay&quot;:&quot;once&quot;,&quot;interval&quot;:5,&quot;loop_manual&quot;:&quot;manual-endless&quot;,&quot;autoplay_stopper&quot;:false,&quot;noNavigation&quot;:false,&quot;bg_slider&quot;:false,&quot;keep_padding&quot;:false,&quot;hoverpause&quot;:false,&quot;show_slide_delay&quot;:0}\"  itemprop=\"image\" itemscope=\"itemscope\" itemtype=\"https:\/\/schema.org\/ImageObject\" ><ul class='avia-slideshow-inner ' style='padding-bottom: 42%;'><li  class='avia-slideshow-slide av-2vxuvw-1848e5f7ed545cb118a69c755edb231e__0  av-single-slide slide-1 slide-odd'><div data-rel='slideshow-1' class='avia-slide-wrap '   ><img decoding=\"async\" fetchpriority=\"high\" class=\"wp-image-1942 avia-img-lazy-loading-not-1942\"  src=\"https:\/\/klubb.ungoteket.se\/orientering\/wp-content\/uploads\/sites\/4\/2018\/06\/Choklad12-1500x630.jpg\" width=\"1500\" height=\"630\" title='Choklad12' alt=''  itemprop=\"thumbnailUrl\"   \/><\/div><\/li><\/ul><div class='av-slideshow-caption av-2vxuvw-1848e5f7ed545cb118a69c755edb231e__0 avia-caption'><div class=\"avia-inner-caption\"><h2 class='avia-caption-title '  itemprop=\"name\" >Tidigare \u00e5rg\u00e5ngar<\/h2><\/div><\/div><\/div><\/div>\n\n<style type=\"text\/css\" data-created_by=\"avia_inline_auto\" id=\"style-css-av-2olpmk-3ff720a95a488acbfd90762cccc38db1\">\n.flex_column.av-2olpmk-3ff720a95a488acbfd90762cccc38db1{\nborder-radius:0px 0px 0px 0px;\npadding:0px 0px 0px 0px;\n}\n<\/style>\n<div  class='flex_column av-2olpmk-3ff720a95a488acbfd90762cccc38db1 av_one_half  avia-builder-el-2  el_after_av_one_full  el_before_av_one_half  first flex_column_div av-zero-column-padding  column-top-margin'     ><section  class='av_textblock_section av-lbwocbzi-87c13354fc61b322bd53bfee4dbf6d38 '   itemscope=\"itemscope\" itemtype=\"https:\/\/schema.org\/CreativeWork\" ><div class='avia_textblock'  itemprop=\"text\" ><h3>Tidigare \u00e5rg\u00e5ngar per \u00e5r<\/h3>\n<\/div><\/section><br \/>\n<div  class='togglecontainer av-lbwohkbg-d99ce617cfc41e89c8e2ca9dcfea7a6c av-minimal-toggle  avia-builder-el-4  el_after_av_textblock  avia-builder-el-last  toggle_close_all' >\n<section class='av_toggle_section av-1kuong-33e2e239078353b6926370a6e76af348'  itemscope=\"itemscope\" itemtype=\"https:\/\/schema.org\/CreativeWork\" ><div role=\"tablist\" class=\"single_toggle\" data-tags=\"{Alla} \"  ><p id='toggle-toggle-id-1' data-fake-id='#toggle-id-1' class='toggler  av-title-above '  itemprop=\"headline\"  role='tab' tabindex='0' aria-controls='toggle-id-1' data-slide-speed=\"200\" data-title=\"Ungoteket 2023-2024\" data-title-open=\"\">Ungoteket 2023-2024<span class=\"toggle_icon\"><span class=\"vert_icon\"><\/span><span class=\"hor_icon\"><\/span><\/span><\/p><div id='toggle-id-1' aria-labelledby='toggle-toggle-id-1' role='region' class='toggle_wrap  av-title-above'  ><div class='toggle_content invers-color '  itemprop=\"text\" ><p><strong><a href=\"https:\/\/klubb.ungoteket.se\/orientering\/ungoteket-dalarna-2023-2024\/\">Ungoteket Dalarna<\/a><br \/>\n<\/strong>F\u00f6r f\u00f6reningar i Dalarna<\/p>\n<p><strong><a href=\"https:\/\/klubb.ungoteket.se\/orientering\/ungoteket-skane\/\">Ungoteket Sk\u00e5ne<\/a><br \/>\n<\/strong>F\u00f6r f\u00f6reningar i Sk\u00e5ne<\/p>\n<p><a href=\"https:\/\/klubb.ungoteket.se\/orientering\/ungoteket-vast-2023-2024\/\"><strong>Ungoteket V\u00e4st<\/strong><\/a><br \/>\nF\u00f6r f\u00f6reningar i Bohusl\u00e4n-Dal, G\u00f6teborg och V\u00e4sterg\u00f6tland<\/p>\n<\/div><\/div><\/div><\/section>\n<section class='av_toggle_section av-jxbec-8a120f5cf05b4d3ed41164307f97c59b'  itemscope=\"itemscope\" itemtype=\"https:\/\/schema.org\/CreativeWork\" ><div role=\"tablist\" class=\"single_toggle\" data-tags=\"{Alla} \"  ><p id='toggle-toggle-id-2' data-fake-id='#toggle-id-2' class='toggler  av-title-above '  itemprop=\"headline\"  role='tab' tabindex='0' aria-controls='toggle-id-2' data-slide-speed=\"200\" data-title=\"Ungoteket 2022-2023\" data-title-open=\"\">Ungoteket 2022-2023<span class=\"toggle_icon\"><span class=\"vert_icon\"><\/span><span class=\"hor_icon\"><\/span><\/span><\/p><div id='toggle-id-2' aria-labelledby='toggle-toggle-id-2' role='region' class='toggle_wrap  av-title-above'  ><div class='toggle_content invers-color '  itemprop=\"text\" ><p><strong><a href=\"https:\/\/klubb.ungoteket.se\/orientering\/ungoteket-skane-2023\/\">Ungoteket Sk\u00e5ne<\/a><br \/>\n<\/strong>F\u00f6r f\u00f6reningar i Sk\u00e5ne<\/p>\n<p><strong><a href=\"https:\/\/klubb.ungoteket.se\/orientering\/ungoteket-vast-2022-2023\/\">Ungoteket V\u00e4st<\/a><br \/>\n<\/strong>F\u00f6r f\u00f6reningar i Bohusl\u00e4n-Dal, G\u00f6teborg och V\u00e4sterg\u00f6tland<\/p>\n<\/div><\/div><\/div><\/section>\n<section class='av_toggle_section av-8ljm4-19969ad813be94d41038bd42f2403f47'  itemscope=\"itemscope\" itemtype=\"https:\/\/schema.org\/CreativeWork\" ><div role=\"tablist\" class=\"single_toggle\" data-tags=\"{Alla} \"  ><p id='toggle-toggle-id-3' data-fake-id='#toggle-id-3' class='toggler  av-title-above '  itemprop=\"headline\"  role='tab' tabindex='0' aria-controls='toggle-id-3' data-slide-speed=\"200\" data-title=\"Ungoteket 2021-2022\" data-title-open=\"\">Ungoteket 2021-2022<span class=\"toggle_icon\"><span class=\"vert_icon\"><\/span><span class=\"hor_icon\"><\/span><\/span><\/p><div id='toggle-id-3' aria-labelledby='toggle-toggle-id-3' role='region' class='toggle_wrap  av-title-above'  ><div class='toggle_content invers-color '  itemprop=\"text\" ><p><strong><a href=\"https:\/\/klubb.ungoteket.se\/orientering\/ungoteket-skane-2021\/\">Ungoteket Sk\u00e5ne<\/a><br \/>\n<\/strong>F\u00f6r f\u00f6reningar i Sk\u00e5ne<\/p>\n<p><strong><a href=\"https:\/\/klubb.ungoteket.se\/orientering\/ungoteket-vast\/\">Ungoteket V\u00e4st<\/a><br \/>\n<\/strong>F\u00f6r f\u00f6reningar i Bohusl\u00e4n-Dal, G\u00f6teborg och V\u00e4sterg\u00f6tland<\/p>\n<\/div><\/div><\/div><\/section>\n<section class='av_toggle_section av-2g6en8-7c3c6262c72d853f511da81380e35402'  itemscope=\"itemscope\" itemtype=\"https:\/\/schema.org\/CreativeWork\" ><div role=\"tablist\" class=\"single_toggle\" data-tags=\"{Alla} \"  ><p id='toggle-toggle-id-4' data-fake-id='#toggle-id-4' class='toggler  av-title-above '  itemprop=\"headline\"  role='tab' tabindex='0' aria-controls='toggle-id-4' data-slide-speed=\"200\" data-title=\"Ungoteket 2020-2021\" data-title-open=\"\">Ungoteket 2020-2021<span class=\"toggle_icon\"><span class=\"vert_icon\"><\/span><span class=\"hor_icon\"><\/span><\/span><\/p><div id='toggle-id-4' aria-labelledby='toggle-toggle-id-4' role='region' class='toggle_wrap  av-title-above'  ><div class='toggle_content invers-color '  itemprop=\"text\" ><div class=\"flex_column av_one_full  flex_column_div av-zero-column-padding first  avia-builder-el-5  el_after_av_one_full  el_before_av_one_full  column-top-margin\">\n<section class=\"av_textblock_section \">\n<div class=\"avia_textblock  \">\n<p><a href=\"https:\/\/klubb.ungoteket.se\/orientering\/ungoteket-blekinge\/\"><strong>Ungoteket Blekinge<\/strong><\/a><br \/>\nF\u00f6r f\u00f6reningar i Bleking<\/p>\n<p><strong><a href=\"https:\/\/klubb.ungoteket.se\/orientering\/ungoteket-vast-2020-2021\/\">Ungoteket V\u00e4st<\/a><\/strong><br \/>\nF\u00f6r f\u00f6reningar i Bohusl\u00e4n-Dal, G\u00f6teborg och V\u00e4sterg\u00f6tland<\/p>\n<\/div>\n<\/section>\n<\/div>\n<div class=\"flex_column av_one_full  flex_column_div av-zero-column-padding first  avia-builder-el-8  el_after_av_one_full  el_before_av_one_full  column-top-margin\">\n<div class=\"av-special-heading av-special-heading-h3    avia-builder-el-9  el_before_av_textblock  avia-builder-el-first  \"><\/div>\n<\/div>\n<\/div><\/div><\/div><\/section>\n<section class='av_toggle_section av-27dk0c-a46c8b908339e0389dba304e109cf9e9'  itemscope=\"itemscope\" itemtype=\"https:\/\/schema.org\/CreativeWork\" ><div role=\"tablist\" class=\"single_toggle\" data-tags=\"{Alla} \"  ><p id='toggle-toggle-id-5' data-fake-id='#toggle-id-5' class='toggler  av-title-above '  itemprop=\"headline\"  role='tab' tabindex='0' aria-controls='toggle-id-5' data-slide-speed=\"200\" data-title=\"Ungoteket 2019-2020\" data-title-open=\"\">Ungoteket 2019-2020<span class=\"toggle_icon\"><span class=\"vert_icon\"><\/span><span class=\"hor_icon\"><\/span><\/span><\/p><div id='toggle-id-5' aria-labelledby='toggle-toggle-id-5' role='region' class='toggle_wrap  av-title-above'  ><div class='toggle_content invers-color '  itemprop=\"text\" ><p><strong><a href=\"https:\/\/klubb.ungoteket.se\/orientering\/ungoteket-skane-2019-2020\/\">Ungoteket Sk\u00e5ne<\/a><br \/>\n<\/strong>F\u00f6r f\u00f6reningar i Sk\u00e5ne<\/p>\n<p><strong><a href=\"https:\/\/klubb.ungoteket.se\/orientering\/ungoteket-stockholm-2020\/\">Ungoteket Stockholm<\/a><br \/>\n<\/strong>F\u00f6r f\u00f6reningar i Stockholm<\/p>\n<p><strong><a href=\"https:\/\/klubb.ungoteket.se\/orientering\/ungoteket-vast-2019-2020\/\">Ungoteket V\u00e4st<\/a><br \/>\n<\/strong>F\u00f6r f\u00f6reningar i Bohusl\u00e4n-Dal, G\u00f6teborg och V\u00e4sterg\u00f6tland<\/p>\n<p><strong><a href=\"https:\/\/klubb.ungoteket.se\/orientering\/ungoteket-orebro\/\">Ungoteket \u00d6rebro<\/a><br \/>\n<\/strong>F\u00f6r f\u00f6reningar i \u00d6rebro<\/p>\n<\/div><\/div><\/div><\/section>\n<section class='av_toggle_section av-21sehw-ed8681f3abf0cd65db4e4a03d57cca90'  itemscope=\"itemscope\" itemtype=\"https:\/\/schema.org\/CreativeWork\" ><div role=\"tablist\" class=\"single_toggle\" data-tags=\"{Alla} \"  ><p id='toggle-toggle-id-6' data-fake-id='#toggle-id-6' class='toggler  av-title-above '  itemprop=\"headline\"  role='tab' tabindex='0' aria-controls='toggle-id-6' data-slide-speed=\"200\" data-title=\"Ungoteket 2018-2019\" data-title-open=\"\">Ungoteket 2018-2019<span class=\"toggle_icon\"><span class=\"vert_icon\"><\/span><span class=\"hor_icon\"><\/span><\/span><\/p><div id='toggle-id-6' aria-labelledby='toggle-toggle-id-6' role='region' class='toggle_wrap  av-title-above'  ><div class='toggle_content invers-color '  itemprop=\"text\" ><p><strong><a href=\"https:\/\/klubb.ungoteket.se\/orientering\/ungoteket-dalarna-2018-2019\/\">Ungoteket Dalarna<\/a><br \/>\n<\/strong>F\u00f6r f\u00f6reningar i Dalarna<\/p>\n<p><strong><a href=\"https:\/\/klubb.ungoteket.se\/orientering\/ungoteket-skane-2018-2019\/\">Ungoteket Sk\u00e5ne<\/a><br \/>\n<\/strong>F\u00f6r f\u00f6reningar i Sk\u00e5ne<\/p>\n<p><strong><a href=\"https:\/\/klubb.ungoteket.se\/orientering\/ungoteket-stockholm-2018-2019\/\">Ungoteket Stockholm<\/a><br \/>\n<\/strong>F\u00f6r f\u00f6reningar i Stockholm<\/p>\n<p><strong><a href=\"https:\/\/klubb.ungoteket.se\/orientering\/ungoteket-vast-2018-2019\/\">Ungoteket V\u00e4st<\/a><br \/>\n<\/strong>F\u00f6r f\u00f6reningar i Bohusl\u00e4n-Dal, G\u00f6teborg och V\u00e4sterg\u00f6tland<\/p>\n<p><strong><a href=\"https:\/\/klubb.ungoteket.se\/orientering\/ungoteket-vasterbotten\/\">Ungoteket V\u00e4sterbotten<\/a><br \/>\n<\/strong>F\u00f6r f\u00f6reningar i V\u00e4sterbotten<\/p>\n<p><strong><a href=\"https:\/\/klubb.ungoteket.se\/orientering\/ungoteket-orebro-2018-2019\/\">Ungoteket \u00d6rebro<\/a><br \/>\n<\/strong>F\u00f6r f\u00f6reningar i \u00d6rebro<\/p>\n<\/div><\/div><\/div><\/section>\n<section class='av_toggle_section av-6yfj0-d95bbcfbd7a112f0a78a7c9ba0a93e37'  itemscope=\"itemscope\" itemtype=\"https:\/\/schema.org\/CreativeWork\" ><div role=\"tablist\" class=\"single_toggle\" data-tags=\"{Alla} \"  ><p id='toggle-toggle-id-7' data-fake-id='#toggle-id-7' class='toggler  av-title-above '  itemprop=\"headline\"  role='tab' tabindex='0' aria-controls='toggle-id-7' data-slide-speed=\"200\" data-title=\"Ungoteket 2017-2018\" data-title-open=\"\">Ungoteket 2017-2018<span class=\"toggle_icon\"><span class=\"vert_icon\"><\/span><span class=\"hor_icon\"><\/span><\/span><\/p><div id='toggle-id-7' aria-labelledby='toggle-toggle-id-7' role='region' class='toggle_wrap  av-title-above'  ><div class='toggle_content invers-color '  itemprop=\"text\" ><p><a href=\"https:\/\/klubb.ungoteket.se\/orientering\/ungoteket-2017-2018-2\/\"><strong>Ungoteket V\u00e4st<\/strong><\/a><br \/>\nF\u00f6r f\u00f6reningar i Bohusl\u00e4n-Dal, G\u00f6teborg och V\u00e4sterg\u00f6tland<\/p>\n<\/div><\/div><\/div><\/section>\n<section class='av_toggle_section av-1rqgek-14ce09aff40d18770e9beb8e33cc34af'  itemscope=\"itemscope\" itemtype=\"https:\/\/schema.org\/CreativeWork\" ><div role=\"tablist\" class=\"single_toggle\" data-tags=\"{Alla} \"  ><p id='toggle-toggle-id-8' data-fake-id='#toggle-id-8' class='toggler  av-title-above '  itemprop=\"headline\"  role='tab' tabindex='0' aria-controls='toggle-id-8' data-slide-speed=\"200\" data-title=\"Ungoteket 2016-2017\" data-title-open=\"\">Ungoteket 2016-2017<span class=\"toggle_icon\"><span class=\"vert_icon\"><\/span><span class=\"hor_icon\"><\/span><\/span><\/p><div id='toggle-id-8' aria-labelledby='toggle-toggle-id-8' role='region' class='toggle_wrap  av-title-above'  ><div class='toggle_content invers-color '  itemprop=\"text\" ><p><a href=\"https:\/\/klubb.ungoteket.se\/orientering\/ungoteket-2016-2017\/\"><strong>Ungoteket V\u00e4st<\/strong><\/a><br \/>\nF\u00f6r f\u00f6reningar i Bohusl\u00e4n-Dal, G\u00f6teborg och V\u00e4sterg\u00f6tland<\/p>\n<\/div><\/div><\/div><\/section>\n<section class='av_toggle_section av-1kuong-f0dc717f6c7f286bcbbd160072a4dd04'  itemscope=\"itemscope\" itemtype=\"https:\/\/schema.org\/CreativeWork\" ><div role=\"tablist\" class=\"single_toggle\" data-tags=\"{Alla} \"  ><p id='toggle-toggle-id-9' data-fake-id='#toggle-id-9' class='toggler  av-title-above '  itemprop=\"headline\"  role='tab' tabindex='0' aria-controls='toggle-id-9' data-slide-speed=\"200\" data-title=\"Ungoteket 2015-2016\" data-title-open=\"\">Ungoteket 2015-2016<span class=\"toggle_icon\"><span class=\"vert_icon\"><\/span><span class=\"hor_icon\"><\/span><\/span><\/p><div id='toggle-id-9' aria-labelledby='toggle-toggle-id-9' role='region' class='toggle_wrap  av-title-above'  ><div class='toggle_content invers-color '  itemprop=\"text\" ><p><a href=\"https:\/\/klubb.ungoteket.se\/orientering\/ungoteket-2015-2016\/\"><strong>Ungoteket V\u00e4st<\/strong><\/a><br \/>\nF\u00f6r f\u00f6reningar i Bohusl\u00e4n-Dal, G\u00f6teborg och V\u00e4sterg\u00f6tland<\/p>\n<\/div><\/div><\/div><\/section>\n<\/div><\/p><\/div>\n<style type=\"text\/css\" data-created_by=\"avia_inline_auto\" id=\"style-css-av-1h0w04-6f3cac3a1b183b9a89451e80df4f0ab1\">\n.flex_column.av-1h0w04-6f3cac3a1b183b9a89451e80df4f0ab1{\nborder-radius:0px 0px 0px 0px;\npadding:0px 0px 0px 0px;\n}\n<\/style>\n<div  class='flex_column av-1h0w04-6f3cac3a1b183b9a89451e80df4f0ab1 av_one_half  avia-builder-el-5  el_after_av_one_half  avia-builder-el-last  flex_column_div av-zero-column-padding  column-top-margin'     ><section  class='av_textblock_section av-lbwocmyn-eec7bf581494849cd1d837533d2c15fb '   itemscope=\"itemscope\" itemtype=\"https:\/\/schema.org\/CreativeWork\" ><div class='avia_textblock'  itemprop=\"text\" ><h3>Tidigare \u00e5rg\u00e5ngar per distrikt och f\u00f6rening<\/h3>\n<\/div><\/section><br \/>\n<div  class='togglecontainer av-lbwolm7n-5d71c38328fcebd6b23677206871955e av-minimal-toggle  avia-builder-el-7  el_after_av_textblock  avia-builder-el-last  toggle_close_all' >\n<section class='av_toggle_section av-16ipt0-9cd485a1adbd84d83b6a321872334713'  itemscope=\"itemscope\" itemtype=\"https:\/\/schema.org\/CreativeWork\" ><div role=\"tablist\" class=\"single_toggle\" data-tags=\"{Alla} \"  ><p id='toggle-toggle-id-10' data-fake-id='#toggle-id-10' class='toggler  av-title-above '  itemprop=\"headline\"  role='tab' tabindex='0' aria-controls='toggle-id-10' data-slide-speed=\"200\" data-title=\"Ungoteket Blekinge\" data-title-open=\"\">Ungoteket Blekinge<span class=\"toggle_icon\"><span class=\"vert_icon\"><\/span><span class=\"hor_icon\"><\/span><\/span><\/p><div id='toggle-id-10' aria-labelledby='toggle-toggle-id-10' role='region' class='toggle_wrap  av-title-above'  ><div class='toggle_content invers-color '  itemprop=\"text\" ><p><a href=\"https:\/\/klubb.ungoteket.se\/orientering\/ungoteket-blekinge\/\"><strong>2020-2021<\/strong><\/a><\/p>\n<\/div><\/div><\/div><\/section>\n<section class='av_toggle_section av-15h91g-8116a57963816723a44220de6857e8f3'  itemscope=\"itemscope\" itemtype=\"https:\/\/schema.org\/CreativeWork\" ><div role=\"tablist\" class=\"single_toggle\" data-tags=\"{Alla} \"  ><p id='toggle-toggle-id-11' data-fake-id='#toggle-id-11' class='toggler  av-title-above '  itemprop=\"headline\"  role='tab' tabindex='0' aria-controls='toggle-id-11' data-slide-speed=\"200\" data-title=\"Ungoteket Dalarna\" data-title-open=\"\">Ungoteket Dalarna<span class=\"toggle_icon\"><span class=\"vert_icon\"><\/span><span class=\"hor_icon\"><\/span><\/span><\/p><div id='toggle-id-11' aria-labelledby='toggle-toggle-id-11' role='region' class='toggle_wrap  av-title-above'  ><div class='toggle_content invers-color '  itemprop=\"text\" ><p><strong><a href=\"https:\/\/klubb.ungoteket.se\/orientering\/ungoteket-dalarna-2023-2024\/\">2023-2024<\/a><\/strong><\/p>\n<p><strong><a href=\"https:\/\/klubb.ungoteket.se\/orientering\/ungoteket-dalarna-2018-2019\/\">2018-2019<\/a><\/strong><\/p>\n<\/div><\/div><\/div><\/section>\n<section class='av_toggle_section av-g80sc-60de4e8a0c839f529c34cb46ad8238f5'  itemscope=\"itemscope\" itemtype=\"https:\/\/schema.org\/CreativeWork\" ><div role=\"tablist\" class=\"single_toggle\" data-tags=\"{Alla} \"  ><p id='toggle-toggle-id-12' data-fake-id='#toggle-id-12' class='toggler  av-title-above '  itemprop=\"headline\"  role='tab' tabindex='0' aria-controls='toggle-id-12' data-slide-speed=\"200\" data-title=\"Ungoteket Sk\u00e5ne\" data-title-open=\"\">Ungoteket Sk\u00e5ne<span class=\"toggle_icon\"><span class=\"vert_icon\"><\/span><span class=\"hor_icon\"><\/span><\/span><\/p><div id='toggle-id-12' aria-labelledby='toggle-toggle-id-12' role='region' class='toggle_wrap  av-title-above'  ><div class='toggle_content invers-color '  itemprop=\"text\" ><p><strong><a href=\"https:\/\/klubb.ungoteket.se\/orientering\/ungoteket-skane\/\">2024<\/a><\/strong><\/p>\n<p><strong><a href=\"https:\/\/klubb.ungoteket.se\/orientering\/ungoteket-skane-2023\/\">2023<\/a><\/strong><\/p>\n<p><strong><a href=\"https:\/\/klubb.ungoteket.se\/orientering\/ungoteket-skane-2021\/\">2020-2021<\/a><\/strong><\/p>\n<p><strong><a href=\"https:\/\/klubb.ungoteket.se\/orientering\/ungoteket-skane-2019-2020\/\">2019-2020<\/a><\/strong><\/p>\n<p><strong><a href=\"https:\/\/klubb.ungoteket.se\/orientering\/ungoteket-skane-2018-2019\/\">2018-2019<\/a><\/strong><\/p>\n<\/div><\/div><\/div><\/section>\n<section class='av_toggle_section av-og7lg-f5d762159490343f4cc0d000fad46e8f'  itemscope=\"itemscope\" itemtype=\"https:\/\/schema.org\/CreativeWork\" ><div role=\"tablist\" class=\"single_toggle\" data-tags=\"{Alla} \"  ><p id='toggle-toggle-id-13' data-fake-id='#toggle-id-13' class='toggler  av-title-above '  itemprop=\"headline\"  role='tab' tabindex='0' aria-controls='toggle-id-13' data-slide-speed=\"200\" data-title=\"Ungoteket Stockholm\" data-title-open=\"\">Ungoteket Stockholm<span class=\"toggle_icon\"><span class=\"vert_icon\"><\/span><span class=\"hor_icon\"><\/span><\/span><\/p><div id='toggle-id-13' aria-labelledby='toggle-toggle-id-13' role='region' class='toggle_wrap  av-title-above'  ><div class='toggle_content invers-color '  itemprop=\"text\" ><p><strong><a href=\"https:\/\/klubb.ungoteket.se\/orientering\/ungoteket-stockholm-2020\/\">2019-2020<\/a><\/strong><\/p>\n<p><strong><a href=\"https:\/\/klubb.ungoteket.se\/orientering\/ungoteket-stockholm-2018-2019\/\">2018-2019<\/a><\/strong><\/p>\n<\/div><\/div><\/div><\/section>\n<section class='av_toggle_section av-971j8-b04af1309d01500285b330ef0897602c'  itemscope=\"itemscope\" itemtype=\"https:\/\/schema.org\/CreativeWork\" ><div role=\"tablist\" class=\"single_toggle\" data-tags=\"{Alla} \"  ><p id='toggle-toggle-id-14' data-fake-id='#toggle-id-14' class='toggler  av-title-above '  itemprop=\"headline\"  role='tab' tabindex='0' aria-controls='toggle-id-14' data-slide-speed=\"200\" data-title=\"Ungoteket V\u00e4st\" data-title-open=\"\">Ungoteket V\u00e4st<span class=\"toggle_icon\"><span class=\"vert_icon\"><\/span><span class=\"hor_icon\"><\/span><\/span><\/p><div id='toggle-id-14' aria-labelledby='toggle-toggle-id-14' role='region' class='toggle_wrap  av-title-above'  ><div class='toggle_content invers-color '  itemprop=\"text\" ><p><strong><a href=\"https:\/\/klubb.ungoteket.se\/orientering\/ungoteket-vast-2023-2024\/\">2023-2024<\/a><\/strong><\/p>\n<p><strong><a href=\"https:\/\/klubb.ungoteket.se\/orientering\/ungoteket-vast-2022-2023\/\">2022-2023<\/a><\/strong><\/p>\n<p><strong><a href=\"https:\/\/klubb.ungoteket.se\/orientering\/ungoteket-vast-2020-2021\/\">2021-2022<\/a><\/strong><\/p>\n<p><strong><a href=\"https:\/\/klubb.ungoteket.se\/orientering\/ungoteket-vast-2020-2021\/\">2020-2021<\/a><\/strong><\/p>\n<p><strong><a href=\"https:\/\/klubb.ungoteket.se\/orientering\/ungoteket-vast-2019-2020\/\">2019-2020<\/a><\/strong><\/p>\n<p><strong><a href=\"https:\/\/klubb.ungoteket.se\/orientering\/ungoteket-vast-2018-2019\/\">2018-2019<\/a><\/strong><\/p>\n<p><a href=\"https:\/\/klubb.ungoteket.se\/orientering\/ungoteket-2017-2018-2\/\"><strong>2017-2018<\/strong><\/a><\/p>\n<p><a href=\"https:\/\/klubb.ungoteket.se\/orientering\/ungoteket-2016-2017\/\"><strong>2016-2017<\/strong><\/a><\/p>\n<p><a href=\"https:\/\/klubb.ungoteket.se\/orientering\/ungoteket-2015-2016\/\"><strong>2015-2016<\/strong><\/a><\/p>\n<\/div><\/div><\/div><\/section>\n<section class='av_toggle_section av-gq9f8-6471cf2276b33d0cf33122d59399d27f'  itemscope=\"itemscope\" itemtype=\"https:\/\/schema.org\/CreativeWork\" ><div role=\"tablist\" class=\"single_toggle\" data-tags=\"{Alla} \"  ><p id='toggle-toggle-id-15' data-fake-id='#toggle-id-15' class='toggler  av-title-above '  itemprop=\"headline\"  role='tab' tabindex='0' aria-controls='toggle-id-15' data-slide-speed=\"200\" data-title=\"Ungoteket V\u00e4sterbotten\" data-title-open=\"\">Ungoteket V\u00e4sterbotten<span class=\"toggle_icon\"><span class=\"vert_icon\"><\/span><span class=\"hor_icon\"><\/span><\/span><\/p><div id='toggle-id-15' aria-labelledby='toggle-toggle-id-15' role='region' class='toggle_wrap  av-title-above'  ><div class='toggle_content invers-color '  itemprop=\"text\" ><p><strong><a href=\"https:\/\/klubb.ungoteket.se\/orientering\/ungoteket-vasterbotten\/\">2018-2019<\/a><\/strong><\/p>\n<\/div><\/div><\/div><\/section>\n<section class='av_toggle_section av-7oepo-caf3582f7a801ace37004bfc59685235'  itemscope=\"itemscope\" itemtype=\"https:\/\/schema.org\/CreativeWork\" ><div role=\"tablist\" class=\"single_toggle\" data-tags=\"{Alla} \"  ><p id='toggle-toggle-id-16' data-fake-id='#toggle-id-16' class='toggler  av-title-above '  itemprop=\"headline\"  role='tab' tabindex='0' aria-controls='toggle-id-16' data-slide-speed=\"200\" data-title=\"Ungoteket \u00d6rebro\" data-title-open=\"\">Ungoteket \u00d6rebro<span class=\"toggle_icon\"><span class=\"vert_icon\"><\/span><span class=\"hor_icon\"><\/span><\/span><\/p><div id='toggle-id-16' aria-labelledby='toggle-toggle-id-16' role='region' class='toggle_wrap  av-title-above'  ><div class='toggle_content invers-color '  itemprop=\"text\" ><p><strong><a href=\"https:\/\/klubb.ungoteket.se\/orientering\/ungoteket-orebro\/\">2019-2020<\/a><\/strong><\/p>\n<p><strong><a href=\"https:\/\/klubb.ungoteket.se\/orientering\/ungoteket-orebro-2018-2019\/\">2018-2019<\/a><\/strong><\/p>\n<\/div><\/div><\/div><\/section>\n<\/div><\/p><\/div><\/p>\n","protected":false},"excerpt":{"rendered":"","protected":false},"author":1,"featured_media":0,"parent":0,"menu_order":0,"comment_status":"closed","ping_status":"closed","template":"","meta":{"footnotes":""},"_links":{"self":[{"href":"https:\/\/klubb.ungoteket.se\/orientering\/wp-json\/wp\/v2\/pages\/124"}],"collection":[{"href":"https:\/\/klubb.ungoteket.se\/orientering\/wp-json\/wp\/v2\/pages"}],"about":[{"href":"https:\/\/klubb.ungoteket.se\/orientering\/wp-json\/wp\/v2\/types\/page"}],"author":[{"embeddable":true,"href":"https:\/\/klubb.ungoteket.se\/orientering\/wp-json\/wp\/v2\/users\/1"}],"replies":[{"embeddable":true,"href":"https:\/\/klubb.ungoteket.se\/orientering\/wp-json\/wp\/v2\/comments?post=124"}],"version-history":[{"count":36,"href":"https:\/\/klubb.ungoteket.se\/orientering\/wp-json\/wp\/v2\/pages\/124\/revisions"}],"predecessor-version":[{"id":5866,"href":"https:\/\/klubb.ungoteket.se\/orientering\/wp-json\/wp\/v2\/pages\/124\/revisions\/5866"}],"wp:attachment":[{"href":"https:\/\/klubb.ungoteket.se\/orientering\/wp-json\/wp\/v2\/media?parent=124"}],"curies":[{"name":"wp","href":"https:\/\/api.w.org\/{rel}","templated":true}]}}